{"id":4351980,"date":"2023-12-06T16:16:32","date_gmt":"2023-12-06T16:16:32","guid":{"rendered":"https:\/\/theinvisiblecollection.com\/?post_type=product&#038;p=4351980"},"modified":"2026-05-08T04:39:03","modified_gmt":"2026-05-08T04:39:03","slug":"garce-dimofski-banquette-mimi","status":"publish","type":"product","link":"https:\/\/theinvisiblecollection.com\/fr\/produit\/garce-dimofski-banquette-mimi\/","title":{"rendered":"Banquette Mimi"},"content":{"rendered":"<p style=\"text-align: justify;\"><span class=\"TextRun Highlight SCXW206033491 BCX8\" lang=\"FR\" xml:lang=\"FR\" data-contrast=\"auto\"><span class=\"NormalTextRun SCXW206033491 BCX8\" data-ccp-parastyle=\"No Spacing\">La Banquette Mimi<\/span><span class=\"NormalTextRun SCXW206033491 BCX8\" data-ccp-parastyle=\"No Spacing\"> incarne une d\u00e9licate harmonie entre rondeur et sym\u00e9trie. Son assise offre une exp\u00e9rience douce et confortable, \u00e9voquant une sensation de d\u00e9licatesse et de d\u00e9tente. Ce mobilier joue habilement avec le contraste des mat\u00e9riaux, mettant en lumi\u00e8re la juxtaposition subtile entre la douceur de l&#8217;assise et la rigueur sym\u00e9trique des pieds. L&#8217;esth\u00e9tique globale de la Banquette Mimi t\u00e9moigne d&#8217;un \u00e9quilibre d\u00e9licat entre des formes organiques accueillantes et des \u00e9l\u00e9ments structur\u00e9s, cr\u00e9ant ainsi un meuble qui s\u00e9duit par sa beaut\u00e9 \u00e9quilibr\u00e9e entre artisanat et savoir haut de gamme.<\/span><\/span><span class=\"EOP SCXW206033491 BCX8\" data-ccp-props=\"{&quot;201341983&quot;:0,&quot;335559739&quot;:0,&quot;335559740&quot;:240}\">\u00a0<\/span><\/p>\n","protected":false},"excerpt":{"rendered":"<p>La Banquette Mimi incarne une d\u00e9licate harmonie entre rondeur et sym\u00e9trie. Son assise offre une exp\u00e9rience douce et confortable, \u00e9voquant une sensation de d\u00e9licatesse et de d\u00e9tente. Ce mobilier joue habilement avec le contraste des mat\u00e9riaux, mettant en lumi\u00e8re la juxtaposition subtile entre la douceur de l&#8217;assise et la rigueur sym\u00e9trique des pieds. L&#8217;esth\u00e9tique globale [&hellip;]<\/p>\n","protected":false},"featured_media":5861289,"template":"","meta":{"_acf_changed":false,"content-type":"","_themeisle_gutenberg_block_has_review":false},"product_brand":[],"product_cat":[12501,8973],"product_tag":[35206],"product_designer":[15857],"comfabric":[35931],"manufacturer":[22038],"reporting_designer":[37464],"samplecomfabric":[35933],"designer_clubroom":[],"class_list":{"0":"post-4351980","1":"product","2":"type-product","3":"status-publish","4":"has-post-thumbnail","6":"product_cat-chambre-a-coucher","7":"product_cat-canapes-lits","8":"product_tag-exclusive-fr","9":"product_designer-garce-dimofski-fr","10":"comfabric-garc-dimofski-samples-approval-fr","11":"manufacturer-garc-dimofski-atelier-so-pedro-da-cova-fr","12":"reporting_designer-garce-dimofski-fr","13":"samplecomfabric-garc-dimofski-samples-approval-fr","15":"first","16":"instock","17":"taxable","18":"shipping-taxable","19":"purchasable","20":"product-type-variable"},"acf":[],"_links":{"self":[{"href":"https:\/\/theinvisiblecollection.com\/fr\/wp-json\/wp\/v2\/product\/4351980","targetHints":{"allow":["GET"]}}],"collection":[{"href":"https:\/\/theinvisiblecollection.com\/fr\/wp-json\/wp\/v2\/product"}],"about":[{"href":"https:\/\/theinvisiblecollection.com\/fr\/wp-json\/wp\/v2\/types\/product"}],"wp:featuredmedia":[{"embeddable":true,"href":"https:\/\/theinvisiblecollection.com\/fr\/wp-json\/wp\/v2\/media\/5861289"}],"wp:attachment":[{"href":"https:\/\/theinvisiblecollection.com\/fr\/wp-json\/wp\/v2\/media?parent=4351980"}],"wp:term":[{"taxonomy":"product_brand","embeddable":true,"href":"https:\/\/theinvisiblecollection.com\/fr\/wp-json\/wp\/v2\/product_brand?post=4351980"},{"taxonomy":"product_cat","embeddable":true,"href":"https:\/\/theinvisiblecollection.com\/fr\/wp-json\/wp\/v2\/product_cat?post=4351980"},{"taxonomy":"product_tag","embeddable":true,"href":"https:\/\/theinvisiblecollection.com\/fr\/wp-json\/wp\/v2\/product_tag?post=4351980"},{"taxonomy":"product_designer","embeddable":true,"href":"https:\/\/theinvisiblecollection.com\/fr\/wp-json\/wp\/v2\/product_designer?post=4351980"},{"taxonomy":"comfabric","embeddable":true,"href":"https:\/\/theinvisiblecollection.com\/fr\/wp-json\/wp\/v2\/comfabric?post=4351980"},{"taxonomy":"manufacturer","embeddable":true,"href":"https:\/\/theinvisiblecollection.com\/fr\/wp-json\/wp\/v2\/manufacturer?post=4351980"},{"taxonomy":"reporting_designer","embeddable":true,"href":"https:\/\/theinvisiblecollection.com\/fr\/wp-json\/wp\/v2\/reporting_designer?post=4351980"},{"taxonomy":"samplecomfabric","embeddable":true,"href":"https:\/\/theinvisiblecollection.com\/fr\/wp-json\/wp\/v2\/samplecomfabric?post=4351980"},{"taxonomy":"clubroom_product_designer","embeddable":true,"href":"https:\/\/theinvisiblecollection.com\/fr\/wp-json\/wp\/v2\/designer_clubroom?post=4351980"}],"curies":[{"name":"wp","href":"https:\/\/api.w.org\/{rel}","templated":true}]}}