{"id":43543,"date":"2021-05-15T16:33:01","date_gmt":"2021-05-15T15:33:01","guid":{"rendered":"https:\/\/www.theinvisiblecollection.com\/?post_type=product&#038;p=43543"},"modified":"2026-05-08T04:40:54","modified_gmt":"2026-05-08T04:40:54","slug":"pierre-augustin-rose-confident-sofa","status":"publish","type":"product","link":"https:\/\/theinvisiblecollection.com\/fr\/produit\/pierre-augustin-rose-confident-sofa\/","title":{"rendered":"Canap\u00e9 Confident"},"content":{"rendered":"","protected":false},"excerpt":{"rendered":"<p>Canap\u00e9 photographi\u00e9 ici en tissu Pierre Frey Teddy Mohair, couleur nacre<br \/>\n<span style=\"text-decoration: underline;\"><a href=\"https:\/\/theinvisiblecollection.com\/wp-content\/uploads\/2022\/02\/TheInvisibleCollection_PierreAugustinRose_PierreFrey_FabricSelection_compressed-compresse.pdf\" target=\"_blank\" rel=\"noopener noreferrer\">D\u00e9couvrez la s\u00e9lection de tissus Pierre Frey<\/a><\/span><br \/>\n\u00c9galement disponible en blanc sans tissu<br \/>\nPieds en ch\u00eane peints en noir<\/p>\n<p>L 270 x l 100 x H 76 cm<br \/>\nHauteur d\u2019assise : 42 cm<br \/>\nTissu requis : 11 m<\/p>\n<p>Fabriqu\u00e9 \u00e0 la main en Europe<br \/>\nD\u00e9lais de production : 12 &#8211; 14 semaines<\/p>\n<p><span style=\"text-decoration: underline;\"><a href=\"https:\/\/www.theinvisiblecollection.com\/fr\/demande-de-devis\/?product_id=43543\" target=\"_blank\" rel=\"noopener\">Contactez-nous pour toute demande de devis ou de renseignement<\/a><\/span><\/p>\n","protected":false},"featured_media":4428785,"template":"","meta":{"_acf_changed":false,"content-type":"","_themeisle_gutenberg_block_has_review":false},"product_brand":[],"product_cat":[8976,12499],"product_tag":[9409,9483,9776,9783,11349,14926,31477,35206,8942,9217],"product_designer":[8908],"comfabric":[29018],"manufacturer":[16828],"reporting_designer":[37608],"samplecomfabric":[30018],"designer_clubroom":[],"class_list":{"0":"post-43543","1":"product","2":"type-product","3":"status-publish","4":"has-post-thumbnail","6":"product_cat-canapes","7":"product_cat-assises","8":"product_tag-pierre-augustin-rose-fr-2","9":"product_tag-mohair-fr","10":"product_tag-pierre-frey-fr","11":"product_tag-confident-fr","12":"product_tag-pierre-augustine-rose-fr","13":"product_tag-hplstfav-fr","14":"product_tag-st-curvy-fr","15":"product_tag-exclusive-fr","16":"product_tag-assise","17":"product_tag-velours","18":"pa_fabric-en-blanc-sans-tissu-fr","19":"pa_fabric-pierre-frey-angkor-fr","20":"pa_fabric-pierre-frey-arsene-fr","21":"pa_fabric-pierre-frey-loft-fr","22":"pa_fabric-pierre-frey-tissu-louison","23":"pa_fabric-pierre-frey-opio-fr","24":"pa_fabric-pierre-frey-valreas-fr","25":"pa_fabric-pierre-frey-teddy-mohair-fr","26":"product_designer-pierre-augustin-rose-fr","27":"comfabric-pierre-augustin-rose-fr","28":"manufacturer-charvin-logistics-saint-ouen-la-ex-egetra-fr","29":"reporting_designer-pierre-augustin-rose","30":"samplecomfabric-pierre-augustin-rose-fr","32":"first","33":"instock","34":"featured","35":"taxable","36":"shipping-taxable","37":"purchasable","38":"product-type-variable"},"acf":[],"_links":{"self":[{"href":"https:\/\/theinvisiblecollection.com\/fr\/wp-json\/wp\/v2\/product\/43543","targetHints":{"allow":["GET"]}}],"collection":[{"href":"https:\/\/theinvisiblecollection.com\/fr\/wp-json\/wp\/v2\/product"}],"about":[{"href":"https:\/\/theinvisiblecollection.com\/fr\/wp-json\/wp\/v2\/types\/product"}],"wp:featuredmedia":[{"embeddable":true,"href":"https:\/\/theinvisiblecollection.com\/fr\/wp-json\/wp\/v2\/media\/4428785"}],"wp:attachment":[{"href":"https:\/\/theinvisiblecollection.com\/fr\/wp-json\/wp\/v2\/media?parent=43543"}],"wp:term":[{"taxonomy":"product_brand","embeddable":true,"href":"https:\/\/theinvisiblecollection.com\/fr\/wp-json\/wp\/v2\/product_brand?post=43543"},{"taxonomy":"product_cat","embeddable":true,"href":"https:\/\/theinvisiblecollection.com\/fr\/wp-json\/wp\/v2\/product_cat?post=43543"},{"taxonomy":"product_tag","embeddable":true,"href":"https:\/\/theinvisiblecollection.com\/fr\/wp-json\/wp\/v2\/product_tag?post=43543"},{"taxonomy":"product_designer","embeddable":true,"href":"https:\/\/theinvisiblecollection.com\/fr\/wp-json\/wp\/v2\/product_designer?post=43543"},{"taxonomy":"comfabric","embeddable":true,"href":"https:\/\/theinvisiblecollection.com\/fr\/wp-json\/wp\/v2\/comfabric?post=43543"},{"taxonomy":"manufacturer","embeddable":true,"href":"https:\/\/theinvisiblecollection.com\/fr\/wp-json\/wp\/v2\/manufacturer?post=43543"},{"taxonomy":"reporting_designer","embeddable":true,"href":"https:\/\/theinvisiblecollection.com\/fr\/wp-json\/wp\/v2\/reporting_designer?post=43543"},{"taxonomy":"samplecomfabric","embeddable":true,"href":"https:\/\/theinvisiblecollection.com\/fr\/wp-json\/wp\/v2\/samplecomfabric?post=43543"},{"taxonomy":"clubroom_product_designer","embeddable":true,"href":"https:\/\/theinvisiblecollection.com\/fr\/wp-json\/wp\/v2\/designer_clubroom?post=43543"}],"curies":[{"name":"wp","href":"https:\/\/api.w.org\/{rel}","templated":true}]}}