{"id":4359312,"date":"2023-12-07T15:46:54","date_gmt":"2023-12-07T15:46:54","guid":{"rendered":"https:\/\/theinvisiblecollection.com\/?post_type=product&#038;p=4359312"},"modified":"2026-05-01T07:37:49","modified_gmt":"2026-05-01T07:37:49","slug":"sebastein-caporusso-table-nenu","status":"publish","type":"product","link":"https:\/\/theinvisiblecollection.com\/fr\/produit\/sebastein-caporusso-table-nenu\/","title":{"rendered":"Table Nenu"},"content":{"rendered":"<p style=\"text-align: justify;\">La table Nenu de S\u00e9bastien Caporusso est fabriqu\u00e9e en b\u00e9ton moul\u00e9 massif avec des formes douces, arrondies et g\u00e9n\u00e9reuses. Elle comporte une feuille de marbre d\u00e9coup\u00e9e en diff\u00e9rentes tailles et formes, lui offrant un caract\u00e8re unique rappelant un n\u00e9nuphar flottant sur l&#8217;eau.<\/p>\n","protected":false},"excerpt":{"rendered":"<p>La table Nenu de S\u00e9bastien Caporusso est fabriqu\u00e9e en b\u00e9ton moul\u00e9 massif avec des formes douces, arrondies et g\u00e9n\u00e9reuses. Elle comporte une feuille de marbre d\u00e9coup\u00e9e en diff\u00e9rentes tailles et formes, lui offrant un caract\u00e8re unique rappelant un n\u00e9nuphar flottant sur l&#8217;eau.<\/p>\n","protected":false},"featured_media":4359296,"template":"","meta":{"_acf_changed":false,"content-type":"","_themeisle_gutenberg_block_has_review":false},"product_brand":[],"product_cat":[12332,12503],"product_tag":[31474,31477,33319],"product_designer":[26390],"comfabric":[],"manufacturer":[26388],"reporting_designer":[37258],"samplecomfabric":[],"designer_clubroom":[],"class_list":{"0":"post-4359312","1":"product","2":"type-product","3":"status-publish","4":"has-post-thumbnail","6":"product_cat-tables-dappoint","7":"product_cat-tables-fr","8":"product_tag-co-white-fr","9":"product_tag-st-curvy-fr","10":"product_tag-edition-limitee","11":"product_designer-sbastien-caporusso-fr","12":"manufacturer-sbastien-caporusso-fr","13":"reporting_designer-sbastien-caporusso","15":"first","16":"instock","17":"taxable","18":"shipping-taxable","19":"purchasable","20":"product-type-variable"},"acf":[],"_links":{"self":[{"href":"https:\/\/theinvisiblecollection.com\/fr\/wp-json\/wp\/v2\/product\/4359312","targetHints":{"allow":["GET"]}}],"collection":[{"href":"https:\/\/theinvisiblecollection.com\/fr\/wp-json\/wp\/v2\/product"}],"about":[{"href":"https:\/\/theinvisiblecollection.com\/fr\/wp-json\/wp\/v2\/types\/product"}],"wp:featuredmedia":[{"embeddable":true,"href":"https:\/\/theinvisiblecollection.com\/fr\/wp-json\/wp\/v2\/media\/4359296"}],"wp:attachment":[{"href":"https:\/\/theinvisiblecollection.com\/fr\/wp-json\/wp\/v2\/media?parent=4359312"}],"wp:term":[{"taxonomy":"product_brand","embeddable":true,"href":"https:\/\/theinvisiblecollection.com\/fr\/wp-json\/wp\/v2\/product_brand?post=4359312"},{"taxonomy":"product_cat","embeddable":true,"href":"https:\/\/theinvisiblecollection.com\/fr\/wp-json\/wp\/v2\/product_cat?post=4359312"},{"taxonomy":"product_tag","embeddable":true,"href":"https:\/\/theinvisiblecollection.com\/fr\/wp-json\/wp\/v2\/product_tag?post=4359312"},{"taxonomy":"product_designer","embeddable":true,"href":"https:\/\/theinvisiblecollection.com\/fr\/wp-json\/wp\/v2\/product_designer?post=4359312"},{"taxonomy":"comfabric","embeddable":true,"href":"https:\/\/theinvisiblecollection.com\/fr\/wp-json\/wp\/v2\/comfabric?post=4359312"},{"taxonomy":"manufacturer","embeddable":true,"href":"https:\/\/theinvisiblecollection.com\/fr\/wp-json\/wp\/v2\/manufacturer?post=4359312"},{"taxonomy":"reporting_designer","embeddable":true,"href":"https:\/\/theinvisiblecollection.com\/fr\/wp-json\/wp\/v2\/reporting_designer?post=4359312"},{"taxonomy":"samplecomfabric","embeddable":true,"href":"https:\/\/theinvisiblecollection.com\/fr\/wp-json\/wp\/v2\/samplecomfabric?post=4359312"},{"taxonomy":"clubroom_product_designer","embeddable":true,"href":"https:\/\/theinvisiblecollection.com\/fr\/wp-json\/wp\/v2\/designer_clubroom?post=4359312"}],"curies":[{"name":"wp","href":"https:\/\/api.w.org\/{rel}","templated":true}]}}