{"id":4359322,"date":"2023-12-07T10:14:32","date_gmt":"2023-12-07T10:14:32","guid":{"rendered":"https:\/\/theinvisiblecollection.com\/?post_type=product&#038;p=4359322"},"modified":"2026-05-01T07:37:49","modified_gmt":"2026-05-01T07:37:49","slug":"sebastein-caporusso-table-pph","status":"publish","type":"product","link":"https:\/\/theinvisiblecollection.com\/fr\/produit\/sebastein-caporusso-table-pph\/","title":{"rendered":"Table PPH"},"content":{"rendered":"<p style=\"text-align: justify;\">La table PPh de S\u00e9bastien Caporusso est une table de salle \u00e0 manger de forme organique disponible dans diff\u00e9rentes essences de bois, formes et dimensions sur demande.<\/p>\n","protected":false},"excerpt":{"rendered":"<p>La table PPh de S\u00e9bastien Caporusso est une table de salle \u00e0 manger de forme organique disponible dans diff\u00e9rentes essences de bois, formes et dimensions sur demande.<\/p>\n","protected":false},"featured_media":4359331,"template":"","meta":{"_acf_changed":false,"content-type":"","_themeisle_gutenberg_block_has_review":false},"product_brand":[],"product_cat":[8977,12503],"product_tag":[31477],"product_designer":[26390],"comfabric":[],"manufacturer":[26388],"reporting_designer":[37258],"samplecomfabric":[],"designer_clubroom":[],"class_list":{"0":"post-4359322","1":"product","2":"type-product","3":"status-publish","4":"has-post-thumbnail","6":"product_cat-tables-salle-a-manger","7":"product_cat-tables-fr","8":"product_tag-st-curvy-fr","9":"product_designer-sbastien-caporusso-fr","10":"manufacturer-sbastien-caporusso-fr","11":"reporting_designer-sbastien-caporusso","13":"first","14":"instock","15":"taxable","16":"shipping-taxable","17":"purchasable","18":"product-type-simple"},"acf":[],"_links":{"self":[{"href":"https:\/\/theinvisiblecollection.com\/fr\/wp-json\/wp\/v2\/product\/4359322","targetHints":{"allow":["GET"]}}],"collection":[{"href":"https:\/\/theinvisiblecollection.com\/fr\/wp-json\/wp\/v2\/product"}],"about":[{"href":"https:\/\/theinvisiblecollection.com\/fr\/wp-json\/wp\/v2\/types\/product"}],"wp:featuredmedia":[{"embeddable":true,"href":"https:\/\/theinvisiblecollection.com\/fr\/wp-json\/wp\/v2\/media\/4359331"}],"wp:attachment":[{"href":"https:\/\/theinvisiblecollection.com\/fr\/wp-json\/wp\/v2\/media?parent=4359322"}],"wp:term":[{"taxonomy":"product_brand","embeddable":true,"href":"https:\/\/theinvisiblecollection.com\/fr\/wp-json\/wp\/v2\/product_brand?post=4359322"},{"taxonomy":"product_cat","embeddable":true,"href":"https:\/\/theinvisiblecollection.com\/fr\/wp-json\/wp\/v2\/product_cat?post=4359322"},{"taxonomy":"product_tag","embeddable":true,"href":"https:\/\/theinvisiblecollection.com\/fr\/wp-json\/wp\/v2\/product_tag?post=4359322"},{"taxonomy":"product_designer","embeddable":true,"href":"https:\/\/theinvisiblecollection.com\/fr\/wp-json\/wp\/v2\/product_designer?post=4359322"},{"taxonomy":"comfabric","embeddable":true,"href":"https:\/\/theinvisiblecollection.com\/fr\/wp-json\/wp\/v2\/comfabric?post=4359322"},{"taxonomy":"manufacturer","embeddable":true,"href":"https:\/\/theinvisiblecollection.com\/fr\/wp-json\/wp\/v2\/manufacturer?post=4359322"},{"taxonomy":"reporting_designer","embeddable":true,"href":"https:\/\/theinvisiblecollection.com\/fr\/wp-json\/wp\/v2\/reporting_designer?post=4359322"},{"taxonomy":"samplecomfabric","embeddable":true,"href":"https:\/\/theinvisiblecollection.com\/fr\/wp-json\/wp\/v2\/samplecomfabric?post=4359322"},{"taxonomy":"clubroom_product_designer","embeddable":true,"href":"https:\/\/theinvisiblecollection.com\/fr\/wp-json\/wp\/v2\/designer_clubroom?post=4359322"}],"curies":[{"name":"wp","href":"https:\/\/api.w.org\/{rel}","templated":true}]}}