{"id":4359350,"date":"2024-02-20T09:52:16","date_gmt":"2024-02-20T09:52:16","guid":{"rendered":"https:\/\/theinvisiblecollection.com\/?post_type=product&#038;p=4359350"},"modified":"2026-05-01T07:37:49","modified_gmt":"2026-05-01T07:37:49","slug":"sebastien-caporusso-chaise-arles","status":"publish","type":"product","link":"https:\/\/theinvisiblecollection.com\/fr\/produit\/sebastien-caporusso-chaise-arles\/","title":{"rendered":"Chaise Arles"},"content":{"rendered":"<p style=\"text-align: justify;\">La Chaise Arles de S\u00e9bastien Caporusso est un fauteuil d&#8217;appoint en bois massif, soutenu par un pi\u00e9tement tripode en forme d&#8217;arcs et surmont\u00e9 d&#8217;une feuille de cuir.<\/p>\n","protected":false},"excerpt":{"rendered":"<p>La Chaise Arles de S\u00e9bastien Caporusso est un fauteuil d&#8217;appoint en bois massif, soutenu par un pi\u00e9tement tripode en forme d&#8217;arcs et surmont\u00e9 d&#8217;une feuille de cuir.<\/p>\n","protected":false},"featured_media":4359378,"template":"","meta":{"_acf_changed":false,"content-type":"","_themeisle_gutenberg_block_has_review":false},"product_brand":[],"product_cat":[8962,12499],"product_tag":[14925,31477,35326],"product_designer":[26390],"comfabric":[],"manufacturer":[26388],"reporting_designer":[37258],"samplecomfabric":[],"designer_clubroom":[],"class_list":{"0":"post-4359350","1":"product","2":"type-product","3":"status-publish","4":"has-post-thumbnail","6":"product_cat-chaises","7":"product_cat-assises","8":"product_tag-hpfav-fr","9":"product_tag-st-curvy-fr","10":"product_tag-st-scandinavian-fr","11":"product_designer-sbastien-caporusso-fr","12":"manufacturer-sbastien-caporusso-fr","13":"reporting_designer-sbastien-caporusso","15":"first","16":"instock","17":"taxable","18":"shipping-taxable","19":"purchasable","20":"product-type-simple"},"acf":[],"_links":{"self":[{"href":"https:\/\/theinvisiblecollection.com\/fr\/wp-json\/wp\/v2\/product\/4359350","targetHints":{"allow":["GET"]}}],"collection":[{"href":"https:\/\/theinvisiblecollection.com\/fr\/wp-json\/wp\/v2\/product"}],"about":[{"href":"https:\/\/theinvisiblecollection.com\/fr\/wp-json\/wp\/v2\/types\/product"}],"wp:featuredmedia":[{"embeddable":true,"href":"https:\/\/theinvisiblecollection.com\/fr\/wp-json\/wp\/v2\/media\/4359378"}],"wp:attachment":[{"href":"https:\/\/theinvisiblecollection.com\/fr\/wp-json\/wp\/v2\/media?parent=4359350"}],"wp:term":[{"taxonomy":"product_brand","embeddable":true,"href":"https:\/\/theinvisiblecollection.com\/fr\/wp-json\/wp\/v2\/product_brand?post=4359350"},{"taxonomy":"product_cat","embeddable":true,"href":"https:\/\/theinvisiblecollection.com\/fr\/wp-json\/wp\/v2\/product_cat?post=4359350"},{"taxonomy":"product_tag","embeddable":true,"href":"https:\/\/theinvisiblecollection.com\/fr\/wp-json\/wp\/v2\/product_tag?post=4359350"},{"taxonomy":"product_designer","embeddable":true,"href":"https:\/\/theinvisiblecollection.com\/fr\/wp-json\/wp\/v2\/product_designer?post=4359350"},{"taxonomy":"comfabric","embeddable":true,"href":"https:\/\/theinvisiblecollection.com\/fr\/wp-json\/wp\/v2\/comfabric?post=4359350"},{"taxonomy":"manufacturer","embeddable":true,"href":"https:\/\/theinvisiblecollection.com\/fr\/wp-json\/wp\/v2\/manufacturer?post=4359350"},{"taxonomy":"reporting_designer","embeddable":true,"href":"https:\/\/theinvisiblecollection.com\/fr\/wp-json\/wp\/v2\/reporting_designer?post=4359350"},{"taxonomy":"samplecomfabric","embeddable":true,"href":"https:\/\/theinvisiblecollection.com\/fr\/wp-json\/wp\/v2\/samplecomfabric?post=4359350"},{"taxonomy":"clubroom_product_designer","embeddable":true,"href":"https:\/\/theinvisiblecollection.com\/fr\/wp-json\/wp\/v2\/designer_clubroom?post=4359350"}],"curies":[{"name":"wp","href":"https:\/\/api.w.org\/{rel}","templated":true}]}}