{"id":4359414,"date":"2023-12-07T10:53:14","date_gmt":"2023-12-07T10:53:14","guid":{"rendered":"https:\/\/theinvisiblecollection.com\/?post_type=product&#038;p=4359414"},"modified":"2026-05-01T07:37:49","modified_gmt":"2026-05-01T07:37:49","slug":"sebastien-caporusso-console-murale-icarus","status":"publish","type":"product","link":"https:\/\/theinvisiblecollection.com\/fr\/produit\/sebastien-caporusso-console-murale-icarus\/","title":{"rendered":"Console Murale Icarus"},"content":{"rendered":"<p style=\"text-align: justify;\">La console murale Icarus de S\u00e9bastien Caporusso est une \u00e9tag\u00e8re murale sculpturale aux formes libres, compos\u00e9e d&#8217;un \u00e9l\u00e9ment en ch\u00eane massif aux formes arrondies, semblant flotter sur la partie inf\u00e9rieure. Sa partie sup\u00e9rieure est fix\u00e9e au mur et se connecte \u00e0 un bloc de marbre, cr\u00e9ant un contraste entre les deux mat\u00e9riaux.<\/p>\n","protected":false},"excerpt":{"rendered":"<p>La console murale Icarus de S\u00e9bastien Caporusso est une \u00e9tag\u00e8re murale sculpturale aux formes libres, compos\u00e9e d&#8217;un \u00e9l\u00e9ment en ch\u00eane massif aux formes arrondies, semblant flotter sur la partie inf\u00e9rieure. Sa partie sup\u00e9rieure est fix\u00e9e au mur et se connecte \u00e0 un bloc de marbre, cr\u00e9ant un contraste entre les deux mat\u00e9riaux.<\/p>\n","protected":false},"featured_media":4359418,"template":"","meta":{"_acf_changed":false,"content-type":"","_themeisle_gutenberg_block_has_review":false},"product_brand":[],"product_cat":[7675,12503],"product_tag":[31477,35326],"product_designer":[26390],"comfabric":[],"manufacturer":[26388],"reporting_designer":[37258],"samplecomfabric":[],"designer_clubroom":[],"class_list":{"0":"post-4359414","1":"product","2":"type-product","3":"status-publish","4":"has-post-thumbnail","6":"product_cat-consoles-fr","7":"product_cat-tables-fr","8":"product_tag-st-curvy-fr","9":"product_tag-st-scandinavian-fr","10":"product_designer-sbastien-caporusso-fr","11":"manufacturer-sbastien-caporusso-fr","12":"reporting_designer-sbastien-caporusso","14":"first","15":"instock","16":"taxable","17":"shipping-taxable","18":"purchasable","19":"product-type-simple"},"acf":[],"_links":{"self":[{"href":"https:\/\/theinvisiblecollection.com\/fr\/wp-json\/wp\/v2\/product\/4359414","targetHints":{"allow":["GET"]}}],"collection":[{"href":"https:\/\/theinvisiblecollection.com\/fr\/wp-json\/wp\/v2\/product"}],"about":[{"href":"https:\/\/theinvisiblecollection.com\/fr\/wp-json\/wp\/v2\/types\/product"}],"wp:featuredmedia":[{"embeddable":true,"href":"https:\/\/theinvisiblecollection.com\/fr\/wp-json\/wp\/v2\/media\/4359418"}],"wp:attachment":[{"href":"https:\/\/theinvisiblecollection.com\/fr\/wp-json\/wp\/v2\/media?parent=4359414"}],"wp:term":[{"taxonomy":"product_brand","embeddable":true,"href":"https:\/\/theinvisiblecollection.com\/fr\/wp-json\/wp\/v2\/product_brand?post=4359414"},{"taxonomy":"product_cat","embeddable":true,"href":"https:\/\/theinvisiblecollection.com\/fr\/wp-json\/wp\/v2\/product_cat?post=4359414"},{"taxonomy":"product_tag","embeddable":true,"href":"https:\/\/theinvisiblecollection.com\/fr\/wp-json\/wp\/v2\/product_tag?post=4359414"},{"taxonomy":"product_designer","embeddable":true,"href":"https:\/\/theinvisiblecollection.com\/fr\/wp-json\/wp\/v2\/product_designer?post=4359414"},{"taxonomy":"comfabric","embeddable":true,"href":"https:\/\/theinvisiblecollection.com\/fr\/wp-json\/wp\/v2\/comfabric?post=4359414"},{"taxonomy":"manufacturer","embeddable":true,"href":"https:\/\/theinvisiblecollection.com\/fr\/wp-json\/wp\/v2\/manufacturer?post=4359414"},{"taxonomy":"reporting_designer","embeddable":true,"href":"https:\/\/theinvisiblecollection.com\/fr\/wp-json\/wp\/v2\/reporting_designer?post=4359414"},{"taxonomy":"samplecomfabric","embeddable":true,"href":"https:\/\/theinvisiblecollection.com\/fr\/wp-json\/wp\/v2\/samplecomfabric?post=4359414"},{"taxonomy":"clubroom_product_designer","embeddable":true,"href":"https:\/\/theinvisiblecollection.com\/fr\/wp-json\/wp\/v2\/designer_clubroom?post=4359414"}],"curies":[{"name":"wp","href":"https:\/\/api.w.org\/{rel}","templated":true}]}}