{"id":4359445,"date":"2023-12-07T11:08:19","date_gmt":"2023-12-07T11:08:19","guid":{"rendered":"https:\/\/theinvisiblecollection.com\/?post_type=product&#038;p=4359445"},"modified":"2026-05-01T07:37:49","modified_gmt":"2026-05-01T07:37:49","slug":"sebastien-caporusso-lampe-ax","status":"publish","type":"product","link":"https:\/\/theinvisiblecollection.com\/fr\/produit\/sebastien-caporusso-lampe-ax\/","title":{"rendered":"Lampe Ax"},"content":{"rendered":"<p style=\"text-align: justify;\">La lampe Ax de S\u00e9bastien Caporusso est compos\u00e9e de quatre plaques de c\u00e9ramique brute non \u00e9maill\u00e9e, l\u00e9g\u00e8rement incurv\u00e9es pour former un abat-jour rond. Elles sont perc\u00e9es pour laisser passer la lumi\u00e8re lat\u00e9ralement, suspendues au plafond \u00e0 l&#8217;aide d&#8217;une cha\u00eene r\u00e9glable en laiton.<\/p>\n","protected":false},"excerpt":{"rendered":"<p>La lampe Ax de S\u00e9bastien Caporusso est compos\u00e9e de quatre plaques de c\u00e9ramique brute non \u00e9maill\u00e9e, l\u00e9g\u00e8rement incurv\u00e9es pour former un abat-jour rond. Elles sont perc\u00e9es pour laisser passer la lumi\u00e8re lat\u00e9ralement, suspendues au plafond \u00e0 l&#8217;aide d&#8217;une cha\u00eene r\u00e9glable en laiton.<\/p>\n","protected":false},"featured_media":4359455,"template":"","meta":{"_acf_changed":false,"content-type":"","_themeisle_gutenberg_block_has_review":false},"product_brand":[],"product_cat":[8961,12507],"product_tag":[],"product_designer":[26390],"comfabric":[],"manufacturer":[26388],"reporting_designer":[37258],"samplecomfabric":[],"designer_clubroom":[],"class_list":{"0":"post-4359445","1":"product","2":"type-product","3":"status-publish","4":"has-post-thumbnail","6":"product_cat-suspensions","7":"product_cat-luminaires","8":"product_designer-sbastien-caporusso-fr","9":"manufacturer-sbastien-caporusso-fr","10":"reporting_designer-sbastien-caporusso","12":"first","13":"instock","14":"taxable","15":"shipping-taxable","16":"purchasable","17":"product-type-variable"},"acf":[],"_links":{"self":[{"href":"https:\/\/theinvisiblecollection.com\/fr\/wp-json\/wp\/v2\/product\/4359445","targetHints":{"allow":["GET"]}}],"collection":[{"href":"https:\/\/theinvisiblecollection.com\/fr\/wp-json\/wp\/v2\/product"}],"about":[{"href":"https:\/\/theinvisiblecollection.com\/fr\/wp-json\/wp\/v2\/types\/product"}],"wp:featuredmedia":[{"embeddable":true,"href":"https:\/\/theinvisiblecollection.com\/fr\/wp-json\/wp\/v2\/media\/4359455"}],"wp:attachment":[{"href":"https:\/\/theinvisiblecollection.com\/fr\/wp-json\/wp\/v2\/media?parent=4359445"}],"wp:term":[{"taxonomy":"product_brand","embeddable":true,"href":"https:\/\/theinvisiblecollection.com\/fr\/wp-json\/wp\/v2\/product_brand?post=4359445"},{"taxonomy":"product_cat","embeddable":true,"href":"https:\/\/theinvisiblecollection.com\/fr\/wp-json\/wp\/v2\/product_cat?post=4359445"},{"taxonomy":"product_tag","embeddable":true,"href":"https:\/\/theinvisiblecollection.com\/fr\/wp-json\/wp\/v2\/product_tag?post=4359445"},{"taxonomy":"product_designer","embeddable":true,"href":"https:\/\/theinvisiblecollection.com\/fr\/wp-json\/wp\/v2\/product_designer?post=4359445"},{"taxonomy":"comfabric","embeddable":true,"href":"https:\/\/theinvisiblecollection.com\/fr\/wp-json\/wp\/v2\/comfabric?post=4359445"},{"taxonomy":"manufacturer","embeddable":true,"href":"https:\/\/theinvisiblecollection.com\/fr\/wp-json\/wp\/v2\/manufacturer?post=4359445"},{"taxonomy":"reporting_designer","embeddable":true,"href":"https:\/\/theinvisiblecollection.com\/fr\/wp-json\/wp\/v2\/reporting_designer?post=4359445"},{"taxonomy":"samplecomfabric","embeddable":true,"href":"https:\/\/theinvisiblecollection.com\/fr\/wp-json\/wp\/v2\/samplecomfabric?post=4359445"},{"taxonomy":"clubroom_product_designer","embeddable":true,"href":"https:\/\/theinvisiblecollection.com\/fr\/wp-json\/wp\/v2\/designer_clubroom?post=4359445"}],"curies":[{"name":"wp","href":"https:\/\/api.w.org\/{rel}","templated":true}]}}