{"id":4360281,"date":"2023-12-07T12:25:36","date_gmt":"2023-12-07T12:25:36","guid":{"rendered":"https:\/\/theinvisiblecollection.com\/?post_type=product&#038;p=4360281"},"modified":"2026-05-01T07:37:49","modified_gmt":"2026-05-01T07:37:49","slug":"sebastien-caporusso-fauteuil-gustav","status":"publish","type":"product","link":"https:\/\/theinvisiblecollection.com\/fr\/produit\/sebastien-caporusso-fauteuil-gustav\/","title":{"rendered":"Fauteuil Gustav"},"content":{"rendered":"<p style=\"text-align: justify;\">Le fauteuil Gustav de S\u00e9bastien Caporusso est un fauteuil lounge avec une tablette int\u00e9gr\u00e9e pour plus de confort. Fabriqu\u00e9 comme s&#8217;il \u00e9tait taill\u00e9 dans un bloc de bois massif, ce fauteuil offre un grand confort d&#8217;assise et une grande praticit\u00e9.<\/p>\n","protected":false},"excerpt":{"rendered":"<p>Le fauteuil Gustav de S\u00e9bastien Caporusso est un fauteuil lounge avec une tablette int\u00e9gr\u00e9e pour plus de confort. Fabriqu\u00e9 comme s&#8217;il \u00e9tait taill\u00e9 dans un bloc de bois massif, ce fauteuil offre un grand confort d&#8217;assise et une grande praticit\u00e9.<\/p>\n","protected":false},"featured_media":4360359,"template":"","meta":{"_acf_changed":false,"content-type":"","_themeisle_gutenberg_block_has_review":false},"product_brand":[],"product_cat":[8945,12499],"product_tag":[31477],"product_designer":[26390],"comfabric":[],"manufacturer":[26388],"reporting_designer":[37258],"samplecomfabric":[],"designer_clubroom":[],"class_list":{"0":"post-4360281","1":"product","2":"type-product","3":"status-publish","4":"has-post-thumbnail","6":"product_cat-fauteuils","7":"product_cat-assises","8":"product_tag-st-curvy-fr","9":"product_designer-sbastien-caporusso-fr","10":"manufacturer-sbastien-caporusso-fr","11":"reporting_designer-sbastien-caporusso","13":"first","14":"instock","15":"taxable","16":"shipping-taxable","17":"purchasable","18":"product-type-variable"},"acf":[],"_links":{"self":[{"href":"https:\/\/theinvisiblecollection.com\/fr\/wp-json\/wp\/v2\/product\/4360281","targetHints":{"allow":["GET"]}}],"collection":[{"href":"https:\/\/theinvisiblecollection.com\/fr\/wp-json\/wp\/v2\/product"}],"about":[{"href":"https:\/\/theinvisiblecollection.com\/fr\/wp-json\/wp\/v2\/types\/product"}],"wp:featuredmedia":[{"embeddable":true,"href":"https:\/\/theinvisiblecollection.com\/fr\/wp-json\/wp\/v2\/media\/4360359"}],"wp:attachment":[{"href":"https:\/\/theinvisiblecollection.com\/fr\/wp-json\/wp\/v2\/media?parent=4360281"}],"wp:term":[{"taxonomy":"product_brand","embeddable":true,"href":"https:\/\/theinvisiblecollection.com\/fr\/wp-json\/wp\/v2\/product_brand?post=4360281"},{"taxonomy":"product_cat","embeddable":true,"href":"https:\/\/theinvisiblecollection.com\/fr\/wp-json\/wp\/v2\/product_cat?post=4360281"},{"taxonomy":"product_tag","embeddable":true,"href":"https:\/\/theinvisiblecollection.com\/fr\/wp-json\/wp\/v2\/product_tag?post=4360281"},{"taxonomy":"product_designer","embeddable":true,"href":"https:\/\/theinvisiblecollection.com\/fr\/wp-json\/wp\/v2\/product_designer?post=4360281"},{"taxonomy":"comfabric","embeddable":true,"href":"https:\/\/theinvisiblecollection.com\/fr\/wp-json\/wp\/v2\/comfabric?post=4360281"},{"taxonomy":"manufacturer","embeddable":true,"href":"https:\/\/theinvisiblecollection.com\/fr\/wp-json\/wp\/v2\/manufacturer?post=4360281"},{"taxonomy":"reporting_designer","embeddable":true,"href":"https:\/\/theinvisiblecollection.com\/fr\/wp-json\/wp\/v2\/reporting_designer?post=4360281"},{"taxonomy":"samplecomfabric","embeddable":true,"href":"https:\/\/theinvisiblecollection.com\/fr\/wp-json\/wp\/v2\/samplecomfabric?post=4360281"},{"taxonomy":"clubroom_product_designer","embeddable":true,"href":"https:\/\/theinvisiblecollection.com\/fr\/wp-json\/wp\/v2\/designer_clubroom?post=4360281"}],"curies":[{"name":"wp","href":"https:\/\/api.w.org\/{rel}","templated":true}]}}