{"id":4361483,"date":"2023-12-07T14:13:02","date_gmt":"2023-12-07T14:13:02","guid":{"rendered":"https:\/\/theinvisiblecollection.com\/?post_type=product&#038;p=4361483"},"modified":"2026-05-01T07:37:49","modified_gmt":"2026-05-01T07:37:49","slug":"sebastian-caporusso-table-appoint-am01","status":"publish","type":"product","link":"https:\/\/theinvisiblecollection.com\/fr\/produit\/sebastian-caporusso-table-appoint-am01\/","title":{"rendered":"Table D&#8217;Appoint AM01"},"content":{"rendered":"<p style=\"text-align: justify;\">La forme organique de la table d&#8217;appoint AM01 de S\u00e9bastien Caporusso est fabriqu\u00e9e dans un esprit constructiviste, utilisant des jeux de pleins et de vides pour manipuler la lumi\u00e8re. Le plateau de la table est orn\u00e9 d&#8217;un insert min\u00e9ral qui en renforce l&#8217;attrait visuel.<\/p>\n","protected":false},"excerpt":{"rendered":"<p>La forme organique de la table d&#8217;appoint AM01 de S\u00e9bastien Caporusso est fabriqu\u00e9e dans un esprit constructiviste, utilisant des jeux de pleins et de vides pour manipuler la lumi\u00e8re. Le plateau de la table est orn\u00e9 d&#8217;un insert min\u00e9ral qui en renforce l&#8217;attrait visuel.<\/p>\n","protected":false},"featured_media":4362666,"template":"","meta":{"_acf_changed":false,"content-type":"","_themeisle_gutenberg_block_has_review":false},"product_brand":[],"product_cat":[12332,12503],"product_tag":[31477],"product_designer":[26390],"comfabric":[],"manufacturer":[26388],"reporting_designer":[37258],"samplecomfabric":[],"designer_clubroom":[],"class_list":{"0":"post-4361483","1":"product","2":"type-product","3":"status-publish","4":"has-post-thumbnail","6":"product_cat-tables-dappoint","7":"product_cat-tables-fr","8":"product_tag-st-curvy-fr","9":"product_designer-sbastien-caporusso-fr","10":"manufacturer-sbastien-caporusso-fr","11":"reporting_designer-sbastien-caporusso","13":"first","14":"instock","15":"taxable","16":"shipping-taxable","17":"purchasable","18":"product-type-variable"},"acf":[],"_links":{"self":[{"href":"https:\/\/theinvisiblecollection.com\/fr\/wp-json\/wp\/v2\/product\/4361483","targetHints":{"allow":["GET"]}}],"collection":[{"href":"https:\/\/theinvisiblecollection.com\/fr\/wp-json\/wp\/v2\/product"}],"about":[{"href":"https:\/\/theinvisiblecollection.com\/fr\/wp-json\/wp\/v2\/types\/product"}],"wp:featuredmedia":[{"embeddable":true,"href":"https:\/\/theinvisiblecollection.com\/fr\/wp-json\/wp\/v2\/media\/4362666"}],"wp:attachment":[{"href":"https:\/\/theinvisiblecollection.com\/fr\/wp-json\/wp\/v2\/media?parent=4361483"}],"wp:term":[{"taxonomy":"product_brand","embeddable":true,"href":"https:\/\/theinvisiblecollection.com\/fr\/wp-json\/wp\/v2\/product_brand?post=4361483"},{"taxonomy":"product_cat","embeddable":true,"href":"https:\/\/theinvisiblecollection.com\/fr\/wp-json\/wp\/v2\/product_cat?post=4361483"},{"taxonomy":"product_tag","embeddable":true,"href":"https:\/\/theinvisiblecollection.com\/fr\/wp-json\/wp\/v2\/product_tag?post=4361483"},{"taxonomy":"product_designer","embeddable":true,"href":"https:\/\/theinvisiblecollection.com\/fr\/wp-json\/wp\/v2\/product_designer?post=4361483"},{"taxonomy":"comfabric","embeddable":true,"href":"https:\/\/theinvisiblecollection.com\/fr\/wp-json\/wp\/v2\/comfabric?post=4361483"},{"taxonomy":"manufacturer","embeddable":true,"href":"https:\/\/theinvisiblecollection.com\/fr\/wp-json\/wp\/v2\/manufacturer?post=4361483"},{"taxonomy":"reporting_designer","embeddable":true,"href":"https:\/\/theinvisiblecollection.com\/fr\/wp-json\/wp\/v2\/reporting_designer?post=4361483"},{"taxonomy":"samplecomfabric","embeddable":true,"href":"https:\/\/theinvisiblecollection.com\/fr\/wp-json\/wp\/v2\/samplecomfabric?post=4361483"},{"taxonomy":"clubroom_product_designer","embeddable":true,"href":"https:\/\/theinvisiblecollection.com\/fr\/wp-json\/wp\/v2\/designer_clubroom?post=4361483"}],"curies":[{"name":"wp","href":"https:\/\/api.w.org\/{rel}","templated":true}]}}