{"id":4361785,"date":"2023-12-07T14:37:18","date_gmt":"2023-12-07T14:37:18","guid":{"rendered":"https:\/\/theinvisiblecollection.com\/?post_type=product&#038;p=4361785"},"modified":"2026-05-08T04:39:03","modified_gmt":"2026-05-08T04:39:03","slug":"sebastien-caporusso-console-diva","status":"publish","type":"product","link":"https:\/\/theinvisiblecollection.com\/fr\/produit\/sebastien-caporusso-console-diva\/","title":{"rendered":"Console Diva"},"content":{"rendered":"<p>La console Diva de S\u00e9bastien Caporusso est une console murale qui semble litt\u00e9ralement flotter. Elle est sculpt\u00e9e comme une \u0153uvre d&#8217;art tout en restant fonctionnelle. Malgr\u00e9 ses magnifiques sections de bois massif, elle inspire la l\u00e9geret\u00e9.<\/p>\n","protected":false},"excerpt":{"rendered":"<p>La console Diva de S\u00e9bastien Caporusso est une console murale qui semble litt\u00e9ralement flotter. Elle est sculpt\u00e9e comme une \u0153uvre d&#8217;art tout en restant fonctionnelle. Malgr\u00e9 ses magnifiques sections de bois massif, elle inspire la l\u00e9geret\u00e9.<\/p>\n","protected":false},"featured_media":4361845,"template":"","meta":{"_acf_changed":false,"content-type":"","_themeisle_gutenberg_block_has_review":false},"product_brand":[],"product_cat":[7675,12503],"product_tag":[],"product_designer":[26390],"comfabric":[],"manufacturer":[26388],"reporting_designer":[37258],"samplecomfabric":[],"designer_clubroom":[],"class_list":{"0":"post-4361785","1":"product","2":"type-product","3":"status-publish","4":"has-post-thumbnail","6":"product_cat-consoles-fr","7":"product_cat-tables-fr","8":"product_designer-sbastien-caporusso-fr","9":"manufacturer-sbastien-caporusso-fr","10":"reporting_designer-sbastien-caporusso","12":"first","13":"instock","14":"taxable","15":"shipping-taxable","16":"purchasable","17":"product-type-variable"},"acf":[],"_links":{"self":[{"href":"https:\/\/theinvisiblecollection.com\/fr\/wp-json\/wp\/v2\/product\/4361785","targetHints":{"allow":["GET"]}}],"collection":[{"href":"https:\/\/theinvisiblecollection.com\/fr\/wp-json\/wp\/v2\/product"}],"about":[{"href":"https:\/\/theinvisiblecollection.com\/fr\/wp-json\/wp\/v2\/types\/product"}],"wp:featuredmedia":[{"embeddable":true,"href":"https:\/\/theinvisiblecollection.com\/fr\/wp-json\/wp\/v2\/media\/4361845"}],"wp:attachment":[{"href":"https:\/\/theinvisiblecollection.com\/fr\/wp-json\/wp\/v2\/media?parent=4361785"}],"wp:term":[{"taxonomy":"product_brand","embeddable":true,"href":"https:\/\/theinvisiblecollection.com\/fr\/wp-json\/wp\/v2\/product_brand?post=4361785"},{"taxonomy":"product_cat","embeddable":true,"href":"https:\/\/theinvisiblecollection.com\/fr\/wp-json\/wp\/v2\/product_cat?post=4361785"},{"taxonomy":"product_tag","embeddable":true,"href":"https:\/\/theinvisiblecollection.com\/fr\/wp-json\/wp\/v2\/product_tag?post=4361785"},{"taxonomy":"product_designer","embeddable":true,"href":"https:\/\/theinvisiblecollection.com\/fr\/wp-json\/wp\/v2\/product_designer?post=4361785"},{"taxonomy":"comfabric","embeddable":true,"href":"https:\/\/theinvisiblecollection.com\/fr\/wp-json\/wp\/v2\/comfabric?post=4361785"},{"taxonomy":"manufacturer","embeddable":true,"href":"https:\/\/theinvisiblecollection.com\/fr\/wp-json\/wp\/v2\/manufacturer?post=4361785"},{"taxonomy":"reporting_designer","embeddable":true,"href":"https:\/\/theinvisiblecollection.com\/fr\/wp-json\/wp\/v2\/reporting_designer?post=4361785"},{"taxonomy":"samplecomfabric","embeddable":true,"href":"https:\/\/theinvisiblecollection.com\/fr\/wp-json\/wp\/v2\/samplecomfabric?post=4361785"},{"taxonomy":"clubroom_product_designer","embeddable":true,"href":"https:\/\/theinvisiblecollection.com\/fr\/wp-json\/wp\/v2\/designer_clubroom?post=4361785"}],"curies":[{"name":"wp","href":"https:\/\/api.w.org\/{rel}","templated":true}]}}