{"id":43619,"date":"2020-07-08T11:12:46","date_gmt":"2020-07-08T11:12:46","guid":{"rendered":"https:\/\/www.theinvisiblecollection.com\/?post_type=product&#038;p=43619"},"modified":"2026-05-01T07:39:42","modified_gmt":"2026-05-01T07:39:42","slug":"pierre-augustin-rose-canape-palais-royal","status":"publish","type":"product","link":"https:\/\/theinvisiblecollection.com\/fr\/produit\/pierre-augustin-rose-canape-palais-royal\/","title":{"rendered":"Canap\u00e9 Palais Royal"},"content":{"rendered":"<p style=\"text-align: justify;\">Le canap\u00e9 Palais Royal de Pierre Augustin Rose \u00e9voque une rondeur \u00e9l\u00e9gante qui convient aussi bien aux espaces modernes et peu meubl\u00e9s qu&#8217;aux pi\u00e8ces plus traditionnelles. Magnifiquement proportionn\u00e9, parfaitement rembourr\u00e9 et d&#8217;un chic sans faille, il est le point d&#8217;ancrage du salon.<\/p>\n","protected":false},"excerpt":{"rendered":"<p>Canap\u00e9 photographi\u00e9 ici en tissu Pierre Frey Opio, couleur Orzo<br \/>\n<span style=\"text-decoration: underline;\"><a href=\"https:\/\/theinvisiblecollection.com\/wp-content\/uploads\/2023\/09\/InvisibleCollection_PAR_FabricSelection_compressed.pdf\" target=\"_blank\" rel=\"noopener noreferrer\">D\u00e9crouvrez la s\u00e9lection de tissus Pierre Frey ici<\/a><\/span><br \/>\n\u00c9galement disponible en blanc sans tissu<\/p>\n<p>Pieds en ch\u00eane peints en noir<\/p>\n<p>Cinq cousins de dossier inclus<\/p>\n<p>Trois dimensions disponibles :<br \/>\nL 280 x P 110 x H 69 cm<br \/>\nL 320 x P 110 x H 69 cm<br \/>\nTissu requis : 14 m<br \/>\nL 360 x P 110 x H 69 cm<br \/>\nTissu requis : 15 m<\/p>\n<p>Hauteur d&#8217;assise : 40 cm<\/p>\n<p>Fabriqu\u00e9 \u00e0 la main en Europe<br \/>\nD\u00e9lais de production : 12 &#8211; 14 semaines<\/p>\n<p><span style=\"text-decoration: underline;\"><a href=\"https:\/\/www.theinvisiblecollection.com\/fr\/demande-de-devis\/?product_id=43619\" target=\"_blank\" rel=\"noopener\">Contactez-nous pour toute demande de devis ou de renseignement<\/a><\/span><\/p>\n","protected":false},"featured_media":4428792,"template":"","meta":{"_acf_changed":false,"content-type":"","_themeisle_gutenberg_block_has_review":false},"product_brand":[],"product_cat":[8976,12499],"product_tag":[9409,9776,9779,9780,9788,11349,22790,31477,35206,8942,8944],"product_designer":[8908],"comfabric":[29018],"manufacturer":[16828],"reporting_designer":[37608],"samplecomfabric":[30018],"designer_clubroom":[],"class_list":{"0":"post-43619","1":"product","2":"type-product","3":"status-publish","4":"has-post-thumbnail","6":"product_cat-canapes","7":"product_cat-assises","8":"product_tag-pierre-augustin-rose-fr-2","9":"product_tag-pierre-frey-fr","10":"product_tag-opio-fr","11":"product_tag-orzo-fr","12":"product_tag-palais-royal-fr","13":"product_tag-pierre-augustine-rose-fr","14":"product_tag-disponible-immediatement","15":"product_tag-st-curvy-fr","16":"product_tag-exclusive-fr","17":"product_tag-assise","18":"product_tag-canape","19":"pa_fabric-en-blanc-sans-tissu-fr","20":"pa_fabric-pierre-frey-angkor-fr","21":"pa_fabric-pierre-frey-arsene-fr","22":"pa_fabric-pierre-frey-loft-fr","23":"pa_fabric-pierre-frey-tissu-louison","24":"pa_fabric-pierre-frey-opio-fr","25":"pa_fabric-pierre-frey-valreas-fr","26":"pa_fabric-pierre-frey-teddy-mohair-fr","27":"pa_size-l-280-x-l-100-x-h-80-fr","28":"pa_size-mini","29":"pa_size-moyen","30":"pa_size-petit","31":"product_designer-pierre-augustin-rose-fr","32":"comfabric-pierre-augustin-rose-fr","33":"manufacturer-charvin-logistics-saint-ouen-la-ex-egetra-fr","34":"reporting_designer-pierre-augustin-rose","35":"samplecomfabric-pierre-augustin-rose-fr","37":"first","38":"instock","39":"taxable","40":"shipping-taxable","41":"purchasable","42":"product-type-variable"},"acf":[],"_links":{"self":[{"href":"https:\/\/theinvisiblecollection.com\/fr\/wp-json\/wp\/v2\/product\/43619","targetHints":{"allow":["GET"]}}],"collection":[{"href":"https:\/\/theinvisiblecollection.com\/fr\/wp-json\/wp\/v2\/product"}],"about":[{"href":"https:\/\/theinvisiblecollection.com\/fr\/wp-json\/wp\/v2\/types\/product"}],"wp:featuredmedia":[{"embeddable":true,"href":"https:\/\/theinvisiblecollection.com\/fr\/wp-json\/wp\/v2\/media\/4428792"}],"wp:attachment":[{"href":"https:\/\/theinvisiblecollection.com\/fr\/wp-json\/wp\/v2\/media?parent=43619"}],"wp:term":[{"taxonomy":"product_brand","embeddable":true,"href":"https:\/\/theinvisiblecollection.com\/fr\/wp-json\/wp\/v2\/product_brand?post=43619"},{"taxonomy":"product_cat","embeddable":true,"href":"https:\/\/theinvisiblecollection.com\/fr\/wp-json\/wp\/v2\/product_cat?post=43619"},{"taxonomy":"product_tag","embeddable":true,"href":"https:\/\/theinvisiblecollection.com\/fr\/wp-json\/wp\/v2\/product_tag?post=43619"},{"taxonomy":"product_designer","embeddable":true,"href":"https:\/\/theinvisiblecollection.com\/fr\/wp-json\/wp\/v2\/product_designer?post=43619"},{"taxonomy":"comfabric","embeddable":true,"href":"https:\/\/theinvisiblecollection.com\/fr\/wp-json\/wp\/v2\/comfabric?post=43619"},{"taxonomy":"manufacturer","embeddable":true,"href":"https:\/\/theinvisiblecollection.com\/fr\/wp-json\/wp\/v2\/manufacturer?post=43619"},{"taxonomy":"reporting_designer","embeddable":true,"href":"https:\/\/theinvisiblecollection.com\/fr\/wp-json\/wp\/v2\/reporting_designer?post=43619"},{"taxonomy":"samplecomfabric","embeddable":true,"href":"https:\/\/theinvisiblecollection.com\/fr\/wp-json\/wp\/v2\/samplecomfabric?post=43619"},{"taxonomy":"clubroom_product_designer","embeddable":true,"href":"https:\/\/theinvisiblecollection.com\/fr\/wp-json\/wp\/v2\/designer_clubroom?post=43619"}],"curies":[{"name":"wp","href":"https:\/\/api.w.org\/{rel}","templated":true}]}}