{"id":44053,"date":"2020-07-09T13:17:50","date_gmt":"2020-07-09T12:17:50","guid":{"rendered":"https:\/\/www.theinvisiblecollection.com\/?post_type=product&#038;p=44053"},"modified":"2026-05-01T07:39:42","modified_gmt":"2026-05-01T07:39:42","slug":"le-berre-vevaud-stele-gustavia","status":"publish","type":"product","link":"https:\/\/theinvisiblecollection.com\/fr\/produit\/le-berre-vevaud-stele-gustavia\/","title":{"rendered":"St\u00e8le Gustavia"},"content":{"rendered":"<p style=\"text-align: justify;\">Pour leur seconde collection, Rapha\u00ebl Le Berre et Thomas Vevaud mettent en avant les savoir faire de l\u2019artisanat fran\u00e7ais avec des pi\u00e8ces d\u2019exception. La collection Empreinte est n\u00e9e de leur passion commune pour le mobilier, les mat\u00e9riaux nobles et l\u2019artisanat d\u2019art. Chaque meuble a \u00e9t\u00e9 imagin\u00e9 pour un chantier priv\u00e9 du duo d\u2019architectes d\u2019int\u00e9rieur. Cette nouvelle collection ouvre un dialogue entre les ann\u00e9es 30, des courants modernistes et des notes plus contemporaines pour tisser des liens entre pass\u00e9 et pr\u00e9sent. La collection Empreinte est r\u00e9alis\u00e9e dans des textures qui cultivent les contraires. Des objets d\u2019esprit brutaliste mais toujours pr\u00e9cieux, un ensemble travaill\u00e9 dans une palette de couleurs \u00e9tonnante et dans des formes intemporelles. Une collection enti\u00e8rement produite en France.<\/p>\n","protected":false},"excerpt":{"rendered":"<p>Collection Empreinte<br \/>\nPi\u00e8tement en acier laqu\u00e9 brillant (blanc, noir ou vert d&#8217;eau) avec plateau en marbre White Beauty<br \/>\nVersion \u00e9galement disponible :<br \/>\nPi\u00e8tement vert de bronze et plateau bronze<br \/>\nPi\u00e8tement vert de bronze et plateau laqu\u00e9 brillant (ici en rose, aubergine et blanc)<br \/>\n<span style=\"text-decoration: underline;\"><a href=\"https:\/\/theinvisiblecollection.com\/wp-content\/uploads\/2021\/01\/TheInvisibleCollection_LeBerreVevaud_GustaviaStele.pdf\" target=\"_blank\" rel=\"noopener\">D\u00e9couvrez la s\u00e9lection de mat\u00e9riaux ici<\/a><\/span><\/p>\n<p>\u00d8 32 x H 95 cm<\/p>\n<p>Fabriqu\u00e9e \u00e0 la main en France<br \/>\nD\u00e9lais de fabrication : 12 semaines<\/p>\n<p><span style=\"text-decoration: underline;\"><a href=\"https:\/\/www.theinvisiblecollection.com\/fr\/demande-de-devis\/?product_id=44053\" target=\"_blank\" rel=\"noopener\">Contactez-nous pour toute demande de devis ou de renseignement<\/a><\/span><\/p>\n","protected":false},"featured_media":155552,"template":"","meta":{"_acf_changed":false,"content-type":"","_themeisle_gutenberg_block_has_review":false},"product_brand":[],"product_cat":[12332,12503,12514],"product_tag":[9868,11544,9030,9805,9866,9867],"product_designer":[8868],"comfabric":[],"manufacturer":[35599],"reporting_designer":[37160],"samplecomfabric":[],"designer_clubroom":[],"class_list":{"0":"post-44053","1":"product","2":"type-product","3":"status-publish","4":"has-post-thumbnail","6":"product_cat-tables-dappoint","7":"product_cat-tables-fr","8":"product_cat-tables-de-chevet","9":"product_tag-white-beauty-fr","10":"product_tag-tables-irresistibles","11":"product_tag-marbre-fr-2","12":"product_tag-le-berre-vevaud-fr","13":"product_tag-stele-fr","14":"product_tag-gustavia-fr","15":"pa_choice-pietement-acier-laque-et-plateau-marbre","16":"pa_choice-pietement-vert-de-bronze-et-plateau-bronze","17":"pa_choice-pietement-vert-de-bronze-et-plateau-laque-brillant","18":"product_designer-le-berre-vevaud-fr","19":"manufacturer-le-berre-vevaud-oficinna-22-pt-fr","20":"reporting_designer-le-berre-vevaud","22":"first","23":"instock","24":"taxable","25":"shipping-taxable","26":"purchasable","27":"product-type-variable"},"acf":[],"_links":{"self":[{"href":"https:\/\/theinvisiblecollection.com\/fr\/wp-json\/wp\/v2\/product\/44053","targetHints":{"allow":["GET"]}}],"collection":[{"href":"https:\/\/theinvisiblecollection.com\/fr\/wp-json\/wp\/v2\/product"}],"about":[{"href":"https:\/\/theinvisiblecollection.com\/fr\/wp-json\/wp\/v2\/types\/product"}],"wp:featuredmedia":[{"embeddable":true,"href":"https:\/\/theinvisiblecollection.com\/fr\/wp-json\/wp\/v2\/media\/155552"}],"wp:attachment":[{"href":"https:\/\/theinvisiblecollection.com\/fr\/wp-json\/wp\/v2\/media?parent=44053"}],"wp:term":[{"taxonomy":"product_brand","embeddable":true,"href":"https:\/\/theinvisiblecollection.com\/fr\/wp-json\/wp\/v2\/product_brand?post=44053"},{"taxonomy":"product_cat","embeddable":true,"href":"https:\/\/theinvisiblecollection.com\/fr\/wp-json\/wp\/v2\/product_cat?post=44053"},{"taxonomy":"product_tag","embeddable":true,"href":"https:\/\/theinvisiblecollection.com\/fr\/wp-json\/wp\/v2\/product_tag?post=44053"},{"taxonomy":"product_designer","embeddable":true,"href":"https:\/\/theinvisiblecollection.com\/fr\/wp-json\/wp\/v2\/product_designer?post=44053"},{"taxonomy":"comfabric","embeddable":true,"href":"https:\/\/theinvisiblecollection.com\/fr\/wp-json\/wp\/v2\/comfabric?post=44053"},{"taxonomy":"manufacturer","embeddable":true,"href":"https:\/\/theinvisiblecollection.com\/fr\/wp-json\/wp\/v2\/manufacturer?post=44053"},{"taxonomy":"reporting_designer","embeddable":true,"href":"https:\/\/theinvisiblecollection.com\/fr\/wp-json\/wp\/v2\/reporting_designer?post=44053"},{"taxonomy":"samplecomfabric","embeddable":true,"href":"https:\/\/theinvisiblecollection.com\/fr\/wp-json\/wp\/v2\/samplecomfabric?post=44053"},{"taxonomy":"clubroom_product_designer","embeddable":true,"href":"https:\/\/theinvisiblecollection.com\/fr\/wp-json\/wp\/v2\/designer_clubroom?post=44053"}],"curies":[{"name":"wp","href":"https:\/\/api.w.org\/{rel}","templated":true}]}}