{"id":44074,"date":"2020-07-09T13:25:20","date_gmt":"2020-07-09T12:25:20","guid":{"rendered":"https:\/\/www.theinvisiblecollection.com\/?post_type=product&#038;p=44074"},"modified":"2026-05-01T07:39:40","modified_gmt":"2026-05-01T07:39:40","slug":"reda-amalou-banquette-kimani","status":"publish","type":"product","link":"https:\/\/theinvisiblecollection.com\/fr\/produit\/reda-amalou-banquette-kimani\/","title":{"rendered":"Banquette Kimani"},"content":{"rendered":"<p style=\"text-align: justify;\">Le banc Kimani de Reda Amalou incarne la cr\u00e9ation \u00e9lev\u00e9e au rang de po\u00e9sie. Plus qu&#8217;une simple ligne, il \u00e9voque une vague. La souplesse d&#8217;un mouvement d\u00e9licat, l&#8217;\u00e9l\u00e9gance d&#8217;une simplicit\u00e9 raffin\u00e9e. Kimani se pr\u00e9sente comme une ode \u00e0 l&#8217;harmonie, \u00e0 l&#8217;union des paradoxes et \u00e0 la rencontre des contraires. La robustesse du bronze se m\u00eale \u00e0 la chaleur du cuir o\u00f9 le confort s&#8217;impose comme une \u00e9vidence et o\u00f9 la sobri\u00e9t\u00e9 red\u00e9finit la notion de noblesse. Chaque pi\u00e8ce est limit\u00e9e, sign\u00e9e et num\u00e9rot\u00e9e, garantissant ainsi son unicit\u00e9.<\/p>\n","protected":false},"excerpt":{"rendered":"<p><em><span style=\"font-style: normal;\">Edition limit\u00e9e : 8 pi\u00e8ces et 4 E.A.<br \/>\n<\/span><\/em>RAD \u2013 Collection Galerie<br \/>\nBanquette en cuir rouge avec piq\u00fbre sellier<br \/>\nStructure en bronze<br \/>\nDeux coussins en cuir inclus<\/p>\n<p>L 160 x P 48 x H 45 cm<\/p>\n<p>Fabriqu\u00e9e \u00e0 la main en Italie<br \/>\nD\u00e9lais de production : 8 &#8211; 10 semaines<\/p>\n<p><a href=\"https:\/\/www.theinvisiblecollection.com\/request-a-quote\/?product_id=44074\">Contactez-nous pour toute demande de devis ou de renseignements<\/a><\/p>\n","protected":false},"featured_media":155516,"template":"","meta":{"_acf_changed":false,"content-type":"","_themeisle_gutenberg_block_has_review":false},"product_brand":[],"product_cat":[8947,12499],"product_tag":[8942,8993,9015,9058,9794,11528,12166,12167,33319],"product_designer":[8895],"comfabric":[],"manufacturer":[34221],"reporting_designer":[37724],"samplecomfabric":[],"designer_clubroom":[],"class_list":{"0":"post-44074","1":"product","2":"type-product","3":"status-publish","4":"has-post-thumbnail","6":"product_cat-bancs","7":"product_cat-assises","8":"product_tag-assise","9":"product_tag-salon","10":"product_tag-cuir","11":"product_tag-bronze-fr-2","12":"product_tag-rouge","13":"product_tag-bench","14":"product_tag-rad-fr","15":"product_tag-gallery-collection-fr","16":"product_tag-edition-limitee","17":"pa_size-l-280-x-l-100-x-h-80-fr","18":"pa_size-moyenne-l-70-x-l-82-x-h-41-cm","19":"pa_size-petit","20":"product_designer-reda-amalou-fr","21":"manufacturer-reda-amalou-pick-up-cadogan-tate-cdg-fr","22":"reporting_designer-reda-amalou","24":"first","25":"instock","26":"taxable","27":"shipping-taxable","28":"purchasable","29":"product-type-variable"},"acf":[],"_links":{"self":[{"href":"https:\/\/theinvisiblecollection.com\/fr\/wp-json\/wp\/v2\/product\/44074","targetHints":{"allow":["GET"]}}],"collection":[{"href":"https:\/\/theinvisiblecollection.com\/fr\/wp-json\/wp\/v2\/product"}],"about":[{"href":"https:\/\/theinvisiblecollection.com\/fr\/wp-json\/wp\/v2\/types\/product"}],"wp:featuredmedia":[{"embeddable":true,"href":"https:\/\/theinvisiblecollection.com\/fr\/wp-json\/wp\/v2\/media\/155516"}],"wp:attachment":[{"href":"https:\/\/theinvisiblecollection.com\/fr\/wp-json\/wp\/v2\/media?parent=44074"}],"wp:term":[{"taxonomy":"product_brand","embeddable":true,"href":"https:\/\/theinvisiblecollection.com\/fr\/wp-json\/wp\/v2\/product_brand?post=44074"},{"taxonomy":"product_cat","embeddable":true,"href":"https:\/\/theinvisiblecollection.com\/fr\/wp-json\/wp\/v2\/product_cat?post=44074"},{"taxonomy":"product_tag","embeddable":true,"href":"https:\/\/theinvisiblecollection.com\/fr\/wp-json\/wp\/v2\/product_tag?post=44074"},{"taxonomy":"product_designer","embeddable":true,"href":"https:\/\/theinvisiblecollection.com\/fr\/wp-json\/wp\/v2\/product_designer?post=44074"},{"taxonomy":"comfabric","embeddable":true,"href":"https:\/\/theinvisiblecollection.com\/fr\/wp-json\/wp\/v2\/comfabric?post=44074"},{"taxonomy":"manufacturer","embeddable":true,"href":"https:\/\/theinvisiblecollection.com\/fr\/wp-json\/wp\/v2\/manufacturer?post=44074"},{"taxonomy":"reporting_designer","embeddable":true,"href":"https:\/\/theinvisiblecollection.com\/fr\/wp-json\/wp\/v2\/reporting_designer?post=44074"},{"taxonomy":"samplecomfabric","embeddable":true,"href":"https:\/\/theinvisiblecollection.com\/fr\/wp-json\/wp\/v2\/samplecomfabric?post=44074"},{"taxonomy":"clubroom_product_designer","embeddable":true,"href":"https:\/\/theinvisiblecollection.com\/fr\/wp-json\/wp\/v2\/designer_clubroom?post=44074"}],"curies":[{"name":"wp","href":"https:\/\/api.w.org\/{rel}","templated":true}]}}