{"id":4411354,"date":"2023-12-11T10:07:54","date_gmt":"2023-12-11T10:07:54","guid":{"rendered":"https:\/\/theinvisiblecollection.com\/?post_type=product&#038;p=4411354"},"modified":"2026-05-01T07:37:49","modified_gmt":"2026-05-01T07:37:49","slug":"uchronia-table-basse-cookie-pierre-de-lave","status":"publish","type":"product","link":"https:\/\/theinvisiblecollection.com\/fr\/produit\/uchronia-table-basse-cookie-pierre-de-lave\/","title":{"rendered":"Table Basse Cookie Pierre De Lave"},"content":{"rendered":"<p class=\"p1\">La table basse \u00ab Cookie \u00bb est une cr\u00e9ation destin\u00e9e \u00e0 l\u2019ext\u00e9rieur, fa\u00e7onn\u00e9e \u00e0 partir de pierre de lave, une roche volcanique. Son plateau en pierre de lave \u00e9maill\u00e9e s\u2019associe harmonieusement \u00e0 ses pieds en pierre de lave naturelle . Son design \u00e9voque la forme gourmande des biscuits cookies. La pierre de lave, mat\u00e9riau aux possibilit\u00e9s infinies, permet une grande libert\u00e9 dans le choix des couleurs et des motifs. R\u00e9alis\u00e9e dans le sud de la France, chaque pi\u00e8ce incarne l\u2019excellence du savoir-faire et de l\u2019artisanat fran\u00e7ais.<\/p>\n","protected":false},"excerpt":{"rendered":"<p>Table basse avec plateau en raku blanc<br \/>\n<a href=\"https:\/\/theinvisiblecollection.com\/wp-content\/uploads\/2022\/01\/TheInvisibleCollection_Uchronia_RakuSelection2.pdf\" target=\"_blank\" rel=\"noopener\"><span style=\"text-decoration: underline;\">D\u00e9couvrez la s\u00e9lection de raku ici<\/span><\/a><br \/>\nPi\u00e8tement photographi\u00e9 ici en noyer<br \/>\n<a href=\"https:\/\/theinvisiblecollection.com\/wp-content\/uploads\/2022\/01\/TheInvisibleCollection_Uchronia-_WoodSelectionBambi.pdf\" target=\"_blank\" rel=\"noopener\"><span style=\"text-decoration: underline;\">D\u00e9couvrez la s\u00e9lection de bois\u00a0ici<\/span><\/a><br \/>\nDimensions et mat\u00e9riaux sur-mesure sur demande<br \/>\n\u00c9galement disponible en version <a href=\"https:\/\/theinvisiblecollection.com\/fr\/product\/uchronia-table-basse-cookie-2\/\" target=\"_blank\" rel=\"noopener\"><span style=\"text-decoration: underline;\">table centrale<\/span><\/a><\/p>\n<p>L 100 x l 100 x H 40 cm<\/p>\n<p>Fabriqu\u00e9e \u00e0 la main en France<br \/>\nD\u00e9lais de fabrication : 14 semaines<\/p>\n<p class=\"p1\"><span style=\"text-decoration: underline;\"><span class=\"s1\"><a href=\"https:\/\/www.theinvisiblecollection.com\/fr\/demande-de-devis\/?product_id=114055\" target=\"_blank\" rel=\"noopener\">Contactez-nous pour toute demande de devis ou de renseignements<\/a><\/span><\/span><\/p>\n","protected":false},"featured_media":4411362,"template":"","meta":{"_acf_changed":false,"content-type":"","_themeisle_gutenberg_block_has_review":false},"product_brand":[],"product_cat":[7509,12503],"product_tag":[],"product_designer":[15211],"comfabric":[],"manufacturer":[21202],"reporting_designer":[37288],"samplecomfabric":[],"designer_clubroom":[],"class_list":{"0":"post-4411354","1":"product","2":"type-product","3":"status-publish","4":"has-post-thumbnail","6":"product_cat-tables-basses-dappoint","7":"product_cat-tables-fr","8":"product_designer-uchronia-fr","9":"manufacturer-atelier-uchronia-paris-fr","10":"reporting_designer-uchronia","12":"first","13":"instock","14":"taxable","15":"shipping-taxable","16":"purchasable","17":"product-type-variable"},"acf":[],"_links":{"self":[{"href":"https:\/\/theinvisiblecollection.com\/fr\/wp-json\/wp\/v2\/product\/4411354","targetHints":{"allow":["GET"]}}],"collection":[{"href":"https:\/\/theinvisiblecollection.com\/fr\/wp-json\/wp\/v2\/product"}],"about":[{"href":"https:\/\/theinvisiblecollection.com\/fr\/wp-json\/wp\/v2\/types\/product"}],"wp:featuredmedia":[{"embeddable":true,"href":"https:\/\/theinvisiblecollection.com\/fr\/wp-json\/wp\/v2\/media\/4411362"}],"wp:attachment":[{"href":"https:\/\/theinvisiblecollection.com\/fr\/wp-json\/wp\/v2\/media?parent=4411354"}],"wp:term":[{"taxonomy":"product_brand","embeddable":true,"href":"https:\/\/theinvisiblecollection.com\/fr\/wp-json\/wp\/v2\/product_brand?post=4411354"},{"taxonomy":"product_cat","embeddable":true,"href":"https:\/\/theinvisiblecollection.com\/fr\/wp-json\/wp\/v2\/product_cat?post=4411354"},{"taxonomy":"product_tag","embeddable":true,"href":"https:\/\/theinvisiblecollection.com\/fr\/wp-json\/wp\/v2\/product_tag?post=4411354"},{"taxonomy":"product_designer","embeddable":true,"href":"https:\/\/theinvisiblecollection.com\/fr\/wp-json\/wp\/v2\/product_designer?post=4411354"},{"taxonomy":"comfabric","embeddable":true,"href":"https:\/\/theinvisiblecollection.com\/fr\/wp-json\/wp\/v2\/comfabric?post=4411354"},{"taxonomy":"manufacturer","embeddable":true,"href":"https:\/\/theinvisiblecollection.com\/fr\/wp-json\/wp\/v2\/manufacturer?post=4411354"},{"taxonomy":"reporting_designer","embeddable":true,"href":"https:\/\/theinvisiblecollection.com\/fr\/wp-json\/wp\/v2\/reporting_designer?post=4411354"},{"taxonomy":"samplecomfabric","embeddable":true,"href":"https:\/\/theinvisiblecollection.com\/fr\/wp-json\/wp\/v2\/samplecomfabric?post=4411354"},{"taxonomy":"clubroom_product_designer","embeddable":true,"href":"https:\/\/theinvisiblecollection.com\/fr\/wp-json\/wp\/v2\/designer_clubroom?post=4411354"}],"curies":[{"name":"wp","href":"https:\/\/api.w.org\/{rel}","templated":true}]}}