{"id":44174,"date":"2020-07-09T13:40:01","date_gmt":"2020-07-09T12:40:01","guid":{"rendered":"https:\/\/www.theinvisiblecollection.com\/?post_type=product&#038;p=44174"},"modified":"2026-05-01T07:39:40","modified_gmt":"2026-05-01T07:39:40","slug":"reda-amalou-meridienne-kimani","status":"publish","type":"product","link":"https:\/\/theinvisiblecollection.com\/fr\/produit\/reda-amalou-meridienne-kimani\/","title":{"rendered":"M\u00e9ridienne Kimani"},"content":{"rendered":"<p style=\"text-align: justify;\">Plus qu\u2019une ligne, une onde. La souplesse d\u2019un mouvement qu\u2019on \u00e9pouse, l\u2019\u00e9l\u00e9gance de la simplicit\u00e9. Kimani est une ode a\u0300 l\u2019harmonie, elle conjugue les paradoxes, r\u00e9unit les contraires. La solidit\u00e9 du bronze semble se fondre dans la chaleur du cuir. Le confort devient une \u00e9vidence, la sobri\u00e9t\u00e9, une autre d\u00e9finition de la noblesse. Chaque pi\u00e8ce est limit\u00e9e, sign\u00e9e et num\u00e9rot\u00e9e, une fa\u00e7on d\u2019en assurer la singularit\u00e9.<\/p>\n","protected":false},"excerpt":{"rendered":"<p><p><em><span style=\"font-style: normal\" data-mce-style=\"font-style: normal;\">Edition limit\u00e9e : 8 pi\u00e8ces et 4 E.A.<br \/><\/span><\/em>RAD \u2013 Collection Galerie<br \/>Chaise longue en cuir avec piq\u00fbre sellier<br \/>Structure en bronze<br \/>Coussin en cuir inclus<\/p>\n<\/p>\n<p>L 180 x l 45 x H 55 cm<\/p>\n<p>Fabriqu\u00e9e \u00e0 la main en Italie<br \/>\nD\u00e9lais de production : 8 &#8211; 10 semaines<\/p>\n<p><span style=\"text-decoration: underline;\"><a href=\"https:\/\/www.theinvisiblecollection.com\/request-a-quote\/?product_id=44174\">Contactez-nous pour toute demande de devis ou de renseignements<\/a><\/span><\/p>\n","protected":false},"featured_media":155514,"template":"","meta":{"_acf_changed":false,"content-type":"","_themeisle_gutenberg_block_has_review":false},"product_brand":[],"product_cat":[8947,12499],"product_tag":[10136,12165,12166,12167,33319,8942,9015,9058,9229,9715],"product_designer":[8895],"comfabric":[],"manufacturer":[34221],"reporting_designer":[37724],"samplecomfabric":[],"designer_clubroom":[],"class_list":{"0":"post-44174","1":"product","2":"type-product","3":"status-publish","4":"has-post-thumbnail","6":"product_cat-bancs","7":"product_cat-assises","8":"product_tag-chaise-lounge","9":"product_tag-reda-amadou","10":"product_tag-rad-fr","11":"product_tag-gallery-collection-fr","12":"product_tag-edition-limitee","13":"product_tag-assise","14":"product_tag-cuir","15":"product_tag-bronze-fr-2","16":"product_tag-noir-fr-2","17":"product_tag-salon-fr-2","18":"product_designer-reda-amalou-fr","19":"manufacturer-reda-amalou-pick-up-cadogan-tate-cdg-fr","20":"reporting_designer-reda-amalou","22":"first","23":"instock","24":"taxable","25":"shipping-taxable","26":"purchasable","27":"product-type-simple"},"acf":[],"_links":{"self":[{"href":"https:\/\/theinvisiblecollection.com\/fr\/wp-json\/wp\/v2\/product\/44174","targetHints":{"allow":["GET"]}}],"collection":[{"href":"https:\/\/theinvisiblecollection.com\/fr\/wp-json\/wp\/v2\/product"}],"about":[{"href":"https:\/\/theinvisiblecollection.com\/fr\/wp-json\/wp\/v2\/types\/product"}],"wp:featuredmedia":[{"embeddable":true,"href":"https:\/\/theinvisiblecollection.com\/fr\/wp-json\/wp\/v2\/media\/155514"}],"wp:attachment":[{"href":"https:\/\/theinvisiblecollection.com\/fr\/wp-json\/wp\/v2\/media?parent=44174"}],"wp:term":[{"taxonomy":"product_brand","embeddable":true,"href":"https:\/\/theinvisiblecollection.com\/fr\/wp-json\/wp\/v2\/product_brand?post=44174"},{"taxonomy":"product_cat","embeddable":true,"href":"https:\/\/theinvisiblecollection.com\/fr\/wp-json\/wp\/v2\/product_cat?post=44174"},{"taxonomy":"product_tag","embeddable":true,"href":"https:\/\/theinvisiblecollection.com\/fr\/wp-json\/wp\/v2\/product_tag?post=44174"},{"taxonomy":"product_designer","embeddable":true,"href":"https:\/\/theinvisiblecollection.com\/fr\/wp-json\/wp\/v2\/product_designer?post=44174"},{"taxonomy":"comfabric","embeddable":true,"href":"https:\/\/theinvisiblecollection.com\/fr\/wp-json\/wp\/v2\/comfabric?post=44174"},{"taxonomy":"manufacturer","embeddable":true,"href":"https:\/\/theinvisiblecollection.com\/fr\/wp-json\/wp\/v2\/manufacturer?post=44174"},{"taxonomy":"reporting_designer","embeddable":true,"href":"https:\/\/theinvisiblecollection.com\/fr\/wp-json\/wp\/v2\/reporting_designer?post=44174"},{"taxonomy":"samplecomfabric","embeddable":true,"href":"https:\/\/theinvisiblecollection.com\/fr\/wp-json\/wp\/v2\/samplecomfabric?post=44174"},{"taxonomy":"clubroom_product_designer","embeddable":true,"href":"https:\/\/theinvisiblecollection.com\/fr\/wp-json\/wp\/v2\/designer_clubroom?post=44174"}],"curies":[{"name":"wp","href":"https:\/\/api.w.org\/{rel}","templated":true}]}}