{"id":44205,"date":"2020-07-09T13:51:54","date_gmt":"2020-07-09T12:51:54","guid":{"rendered":"https:\/\/www.theinvisiblecollection.com\/?post_type=product&#038;p=44205"},"modified":"2026-05-01T07:39:40","modified_gmt":"2026-05-01T07:39:40","slug":"reda-amalou-miroir-moon","status":"publish","type":"product","link":"https:\/\/theinvisiblecollection.com\/fr\/produit\/reda-amalou-miroir-moon\/","title":{"rendered":"Miroir Moon"},"content":{"rendered":"<p style=\"text-align: justify;\">Le Miroir Moon est un disque miroir de couleur, pose\u0301 en suspension dans un cadre. Celui-ci d\u00e9fini l\u2019espace de l\u2019objet qui n\u2019est plus contraint. Le bois, la laque et le verre se superposent pour cr\u00e9er un objet a\u0300 la fronti\u00e8re entre l\u2019art et le design, a\u0300 la fois \u0153uvre plastique et objet de design, cr\u00e9ant par la couleur un reflet \u00e9th\u00e9r\u00e9 de la r\u00e9alit\u00e9.<br \/>\nReda Amalou a imagin\u00e9 un miroir en opposition au miroir classique qui est traditionnellement d\u00e9fini par son cadre. Une pi\u00e8ce alliant simplicit\u00e9 et force. Le carre\u0301 le rond et la couleur s\u2019opposent, ils apportent un caract\u00e8re singulier, po\u00e9tique, et renforcent l\u2019impact visuel du miroir suspendu.<\/p>\n","protected":false},"excerpt":{"rendered":"<p><em><span style=\"font-style: normal;\">Edition limit\u00e9e : 8 pi\u00e8ces et 4 E.A.<br \/>\n<\/span><\/em>RAD \u2013 Collection Galerie<br \/>\nMiroir \u201cRouge Japon\u201d<br \/>\n\u00c9galement disponible en bleu<br \/>\nCadre en bois<\/p>\n<p>Disponible en deux dimensions :<br \/>\nMoyen : L 67.5 x l 9 x H 60 cm<br \/>\nGrand : L 160 x l 12 x H 140 cm<\/p>\n<p>Fabriqu\u00e9 \u00e0 la main en Italie<br \/>\nD\u00e9lais de production : 8 &#8211; 10 semaines<\/p>\n<p><span style=\"text-decoration: underline;\"><a href=\"https:\/\/www.theinvisiblecollection.com\/request-a-quote\/?product_id=44205\">Contactez-nous pour toute demande de devis ou de renseignements<\/a><\/span><\/p>\n","protected":false},"featured_media":44097,"template":"","meta":{"_acf_changed":false,"content-type":"","_themeisle_gutenberg_block_has_review":false},"product_brand":[],"product_cat":[7517,8225],"product_tag":[33319,8942,8993,9089,9794,11706,12166,12167,31477],"product_designer":[8895],"comfabric":[],"manufacturer":[34221],"reporting_designer":[37724],"samplecomfabric":[],"designer_clubroom":[],"class_list":{"0":"post-44205","1":"product","2":"type-product","3":"status-publish","4":"has-post-thumbnail","6":"product_cat-deco-fr","7":"product_cat-miroirs-fr","8":"product_tag-edition-limitee","9":"product_tag-assise","10":"product_tag-salon","11":"product_tag-miroir-fr-3","12":"product_tag-rouge","13":"product_tag-moon","14":"product_tag-rad-fr","15":"product_tag-gallery-collection-fr","16":"product_tag-st-curvy-fr","17":"pa_size-grand-fr","18":"pa_size-moyen","19":"product_designer-reda-amalou-fr","20":"manufacturer-reda-amalou-pick-up-cadogan-tate-cdg-fr","21":"reporting_designer-reda-amalou","23":"first","24":"instock","25":"taxable","26":"shipping-taxable","27":"purchasable","28":"product-type-variable"},"acf":[],"_links":{"self":[{"href":"https:\/\/theinvisiblecollection.com\/fr\/wp-json\/wp\/v2\/product\/44205","targetHints":{"allow":["GET"]}}],"collection":[{"href":"https:\/\/theinvisiblecollection.com\/fr\/wp-json\/wp\/v2\/product"}],"about":[{"href":"https:\/\/theinvisiblecollection.com\/fr\/wp-json\/wp\/v2\/types\/product"}],"wp:featuredmedia":[{"embeddable":true,"href":"https:\/\/theinvisiblecollection.com\/fr\/wp-json\/wp\/v2\/media\/44097"}],"wp:attachment":[{"href":"https:\/\/theinvisiblecollection.com\/fr\/wp-json\/wp\/v2\/media?parent=44205"}],"wp:term":[{"taxonomy":"product_brand","embeddable":true,"href":"https:\/\/theinvisiblecollection.com\/fr\/wp-json\/wp\/v2\/product_brand?post=44205"},{"taxonomy":"product_cat","embeddable":true,"href":"https:\/\/theinvisiblecollection.com\/fr\/wp-json\/wp\/v2\/product_cat?post=44205"},{"taxonomy":"product_tag","embeddable":true,"href":"https:\/\/theinvisiblecollection.com\/fr\/wp-json\/wp\/v2\/product_tag?post=44205"},{"taxonomy":"product_designer","embeddable":true,"href":"https:\/\/theinvisiblecollection.com\/fr\/wp-json\/wp\/v2\/product_designer?post=44205"},{"taxonomy":"comfabric","embeddable":true,"href":"https:\/\/theinvisiblecollection.com\/fr\/wp-json\/wp\/v2\/comfabric?post=44205"},{"taxonomy":"manufacturer","embeddable":true,"href":"https:\/\/theinvisiblecollection.com\/fr\/wp-json\/wp\/v2\/manufacturer?post=44205"},{"taxonomy":"reporting_designer","embeddable":true,"href":"https:\/\/theinvisiblecollection.com\/fr\/wp-json\/wp\/v2\/reporting_designer?post=44205"},{"taxonomy":"samplecomfabric","embeddable":true,"href":"https:\/\/theinvisiblecollection.com\/fr\/wp-json\/wp\/v2\/samplecomfabric?post=44205"},{"taxonomy":"clubroom_product_designer","embeddable":true,"href":"https:\/\/theinvisiblecollection.com\/fr\/wp-json\/wp\/v2\/designer_clubroom?post=44205"}],"curies":[{"name":"wp","href":"https:\/\/api.w.org\/{rel}","templated":true}]}}