{"id":44243,"date":"2020-07-09T14:19:28","date_gmt":"2020-07-09T13:19:28","guid":{"rendered":"https:\/\/www.theinvisiblecollection.com\/?post_type=product&#038;p=44243"},"modified":"2026-05-08T04:40:54","modified_gmt":"2026-05-08T04:40:54","slug":"reda-amalou-armoire-arja","status":"publish","type":"product","link":"https:\/\/theinvisiblecollection.com\/fr\/produit\/reda-amalou-armoire-arja\/","title":{"rendered":"Armoire Arja"},"content":{"rendered":"<p style=\"text-align: justify;\">Les portes de cette armoire sont habill\u00e9es d\u2019une marqueterie de paille cr\u00e9ant un motif radiant qui lui donne un subtil effet miroitant. Cette r\u00e9alisation exceptionnelle en marqueterie de paille, est un savoir-faire de tradition fran\u00e7aise remontant au 17<sup>e<\/sup> si\u00e8cle, command\u00e9e aujourd\u2019hui dans les ateliers Lison de Caunes a\u0300 Paris.<\/p>\n","protected":false},"excerpt":{"rendered":"<p><p><em><span style=\"font-style: normal\" data-mce-style=\"font-style: normal;\">Edition limit\u00e9e : 4 pi\u00e8ces<br \/><\/span><\/em>RAD \u2013 Collection Galerie<br \/>Portes avec un travail traditionnel de marqueterie de Paille<br \/>Pi\u00e8tement et encadrement bronze<br \/>Structure en noyer<\/p>\n<\/p>\n<p>L 130 x l 45 x H 220 cm<\/p>\n<p>Fabriqu\u00e9e \u00e0 la main en Italie<br \/>\nD\u00e9lais de production : 8 &#8211; 10 semaines<\/p>\n<p><a href=\"https:\/\/www.theinvisiblecollection.com\/fr\/contact-produit\/?product_id=44243\">Contactez-nous pour toute demande de devis ou de renseignements<\/a><\/p>\n","protected":false},"featured_media":43990,"template":"","meta":{"_acf_changed":false,"content-type":"","_themeisle_gutenberg_block_has_review":false},"product_brand":[],"product_cat":[8957,12505],"product_tag":[12167,12465,33319,8993,9015,9016,9058,9256,9423,9715,12165,12166],"product_designer":[8895],"comfabric":[],"manufacturer":[34221],"reporting_designer":[37724],"samplecomfabric":[],"designer_clubroom":[],"class_list":{"0":"post-44243","1":"product","2":"type-product","3":"status-publish","4":"has-post-thumbnail","6":"product_cat-commodes","7":"product_cat-rangements","8":"product_tag-gallery-collection-fr","9":"product_tag-walnut-fr","10":"product_tag-edition-limitee","11":"product_tag-salon","12":"product_tag-cuir","13":"product_tag-chambre-fr-2","14":"product_tag-bronze-fr-2","15":"product_tag-marqueterie-de-paille","16":"product_tag-storage","17":"product_tag-salon-fr-2","18":"product_tag-reda-amadou","19":"product_tag-rad-fr","20":"product_designer-reda-amalou-fr","21":"manufacturer-reda-amalou-pick-up-cadogan-tate-cdg-fr","22":"reporting_designer-reda-amalou","24":"first","25":"instock","26":"taxable","27":"shipping-taxable","28":"purchasable","29":"product-type-simple"},"acf":[],"_links":{"self":[{"href":"https:\/\/theinvisiblecollection.com\/fr\/wp-json\/wp\/v2\/product\/44243","targetHints":{"allow":["GET"]}}],"collection":[{"href":"https:\/\/theinvisiblecollection.com\/fr\/wp-json\/wp\/v2\/product"}],"about":[{"href":"https:\/\/theinvisiblecollection.com\/fr\/wp-json\/wp\/v2\/types\/product"}],"wp:featuredmedia":[{"embeddable":true,"href":"https:\/\/theinvisiblecollection.com\/fr\/wp-json\/wp\/v2\/media\/43990"}],"wp:attachment":[{"href":"https:\/\/theinvisiblecollection.com\/fr\/wp-json\/wp\/v2\/media?parent=44243"}],"wp:term":[{"taxonomy":"product_brand","embeddable":true,"href":"https:\/\/theinvisiblecollection.com\/fr\/wp-json\/wp\/v2\/product_brand?post=44243"},{"taxonomy":"product_cat","embeddable":true,"href":"https:\/\/theinvisiblecollection.com\/fr\/wp-json\/wp\/v2\/product_cat?post=44243"},{"taxonomy":"product_tag","embeddable":true,"href":"https:\/\/theinvisiblecollection.com\/fr\/wp-json\/wp\/v2\/product_tag?post=44243"},{"taxonomy":"product_designer","embeddable":true,"href":"https:\/\/theinvisiblecollection.com\/fr\/wp-json\/wp\/v2\/product_designer?post=44243"},{"taxonomy":"comfabric","embeddable":true,"href":"https:\/\/theinvisiblecollection.com\/fr\/wp-json\/wp\/v2\/comfabric?post=44243"},{"taxonomy":"manufacturer","embeddable":true,"href":"https:\/\/theinvisiblecollection.com\/fr\/wp-json\/wp\/v2\/manufacturer?post=44243"},{"taxonomy":"reporting_designer","embeddable":true,"href":"https:\/\/theinvisiblecollection.com\/fr\/wp-json\/wp\/v2\/reporting_designer?post=44243"},{"taxonomy":"samplecomfabric","embeddable":true,"href":"https:\/\/theinvisiblecollection.com\/fr\/wp-json\/wp\/v2\/samplecomfabric?post=44243"},{"taxonomy":"clubroom_product_designer","embeddable":true,"href":"https:\/\/theinvisiblecollection.com\/fr\/wp-json\/wp\/v2\/designer_clubroom?post=44243"}],"curies":[{"name":"wp","href":"https:\/\/api.w.org\/{rel}","templated":true}]}}