{"id":44258,"date":"2020-07-09T14:32:09","date_gmt":"2020-07-09T13:32:09","guid":{"rendered":"https:\/\/www.theinvisiblecollection.com\/?post_type=product&#038;p=44258"},"modified":"2026-05-01T07:39:40","modified_gmt":"2026-05-01T07:39:40","slug":"reda-amalou-bureau-edha","status":"publish","type":"product","link":"https:\/\/theinvisiblecollection.com\/fr\/produit\/reda-amalou-bureau-edha\/","title":{"rendered":"Bureau Edha"},"content":{"rendered":"<p style=\"text-align: justify;\">Une \u00e9l\u00e9gante structure en bronze surmont\u00e9e d\u2019un plateau de galuchat font de ce bureau d\u2019int\u00e9rieur une pi\u00e8ce d\u2019exception qui rend hommage a\u0300 un savoir-faire artisanal fran\u00e7ais. Au-del\u00e0 des mat\u00e9riaux, Reda Amalou a souhait\u00e9 jouer avec les proportions jusqu\u2019\u00e0 trouver l\u2019\u00e9quilibre parfait.<\/p>\n","protected":false},"excerpt":{"rendered":"<p><em><span style=\"font-style: normal;\">Edition limit\u00e9e : 8 pi\u00e8ces et 4 E.A.<br \/>\n<\/span><\/em>RAD \u2013 Collection Galerie<br \/>\nBureau d\u2019int\u00e9rieur avec un plateau gaine\u0301 de galuchat gris<br \/>\nPi\u00e9tement et poign\u00e9es des tiroirs en bronze patine\u0301 main<br \/>\nInt\u00e9rieur en noyer<br \/>\nDeux tiroirs inclus<\/p>\n<p>L 160 x l 61 x H 75 cm<\/p>\n<p>Fabriqu\u00e9 \u00e0 la main en Italie<br \/>\nD\u00e9lais de production : 8 &#8211; 10 semaines<\/p>\n<p><a href=\"https:\/\/www.theinvisiblecollection.com\/fr\/contact-produit\/?product_id=44258\" target=\"_blank\" rel=\"noopener\">Contactez-nous pour toute demande de devis ou de renseignements<\/a><\/p>\n","protected":false},"featured_media":2764756,"template":"","meta":{"_acf_changed":false,"content-type":"","_themeisle_gutenberg_block_has_review":false},"product_brand":[],"product_cat":[12503,13076,7704],"product_tag":[9015,9016,9058,9382,9640,12165,12166,12167,12465,33319,8993],"product_designer":[8895],"comfabric":[],"manufacturer":[34221],"reporting_designer":[37724],"samplecomfabric":[],"designer_clubroom":[],"class_list":{"0":"post-44258","1":"product","2":"type-product","3":"status-publish","4":"has-post-thumbnail","6":"product_cat-tables-fr","7":"product_cat-bureau-a-la-maison","8":"product_cat-bureaux-fr","9":"product_tag-cuir","10":"product_tag-chambre-fr-2","11":"product_tag-bronze-fr-2","12":"product_tag-home-office-fr-2","13":"product_tag-bureau-fr-2","14":"product_tag-reda-amadou","15":"product_tag-rad-fr","16":"product_tag-gallery-collection-fr","17":"product_tag-walnut-fr","18":"product_tag-edition-limitee","19":"product_tag-salon","20":"pa_size-grand-fr","21":"pa_size-moyen","22":"pa_size-petit","23":"product_designer-reda-amalou-fr","24":"manufacturer-reda-amalou-pick-up-cadogan-tate-cdg-fr","25":"reporting_designer-reda-amalou","27":"first","28":"instock","29":"taxable","30":"shipping-taxable","31":"purchasable","32":"product-type-variable"},"acf":[],"_links":{"self":[{"href":"https:\/\/theinvisiblecollection.com\/fr\/wp-json\/wp\/v2\/product\/44258","targetHints":{"allow":["GET"]}}],"collection":[{"href":"https:\/\/theinvisiblecollection.com\/fr\/wp-json\/wp\/v2\/product"}],"about":[{"href":"https:\/\/theinvisiblecollection.com\/fr\/wp-json\/wp\/v2\/types\/product"}],"wp:featuredmedia":[{"embeddable":true,"href":"https:\/\/theinvisiblecollection.com\/fr\/wp-json\/wp\/v2\/media\/2764756"}],"wp:attachment":[{"href":"https:\/\/theinvisiblecollection.com\/fr\/wp-json\/wp\/v2\/media?parent=44258"}],"wp:term":[{"taxonomy":"product_brand","embeddable":true,"href":"https:\/\/theinvisiblecollection.com\/fr\/wp-json\/wp\/v2\/product_brand?post=44258"},{"taxonomy":"product_cat","embeddable":true,"href":"https:\/\/theinvisiblecollection.com\/fr\/wp-json\/wp\/v2\/product_cat?post=44258"},{"taxonomy":"product_tag","embeddable":true,"href":"https:\/\/theinvisiblecollection.com\/fr\/wp-json\/wp\/v2\/product_tag?post=44258"},{"taxonomy":"product_designer","embeddable":true,"href":"https:\/\/theinvisiblecollection.com\/fr\/wp-json\/wp\/v2\/product_designer?post=44258"},{"taxonomy":"comfabric","embeddable":true,"href":"https:\/\/theinvisiblecollection.com\/fr\/wp-json\/wp\/v2\/comfabric?post=44258"},{"taxonomy":"manufacturer","embeddable":true,"href":"https:\/\/theinvisiblecollection.com\/fr\/wp-json\/wp\/v2\/manufacturer?post=44258"},{"taxonomy":"reporting_designer","embeddable":true,"href":"https:\/\/theinvisiblecollection.com\/fr\/wp-json\/wp\/v2\/reporting_designer?post=44258"},{"taxonomy":"samplecomfabric","embeddable":true,"href":"https:\/\/theinvisiblecollection.com\/fr\/wp-json\/wp\/v2\/samplecomfabric?post=44258"},{"taxonomy":"clubroom_product_designer","embeddable":true,"href":"https:\/\/theinvisiblecollection.com\/fr\/wp-json\/wp\/v2\/designer_clubroom?post=44258"}],"curies":[{"name":"wp","href":"https:\/\/api.w.org\/{rel}","templated":true}]}}