{"id":44349,"date":"2020-07-09T15:15:10","date_gmt":"2020-07-09T14:15:10","guid":{"rendered":"https:\/\/www.theinvisiblecollection.com\/?post_type=product&#038;p=44349"},"modified":"2026-05-01T07:39:40","modified_gmt":"2026-05-01T07:39:40","slug":"reda-amalou-cabinet-lala","status":"publish","type":"product","link":"https:\/\/theinvisiblecollection.com\/fr\/produit\/reda-amalou-cabinet-lala\/","title":{"rendered":"Cabinet Lala"},"content":{"rendered":"<p style=\"text-align: justify;\">Ce cabinet se distingue par son pr\u00e9cieux d\u00e9cor en \u00e9mail cloisonne\u0301. L\u2019art du cloisonne\u0301, autrefois r\u00e9serv\u00e9 a\u0300 l\u2019usage imp\u00e9rial, est ici uniquement adapte\u0301 aux carreaux. Reda Amalou revisite ce proc\u00e9d\u00e9 pour cr\u00e9er un meuble singulier, m\u00ealant un art ancestral \u00e0 un dessin g\u00e9om\u00e9trique contemporain.<\/p>\n","protected":false},"excerpt":{"rendered":"<p><p><em><span style=\"font-style: normal\" data-mce-style=\"font-style: normal;\">Edition limit\u00e9e : 8 pi\u00e8ces et 4 E.A.<br \/><\/span><\/em>RAD \u2013 Collection Galerie<br \/>Cabinet deux portes ou quatre portes<br \/>D\u00e9cor en \u00e9mail cloisonn\u00e9<br \/>Pi\u00e8tement et structure en noyer<\/p>\n<\/p>\n<p>Deux portes :<br \/>\nPetit : L 65.8 x l 34.8 x H 80 cm<br \/>\nGrand : L 96.2 x l 34.8 x H 80 cm<\/p>\n<p>Quatre portes :<br \/>\nPetit : L 131.8 x l 34.8 x H 80 cm<br \/>\nMoyen : L 162.2 x l 34.8 x H 80 cm<br \/>\nGrand : L 188.6 x l 38 x H 83 cm<\/p>\n<p>Fabriqu\u00e9 \u00e0 la main en Italie<br \/>\nD\u00e9lais de production : 8 &#8211; 10 semaines<\/p>\n<p><a href=\"https:\/\/www.theinvisiblecollection.com\/fr\/demande-de-devis\/?product_id=44349\" target=\"_blank\" rel=\"noopener\">Contactez-nous pour toute demande de devis ou de renseignements<\/a><\/p>\n","protected":false},"featured_media":44075,"template":"","meta":{"_acf_changed":false,"content-type":"","_themeisle_gutenberg_block_has_review":false},"product_brand":[],"product_cat":[8957,12505,12526],"product_tag":[10882,12165,12166,12167,12168,12169,12170,12171,33319,8857,8993,9016,9423,9456],"product_designer":[8895],"comfabric":[],"manufacturer":[34221],"reporting_designer":[37724],"samplecomfabric":[],"designer_clubroom":[],"class_list":{"0":"post-44349","1":"product","2":"type-product","3":"status-publish","4":"has-post-thumbnail","6":"product_cat-commodes","7":"product_cat-rangements","8":"product_cat-bars-et-cabinets","9":"product_tag-accessoires","10":"product_tag-reda-amadou","11":"product_tag-rad-fr","12":"product_tag-gallery-collection-fr","13":"product_tag-fortune-fr","14":"product_tag-lala-fr","15":"product_tag-deux-portes","16":"product_tag-cloisonne-fr","17":"product_tag-edition-limitee","18":"product_tag-table-de-chevet","19":"product_tag-salon","20":"product_tag-chambre-fr-2","21":"product_tag-storage","22":"product_tag-cabinet","23":"pa_size-deux-portes-grand","24":"pa_size-deux-portes-petit","25":"pa_size-quatre-portes-grand","26":"pa_size-quatre-portes-moyen","27":"pa_size-quatre-portes-petit","28":"product_designer-reda-amalou-fr","29":"manufacturer-reda-amalou-pick-up-cadogan-tate-cdg-fr","30":"reporting_designer-reda-amalou","32":"first","33":"instock","34":"taxable","35":"shipping-taxable","36":"purchasable","37":"product-type-variable"},"acf":[],"_links":{"self":[{"href":"https:\/\/theinvisiblecollection.com\/fr\/wp-json\/wp\/v2\/product\/44349","targetHints":{"allow":["GET"]}}],"collection":[{"href":"https:\/\/theinvisiblecollection.com\/fr\/wp-json\/wp\/v2\/product"}],"about":[{"href":"https:\/\/theinvisiblecollection.com\/fr\/wp-json\/wp\/v2\/types\/product"}],"wp:featuredmedia":[{"embeddable":true,"href":"https:\/\/theinvisiblecollection.com\/fr\/wp-json\/wp\/v2\/media\/44075"}],"wp:attachment":[{"href":"https:\/\/theinvisiblecollection.com\/fr\/wp-json\/wp\/v2\/media?parent=44349"}],"wp:term":[{"taxonomy":"product_brand","embeddable":true,"href":"https:\/\/theinvisiblecollection.com\/fr\/wp-json\/wp\/v2\/product_brand?post=44349"},{"taxonomy":"product_cat","embeddable":true,"href":"https:\/\/theinvisiblecollection.com\/fr\/wp-json\/wp\/v2\/product_cat?post=44349"},{"taxonomy":"product_tag","embeddable":true,"href":"https:\/\/theinvisiblecollection.com\/fr\/wp-json\/wp\/v2\/product_tag?post=44349"},{"taxonomy":"product_designer","embeddable":true,"href":"https:\/\/theinvisiblecollection.com\/fr\/wp-json\/wp\/v2\/product_designer?post=44349"},{"taxonomy":"comfabric","embeddable":true,"href":"https:\/\/theinvisiblecollection.com\/fr\/wp-json\/wp\/v2\/comfabric?post=44349"},{"taxonomy":"manufacturer","embeddable":true,"href":"https:\/\/theinvisiblecollection.com\/fr\/wp-json\/wp\/v2\/manufacturer?post=44349"},{"taxonomy":"reporting_designer","embeddable":true,"href":"https:\/\/theinvisiblecollection.com\/fr\/wp-json\/wp\/v2\/reporting_designer?post=44349"},{"taxonomy":"samplecomfabric","embeddable":true,"href":"https:\/\/theinvisiblecollection.com\/fr\/wp-json\/wp\/v2\/samplecomfabric?post=44349"},{"taxonomy":"clubroom_product_designer","embeddable":true,"href":"https:\/\/theinvisiblecollection.com\/fr\/wp-json\/wp\/v2\/designer_clubroom?post=44349"}],"curies":[{"name":"wp","href":"https:\/\/api.w.org\/{rel}","templated":true}]}}