{"id":4446605,"date":"2023-12-26T10:52:49","date_gmt":"2023-12-26T10:52:49","guid":{"rendered":"https:\/\/theinvisiblecollection.com\/?post_type=product&#038;p=4446605"},"modified":"2026-05-08T04:39:03","modified_gmt":"2026-05-08T04:39:03","slug":"pierre-augustin-rose-canape-minotaure","status":"publish","type":"product","link":"https:\/\/theinvisiblecollection.com\/fr\/produit\/pierre-augustin-rose-canape-minotaure\/","title":{"rendered":"Canap\u00e9 Minotaure"},"content":{"rendered":"<p style=\"text-align: justify;\">Le canap\u00e9 Minotaure de Pierre Augustin Rose illustre la beaut\u00e9 intemporelle du design scandinave. Cette pi\u00e8ce m\u00e9ticuleusement fabriqu\u00e9e propose des lignes courbes et une silhouette minimaliste qui allie le style et le confort. Avec ses lignes \u00e9pur\u00e9es et le contour concave du dossier qui se termine par des pointes en forme d&#8217;oreille, il est l&#8217;incarnation parfaite de la sophistication moderne.<\/p>\n","protected":false},"excerpt":{"rendered":"<p>Le canap\u00e9 Minotaure de Pierre Augustin Rose illustre la beaut\u00e9 intemporelle du design scandinave. Cette pi\u00e8ce m\u00e9ticuleusement fabriqu\u00e9e propose des lignes courbes et une silhouette minimaliste qui allie le style et le confort. Avec ses lignes \u00e9pur\u00e9es et le contour concave du dossier qui se termine par des pointes en forme d&#8217;oreille, il est l&#8217;incarnation [&hellip;]<\/p>\n","protected":false},"featured_media":4446580,"template":"","meta":{"_acf_changed":false,"content-type":"","_themeisle_gutenberg_block_has_review":false},"product_brand":[],"product_cat":[8976,12499],"product_tag":[14925,35206],"product_designer":[8908],"comfabric":[29018],"manufacturer":[16828],"reporting_designer":[37608],"samplecomfabric":[30018],"designer_clubroom":[],"class_list":{"0":"post-4446605","1":"product","2":"type-product","3":"status-publish","4":"has-post-thumbnail","6":"product_cat-canapes","7":"product_cat-assises","8":"product_tag-hpfav-fr","9":"product_tag-exclusive-fr","10":"product_designer-pierre-augustin-rose-fr","11":"comfabric-pierre-augustin-rose-fr","12":"manufacturer-charvin-logistics-saint-ouen-la-ex-egetra-fr","13":"reporting_designer-pierre-augustin-rose","14":"samplecomfabric-pierre-augustin-rose-fr","16":"first","17":"instock","18":"taxable","19":"shipping-taxable","20":"purchasable","21":"product-type-variable"},"acf":[],"_links":{"self":[{"href":"https:\/\/theinvisiblecollection.com\/fr\/wp-json\/wp\/v2\/product\/4446605","targetHints":{"allow":["GET"]}}],"collection":[{"href":"https:\/\/theinvisiblecollection.com\/fr\/wp-json\/wp\/v2\/product"}],"about":[{"href":"https:\/\/theinvisiblecollection.com\/fr\/wp-json\/wp\/v2\/types\/product"}],"wp:featuredmedia":[{"embeddable":true,"href":"https:\/\/theinvisiblecollection.com\/fr\/wp-json\/wp\/v2\/media\/4446580"}],"wp:attachment":[{"href":"https:\/\/theinvisiblecollection.com\/fr\/wp-json\/wp\/v2\/media?parent=4446605"}],"wp:term":[{"taxonomy":"product_brand","embeddable":true,"href":"https:\/\/theinvisiblecollection.com\/fr\/wp-json\/wp\/v2\/product_brand?post=4446605"},{"taxonomy":"product_cat","embeddable":true,"href":"https:\/\/theinvisiblecollection.com\/fr\/wp-json\/wp\/v2\/product_cat?post=4446605"},{"taxonomy":"product_tag","embeddable":true,"href":"https:\/\/theinvisiblecollection.com\/fr\/wp-json\/wp\/v2\/product_tag?post=4446605"},{"taxonomy":"product_designer","embeddable":true,"href":"https:\/\/theinvisiblecollection.com\/fr\/wp-json\/wp\/v2\/product_designer?post=4446605"},{"taxonomy":"comfabric","embeddable":true,"href":"https:\/\/theinvisiblecollection.com\/fr\/wp-json\/wp\/v2\/comfabric?post=4446605"},{"taxonomy":"manufacturer","embeddable":true,"href":"https:\/\/theinvisiblecollection.com\/fr\/wp-json\/wp\/v2\/manufacturer?post=4446605"},{"taxonomy":"reporting_designer","embeddable":true,"href":"https:\/\/theinvisiblecollection.com\/fr\/wp-json\/wp\/v2\/reporting_designer?post=4446605"},{"taxonomy":"samplecomfabric","embeddable":true,"href":"https:\/\/theinvisiblecollection.com\/fr\/wp-json\/wp\/v2\/samplecomfabric?post=4446605"},{"taxonomy":"clubroom_product_designer","embeddable":true,"href":"https:\/\/theinvisiblecollection.com\/fr\/wp-json\/wp\/v2\/designer_clubroom?post=4446605"}],"curies":[{"name":"wp","href":"https:\/\/api.w.org\/{rel}","templated":true}]}}