{"id":4446606,"date":"2024-04-08T07:51:11","date_gmt":"2024-04-08T07:51:11","guid":{"rendered":"https:\/\/theinvisiblecollection.com\/?post_type=product&#038;p=4446606"},"modified":"2026-05-08T04:39:03","modified_gmt":"2026-05-08T04:39:03","slug":"pierre-augustin-rose-table-basse-kalos","status":"publish","type":"product","link":"https:\/\/theinvisiblecollection.com\/fr\/produit\/pierre-augustin-rose-table-basse-kalos\/","title":{"rendered":"Table Basse Kalos"},"content":{"rendered":"<p style=\"text-align: justify;\">La table basse Kalos de Pierre Augustin Rose illustre l\u2019\u00e9quilibre entre la pr\u00e9cision et la douceur. Fabriqu\u00e9e avec une attention m\u00e9ticuleuse port\u00e9e aux d\u00e9tails, son design s&#8217;inspire de la litt\u00e9rature grecque, symbole de beaut\u00e9 et de noblesse. Elle offre des options de longueur personnalisables, ce qui permet de cr\u00e9er une pi\u00e8ce sur mesure qui s&#8217;int\u00e8gre parfaitement dans n&#8217;importe quel espace.<\/p>\n","protected":false},"excerpt":{"rendered":"<p>La table basse Kalos de Pierre Augustin Rose illustre l\u2019\u00e9quilibre entre la pr\u00e9cision et la douceur. Fabriqu\u00e9e avec une attention m\u00e9ticuleuse port\u00e9e aux d\u00e9tails, son design s&#8217;inspire de la litt\u00e9rature grecque, symbole de beaut\u00e9 et de noblesse. Elle offre des options de longueur personnalisables, ce qui permet de cr\u00e9er une pi\u00e8ce sur mesure qui s&#8217;int\u00e8gre [&hellip;]<\/p>\n","protected":false},"featured_media":4446590,"template":"","meta":{"_acf_changed":false,"content-type":"","_themeisle_gutenberg_block_has_review":false},"product_brand":[],"product_cat":[7509,12503],"product_tag":[9066,14925,31474,31477,35206],"product_designer":[8908],"comfabric":[29018],"manufacturer":[16828],"reporting_designer":[37608],"samplecomfabric":[30018],"designer_clubroom":[],"class_list":{"0":"post-4446606","1":"product","2":"type-product","3":"status-publish","4":"has-post-thumbnail","6":"product_cat-tables-basses-dappoint","7":"product_cat-tables-fr","8":"product_tag-table-basse","9":"product_tag-hpfav-fr","10":"product_tag-co-white-fr","11":"product_tag-st-curvy-fr","12":"product_tag-exclusive-fr","13":"product_designer-pierre-augustin-rose-fr","14":"comfabric-pierre-augustin-rose-fr","15":"manufacturer-charvin-logistics-saint-ouen-la-ex-egetra-fr","16":"reporting_designer-pierre-augustin-rose","17":"samplecomfabric-pierre-augustin-rose-fr","19":"first","20":"instock","21":"taxable","22":"shipping-taxable","23":"purchasable","24":"product-type-simple"},"acf":[],"_links":{"self":[{"href":"https:\/\/theinvisiblecollection.com\/fr\/wp-json\/wp\/v2\/product\/4446606","targetHints":{"allow":["GET"]}}],"collection":[{"href":"https:\/\/theinvisiblecollection.com\/fr\/wp-json\/wp\/v2\/product"}],"about":[{"href":"https:\/\/theinvisiblecollection.com\/fr\/wp-json\/wp\/v2\/types\/product"}],"wp:featuredmedia":[{"embeddable":true,"href":"https:\/\/theinvisiblecollection.com\/fr\/wp-json\/wp\/v2\/media\/4446590"}],"wp:attachment":[{"href":"https:\/\/theinvisiblecollection.com\/fr\/wp-json\/wp\/v2\/media?parent=4446606"}],"wp:term":[{"taxonomy":"product_brand","embeddable":true,"href":"https:\/\/theinvisiblecollection.com\/fr\/wp-json\/wp\/v2\/product_brand?post=4446606"},{"taxonomy":"product_cat","embeddable":true,"href":"https:\/\/theinvisiblecollection.com\/fr\/wp-json\/wp\/v2\/product_cat?post=4446606"},{"taxonomy":"product_tag","embeddable":true,"href":"https:\/\/theinvisiblecollection.com\/fr\/wp-json\/wp\/v2\/product_tag?post=4446606"},{"taxonomy":"product_designer","embeddable":true,"href":"https:\/\/theinvisiblecollection.com\/fr\/wp-json\/wp\/v2\/product_designer?post=4446606"},{"taxonomy":"comfabric","embeddable":true,"href":"https:\/\/theinvisiblecollection.com\/fr\/wp-json\/wp\/v2\/comfabric?post=4446606"},{"taxonomy":"manufacturer","embeddable":true,"href":"https:\/\/theinvisiblecollection.com\/fr\/wp-json\/wp\/v2\/manufacturer?post=4446606"},{"taxonomy":"reporting_designer","embeddable":true,"href":"https:\/\/theinvisiblecollection.com\/fr\/wp-json\/wp\/v2\/reporting_designer?post=4446606"},{"taxonomy":"samplecomfabric","embeddable":true,"href":"https:\/\/theinvisiblecollection.com\/fr\/wp-json\/wp\/v2\/samplecomfabric?post=4446606"},{"taxonomy":"clubroom_product_designer","embeddable":true,"href":"https:\/\/theinvisiblecollection.com\/fr\/wp-json\/wp\/v2\/designer_clubroom?post=4446606"}],"curies":[{"name":"wp","href":"https:\/\/api.w.org\/{rel}","templated":true}]}}