{"id":4447201,"date":"2023-12-18T14:18:53","date_gmt":"2023-12-18T14:18:53","guid":{"rendered":"https:\/\/theinvisiblecollection.com\/?post_type=product&#038;p=4447201"},"modified":"2026-05-08T04:39:03","modified_gmt":"2026-05-08T04:39:03","slug":"pinton-tapis-aurore","status":"publish","type":"product","link":"https:\/\/theinvisiblecollection.com\/fr\/produit\/pinton-tapis-aurore\/","title":{"rendered":"Tapis Aurore"},"content":{"rendered":"<p style=\"text-align: justify;\">Nicolas Aubagnac pr\u00e9sente en 2023 le premier tapis de sa collection &#8220;Carnet de Voyage \u00bb. Connu pour son amour des formes g\u00e9om\u00e9triques et sa passion pour l\u2019architecture, il est aussi un amoureux de la nature. Ce tapis, d\u00e9grad\u00e9 avec ses 19 couleurs, \u00e9voque les bleus de l\u2019aurore, un point de vue pr\u00e9cis de sa r\u00e9sidence sicilienne. Une pi\u00e8ce forte dans sa simplicit\u00e9, r\u00e9alis\u00e9e gr\u00e2ce au travail d\u2019experts en tapis d\u2019Aubusson, qui s\u2019int\u00e8gre dans tous les styles d\u2019int\u00e9rieurs.<\/p>\n","protected":false},"excerpt":{"rendered":"<p>Pinton x Chlo\u00e9 N\u00e8gre<br \/>\nTapis tuft\u00e9 main<br \/>\n100% laine<br \/>\nDimensions et couleurs sur-mesure sur demande<br \/>\nAntid\u00e9rapant inclus<\/p>\n<p>255 x 180 cm<\/p>\n<p>Fabriqu\u00e9 \u00e0 la main en France<br \/>\nD\u00e9lais de production : 8 semaines<\/p>\n<p><span style=\"text-decoration: underline;\"><span class=\"s1\"><a href=\"https:\/\/www.theinvisiblecollection.com\/fr\/demande-de-devis\/?product_id=108029\" target=\"_blank\" rel=\"noopener\">Contactez-nous pour toute demande de devis ou de<\/a><\/span><\/span><span class=\"s1\"><a href=\"https:\/\/www.theinvisiblecollection.com\/fr\/demande-de-devis\/?product_id=108034\" target=\"_blank\" rel=\"noopener\"> renseignements<\/a><\/span><\/p>\n","protected":false},"featured_media":4450683,"template":"","meta":{"_acf_changed":false,"content-type":"","_themeisle_gutenberg_block_has_review":false},"product_brand":[],"product_cat":[12540,12541],"product_tag":[14926],"product_designer":[14940,21592],"comfabric":[],"manufacturer":[16856],"reporting_designer":[37844],"samplecomfabric":[],"designer_clubroom":[],"class_list":{"0":"post-4447201","1":"product","2":"type-product","3":"status-publish","4":"has-post-thumbnail","6":"product_cat-tapis-fr","7":"product_cat-tufte-a-la-main","8":"product_tag-hplstfav-fr","9":"pa_size-dimensions-standards","10":"pa_size-dimensions-sur-mesure-fr","11":"product_designer-pinton-fr","12":"product_designer-nicolas-aubagnac-fr","13":"manufacturer-pinton-fr","14":"reporting_designer-nicolas-aubagnac","16":"first","17":"instock","18":"taxable","19":"shipping-taxable","20":"purchasable","21":"product-type-variable"},"acf":[],"_links":{"self":[{"href":"https:\/\/theinvisiblecollection.com\/fr\/wp-json\/wp\/v2\/product\/4447201","targetHints":{"allow":["GET"]}}],"collection":[{"href":"https:\/\/theinvisiblecollection.com\/fr\/wp-json\/wp\/v2\/product"}],"about":[{"href":"https:\/\/theinvisiblecollection.com\/fr\/wp-json\/wp\/v2\/types\/product"}],"wp:featuredmedia":[{"embeddable":true,"href":"https:\/\/theinvisiblecollection.com\/fr\/wp-json\/wp\/v2\/media\/4450683"}],"wp:attachment":[{"href":"https:\/\/theinvisiblecollection.com\/fr\/wp-json\/wp\/v2\/media?parent=4447201"}],"wp:term":[{"taxonomy":"product_brand","embeddable":true,"href":"https:\/\/theinvisiblecollection.com\/fr\/wp-json\/wp\/v2\/product_brand?post=4447201"},{"taxonomy":"product_cat","embeddable":true,"href":"https:\/\/theinvisiblecollection.com\/fr\/wp-json\/wp\/v2\/product_cat?post=4447201"},{"taxonomy":"product_tag","embeddable":true,"href":"https:\/\/theinvisiblecollection.com\/fr\/wp-json\/wp\/v2\/product_tag?post=4447201"},{"taxonomy":"product_designer","embeddable":true,"href":"https:\/\/theinvisiblecollection.com\/fr\/wp-json\/wp\/v2\/product_designer?post=4447201"},{"taxonomy":"comfabric","embeddable":true,"href":"https:\/\/theinvisiblecollection.com\/fr\/wp-json\/wp\/v2\/comfabric?post=4447201"},{"taxonomy":"manufacturer","embeddable":true,"href":"https:\/\/theinvisiblecollection.com\/fr\/wp-json\/wp\/v2\/manufacturer?post=4447201"},{"taxonomy":"reporting_designer","embeddable":true,"href":"https:\/\/theinvisiblecollection.com\/fr\/wp-json\/wp\/v2\/reporting_designer?post=4447201"},{"taxonomy":"samplecomfabric","embeddable":true,"href":"https:\/\/theinvisiblecollection.com\/fr\/wp-json\/wp\/v2\/samplecomfabric?post=4447201"},{"taxonomy":"clubroom_product_designer","embeddable":true,"href":"https:\/\/theinvisiblecollection.com\/fr\/wp-json\/wp\/v2\/designer_clubroom?post=4447201"}],"curies":[{"name":"wp","href":"https:\/\/api.w.org\/{rel}","templated":true}]}}