{"id":4450767,"date":"2023-12-19T09:55:42","date_gmt":"2023-12-19T09:55:42","guid":{"rendered":"https:\/\/theinvisiblecollection.com\/?post_type=product&#038;p=4450767"},"modified":"2026-05-01T07:37:49","modified_gmt":"2026-05-01T07:37:49","slug":"pinton-tapis-calcite","status":"publish","type":"product","link":"https:\/\/theinvisiblecollection.com\/fr\/produit\/pinton-tapis-calcite\/","title":{"rendered":"Tapis Calcite"},"content":{"rendered":"<p style=\"text-align: justify;\">Issu de la collection &#8220;Point de Ros\u00e9e&#8221; imagin\u00e9e par Ulrika Liljedahl, le tapis Calcite surprend par sa forme, \u00e0 la rencontre entre l\u2019animal et le v\u00e9g\u00e9tal. Le designer r\u00e9invente le scintillement d\u2019une goutte dans la lumi\u00e8re. Interpr\u00e9tation onirique de la nature, le tapis Calcite est inspir\u00e9e du \u00abvivant\u00bb et nous ouvre les portes d\u2019un imaginaire plein de secrets.<\/p>\n","protected":false},"excerpt":{"rendered":"<p>Pinton x Chlo\u00e9 N\u00e8gre<br \/>\nTapis tuft\u00e9 main<br \/>\n100% laine<br \/>\nDimensions et couleurs sur-mesure sur demande<br \/>\nAntid\u00e9rapant inclus<\/p>\n<p>255 x 180 cm<\/p>\n<p>Fabriqu\u00e9 \u00e0 la main en France<br \/>\nD\u00e9lais de production : 8 semaines<\/p>\n<p><span style=\"text-decoration: underline;\"><span class=\"s1\"><a href=\"https:\/\/www.theinvisiblecollection.com\/fr\/demande-de-devis\/?product_id=108029\" target=\"_blank\" rel=\"noopener\">Contactez-nous pour toute demande de devis ou de<\/a><\/span><\/span><span class=\"s1\"><a href=\"https:\/\/www.theinvisiblecollection.com\/fr\/demande-de-devis\/?product_id=108034\" target=\"_blank\" rel=\"noopener\"> renseignements<\/a><\/span><\/p>\n","protected":false},"featured_media":4450792,"template":"","meta":{"_acf_changed":false,"content-type":"","_themeisle_gutenberg_block_has_review":false},"product_brand":[],"product_cat":[12540,12541],"product_tag":[14926],"product_designer":[14940],"comfabric":[],"manufacturer":[16856],"reporting_designer":[37470],"samplecomfabric":[],"designer_clubroom":[],"class_list":{"0":"post-4450767","1":"product","2":"type-product","3":"status-publish","4":"has-post-thumbnail","6":"product_cat-tapis-fr","7":"product_cat-tufte-a-la-main","8":"product_tag-hplstfav-fr","9":"pa_size-dimensions-standards","10":"pa_size-dimensions-sur-mesure-fr","11":"product_designer-pinton-fr","12":"manufacturer-pinton-fr","13":"reporting_designer-pinton","15":"first","16":"instock","17":"taxable","18":"shipping-taxable","19":"purchasable","20":"product-type-variable"},"acf":[],"_links":{"self":[{"href":"https:\/\/theinvisiblecollection.com\/fr\/wp-json\/wp\/v2\/product\/4450767","targetHints":{"allow":["GET"]}}],"collection":[{"href":"https:\/\/theinvisiblecollection.com\/fr\/wp-json\/wp\/v2\/product"}],"about":[{"href":"https:\/\/theinvisiblecollection.com\/fr\/wp-json\/wp\/v2\/types\/product"}],"wp:featuredmedia":[{"embeddable":true,"href":"https:\/\/theinvisiblecollection.com\/fr\/wp-json\/wp\/v2\/media\/4450792"}],"wp:attachment":[{"href":"https:\/\/theinvisiblecollection.com\/fr\/wp-json\/wp\/v2\/media?parent=4450767"}],"wp:term":[{"taxonomy":"product_brand","embeddable":true,"href":"https:\/\/theinvisiblecollection.com\/fr\/wp-json\/wp\/v2\/product_brand?post=4450767"},{"taxonomy":"product_cat","embeddable":true,"href":"https:\/\/theinvisiblecollection.com\/fr\/wp-json\/wp\/v2\/product_cat?post=4450767"},{"taxonomy":"product_tag","embeddable":true,"href":"https:\/\/theinvisiblecollection.com\/fr\/wp-json\/wp\/v2\/product_tag?post=4450767"},{"taxonomy":"product_designer","embeddable":true,"href":"https:\/\/theinvisiblecollection.com\/fr\/wp-json\/wp\/v2\/product_designer?post=4450767"},{"taxonomy":"comfabric","embeddable":true,"href":"https:\/\/theinvisiblecollection.com\/fr\/wp-json\/wp\/v2\/comfabric?post=4450767"},{"taxonomy":"manufacturer","embeddable":true,"href":"https:\/\/theinvisiblecollection.com\/fr\/wp-json\/wp\/v2\/manufacturer?post=4450767"},{"taxonomy":"reporting_designer","embeddable":true,"href":"https:\/\/theinvisiblecollection.com\/fr\/wp-json\/wp\/v2\/reporting_designer?post=4450767"},{"taxonomy":"samplecomfabric","embeddable":true,"href":"https:\/\/theinvisiblecollection.com\/fr\/wp-json\/wp\/v2\/samplecomfabric?post=4450767"},{"taxonomy":"clubroom_product_designer","embeddable":true,"href":"https:\/\/theinvisiblecollection.com\/fr\/wp-json\/wp\/v2\/designer_clubroom?post=4450767"}],"curies":[{"name":"wp","href":"https:\/\/api.w.org\/{rel}","templated":true}]}}