{"id":4452134,"date":"2023-12-19T13:19:37","date_gmt":"2023-12-19T13:19:37","guid":{"rendered":"https:\/\/theinvisiblecollection.com\/?post_type=product&#038;p=4452134"},"modified":"2026-05-01T07:37:49","modified_gmt":"2026-05-01T07:37:49","slug":"pinton-tapis-gravitation","status":"publish","type":"product","link":"https:\/\/theinvisiblecollection.com\/fr\/produit\/pinton-tapis-gravitation\/","title":{"rendered":"Tapis Gravitation"},"content":{"rendered":"<p style=\"text-align: justify;\">Photos par Martin Mueller<\/p>\n<p style=\"text-align: justify;\">Mod\u00e8le haute couture tuft\u00e9 \u00e0 la main et fruit de la derni\u00e8re collaboration entre Alix Waline et PINTON, le tapis Gravitation en laine, lurex et fils de m\u00e9tal nous parle d\u2019\u00e9quilibre et d\u2019apesanteur au travers un jeu de formes superpos\u00e9es qui donnent l\u2019impression d\u2019\u00eatre aimant\u00e9es, presqu\u2019\u00e0 la mani\u00e8re de particules en l\u00e9vitation.<\/p>\n","protected":false},"excerpt":{"rendered":"<p>Pinton x Chlo\u00e9 N\u00e8gre<br \/>\nTapis tuft\u00e9 main<br \/>\n100% laine<br \/>\nDimensions et couleurs sur-mesure sur demande<br \/>\nAntid\u00e9rapant inclus<\/p>\n<p>255 x 180 cm<\/p>\n<p>Fabriqu\u00e9 \u00e0 la main en France<br \/>\nD\u00e9lais de production : 8 semaines<\/p>\n<p><span style=\"text-decoration: underline;\"><span class=\"s1\"><a href=\"https:\/\/www.theinvisiblecollection.com\/fr\/demande-de-devis\/?product_id=108029\" target=\"_blank\" rel=\"noopener\">Contactez-nous pour toute demande de devis ou de<\/a><\/span><\/span><span class=\"s1\"><a href=\"https:\/\/www.theinvisiblecollection.com\/fr\/demande-de-devis\/?product_id=108034\" target=\"_blank\" rel=\"noopener\"> renseignements<\/a><\/span><\/p>\n","protected":false},"featured_media":4452168,"template":"","meta":{"_acf_changed":false,"content-type":"","_themeisle_gutenberg_block_has_review":false},"product_brand":[],"product_cat":[12540,12541],"product_tag":[14926],"product_designer":[14940],"comfabric":[],"manufacturer":[16856],"reporting_designer":[37470],"samplecomfabric":[],"designer_clubroom":[],"class_list":{"0":"post-4452134","1":"product","2":"type-product","3":"status-publish","4":"has-post-thumbnail","6":"product_cat-tapis-fr","7":"product_cat-tufte-a-la-main","8":"product_tag-hplstfav-fr","9":"pa_size-dimensions-standards","10":"pa_size-dimensions-sur-mesure-fr","11":"product_designer-pinton-fr","12":"manufacturer-pinton-fr","13":"reporting_designer-pinton","15":"first","16":"instock","17":"taxable","18":"shipping-taxable","19":"purchasable","20":"product-type-variable"},"acf":[],"_links":{"self":[{"href":"https:\/\/theinvisiblecollection.com\/fr\/wp-json\/wp\/v2\/product\/4452134","targetHints":{"allow":["GET"]}}],"collection":[{"href":"https:\/\/theinvisiblecollection.com\/fr\/wp-json\/wp\/v2\/product"}],"about":[{"href":"https:\/\/theinvisiblecollection.com\/fr\/wp-json\/wp\/v2\/types\/product"}],"wp:featuredmedia":[{"embeddable":true,"href":"https:\/\/theinvisiblecollection.com\/fr\/wp-json\/wp\/v2\/media\/4452168"}],"wp:attachment":[{"href":"https:\/\/theinvisiblecollection.com\/fr\/wp-json\/wp\/v2\/media?parent=4452134"}],"wp:term":[{"taxonomy":"product_brand","embeddable":true,"href":"https:\/\/theinvisiblecollection.com\/fr\/wp-json\/wp\/v2\/product_brand?post=4452134"},{"taxonomy":"product_cat","embeddable":true,"href":"https:\/\/theinvisiblecollection.com\/fr\/wp-json\/wp\/v2\/product_cat?post=4452134"},{"taxonomy":"product_tag","embeddable":true,"href":"https:\/\/theinvisiblecollection.com\/fr\/wp-json\/wp\/v2\/product_tag?post=4452134"},{"taxonomy":"product_designer","embeddable":true,"href":"https:\/\/theinvisiblecollection.com\/fr\/wp-json\/wp\/v2\/product_designer?post=4452134"},{"taxonomy":"comfabric","embeddable":true,"href":"https:\/\/theinvisiblecollection.com\/fr\/wp-json\/wp\/v2\/comfabric?post=4452134"},{"taxonomy":"manufacturer","embeddable":true,"href":"https:\/\/theinvisiblecollection.com\/fr\/wp-json\/wp\/v2\/manufacturer?post=4452134"},{"taxonomy":"reporting_designer","embeddable":true,"href":"https:\/\/theinvisiblecollection.com\/fr\/wp-json\/wp\/v2\/reporting_designer?post=4452134"},{"taxonomy":"samplecomfabric","embeddable":true,"href":"https:\/\/theinvisiblecollection.com\/fr\/wp-json\/wp\/v2\/samplecomfabric?post=4452134"},{"taxonomy":"clubroom_product_designer","embeddable":true,"href":"https:\/\/theinvisiblecollection.com\/fr\/wp-json\/wp\/v2\/designer_clubroom?post=4452134"}],"curies":[{"name":"wp","href":"https:\/\/api.w.org\/{rel}","templated":true}]}}