{"id":4453253,"date":"2023-12-19T16:24:17","date_gmt":"2023-12-19T16:24:17","guid":{"rendered":"https:\/\/theinvisiblecollection.com\/?post_type=product&#038;p=4453253"},"modified":"2026-05-01T07:37:49","modified_gmt":"2026-05-01T07:37:49","slug":"pinton-tapis-ruisseau","status":"publish","type":"product","link":"https:\/\/theinvisiblecollection.com\/fr\/produit\/pinton-tapis-ruisseau\/","title":{"rendered":"Tapis Ruisseau"},"content":{"rendered":"<p style=\"text-align: justify;\">Pi\u00e8ce phare de la collaboration entre Ulrika Liljedah et Pinton, le tapis Ruisseau t\u00e9moigne du savoir-faire des artisans de la Maison Pinton. Tapis tuft\u00e9 \u00e0 la main m\u00e9langeant les mati\u00e8res nobles que sont la soie et le m\u00e9tal, le tapis Ruisseau porte bien son nom : ses reflets organiques et po\u00e9tiques attirent l\u2019\u0153il et incitent au toucher.<\/p>\n","protected":false},"excerpt":{"rendered":"<p>Pinton x Chlo\u00e9 N\u00e8gre<br \/>\nTapis tuft\u00e9 main<br \/>\n100% laine<br \/>\nDimensions et couleurs sur-mesure sur demande<br \/>\nAntid\u00e9rapant inclus<\/p>\n<p>255 x 180 cm<\/p>\n<p>Fabriqu\u00e9 \u00e0 la main en France<br \/>\nD\u00e9lais de production : 8 semaines<\/p>\n<p><span style=\"text-decoration: underline;\"><span class=\"s1\"><a href=\"https:\/\/www.theinvisiblecollection.com\/fr\/demande-de-devis\/?product_id=108029\" target=\"_blank\" rel=\"noopener\">Contactez-nous pour toute demande de devis ou de<\/a><\/span><\/span><span class=\"s1\"><a href=\"https:\/\/www.theinvisiblecollection.com\/fr\/demande-de-devis\/?product_id=108034\" target=\"_blank\" rel=\"noopener\"> renseignements<\/a><\/span><\/p>\n","protected":false},"featured_media":4453280,"template":"","meta":{"_acf_changed":false,"content-type":"","_themeisle_gutenberg_block_has_review":false},"product_brand":[],"product_cat":[12540,12541],"product_tag":[14926],"product_designer":[14940],"comfabric":[],"manufacturer":[16856],"reporting_designer":[37470],"samplecomfabric":[],"designer_clubroom":[],"class_list":{"0":"post-4453253","1":"product","2":"type-product","3":"status-publish","4":"has-post-thumbnail","6":"product_cat-tapis-fr","7":"product_cat-tufte-a-la-main","8":"product_tag-hplstfav-fr","9":"pa_size-dimensions-standards","10":"pa_size-dimensions-sur-mesure-fr","11":"product_designer-pinton-fr","12":"manufacturer-pinton-fr","13":"reporting_designer-pinton","15":"first","16":"instock","17":"taxable","18":"shipping-taxable","19":"purchasable","20":"product-type-variable"},"acf":[],"_links":{"self":[{"href":"https:\/\/theinvisiblecollection.com\/fr\/wp-json\/wp\/v2\/product\/4453253","targetHints":{"allow":["GET"]}}],"collection":[{"href":"https:\/\/theinvisiblecollection.com\/fr\/wp-json\/wp\/v2\/product"}],"about":[{"href":"https:\/\/theinvisiblecollection.com\/fr\/wp-json\/wp\/v2\/types\/product"}],"wp:featuredmedia":[{"embeddable":true,"href":"https:\/\/theinvisiblecollection.com\/fr\/wp-json\/wp\/v2\/media\/4453280"}],"wp:attachment":[{"href":"https:\/\/theinvisiblecollection.com\/fr\/wp-json\/wp\/v2\/media?parent=4453253"}],"wp:term":[{"taxonomy":"product_brand","embeddable":true,"href":"https:\/\/theinvisiblecollection.com\/fr\/wp-json\/wp\/v2\/product_brand?post=4453253"},{"taxonomy":"product_cat","embeddable":true,"href":"https:\/\/theinvisiblecollection.com\/fr\/wp-json\/wp\/v2\/product_cat?post=4453253"},{"taxonomy":"product_tag","embeddable":true,"href":"https:\/\/theinvisiblecollection.com\/fr\/wp-json\/wp\/v2\/product_tag?post=4453253"},{"taxonomy":"product_designer","embeddable":true,"href":"https:\/\/theinvisiblecollection.com\/fr\/wp-json\/wp\/v2\/product_designer?post=4453253"},{"taxonomy":"comfabric","embeddable":true,"href":"https:\/\/theinvisiblecollection.com\/fr\/wp-json\/wp\/v2\/comfabric?post=4453253"},{"taxonomy":"manufacturer","embeddable":true,"href":"https:\/\/theinvisiblecollection.com\/fr\/wp-json\/wp\/v2\/manufacturer?post=4453253"},{"taxonomy":"reporting_designer","embeddable":true,"href":"https:\/\/theinvisiblecollection.com\/fr\/wp-json\/wp\/v2\/reporting_designer?post=4453253"},{"taxonomy":"samplecomfabric","embeddable":true,"href":"https:\/\/theinvisiblecollection.com\/fr\/wp-json\/wp\/v2\/samplecomfabric?post=4453253"},{"taxonomy":"clubroom_product_designer","embeddable":true,"href":"https:\/\/theinvisiblecollection.com\/fr\/wp-json\/wp\/v2\/designer_clubroom?post=4453253"}],"curies":[{"name":"wp","href":"https:\/\/api.w.org\/{rel}","templated":true}]}}