{"id":4457548,"date":"2023-12-20T09:07:40","date_gmt":"2023-12-20T09:07:40","guid":{"rendered":"https:\/\/theinvisiblecollection.com\/?post_type=product&#038;p=4457548"},"modified":"2026-05-01T07:37:46","modified_gmt":"2026-05-01T07:37:46","slug":"pinton-tapis-revelation-rose","status":"publish","type":"product","link":"https:\/\/theinvisiblecollection.com\/fr\/produit\/pinton-tapis-revelation-rose\/","title":{"rendered":"Tapis Revelation Rose"},"content":{"rendered":"<p style=\"text-align: justify;\">Photos par Archik<\/p>\n<p style=\"text-align: justify;\">Pour sa collaboration avec la Maison Pinton, Pierre Gonalons met encore une fois l\u2019histoire au c\u0153ur de son travail. Impr\u00e9gn\u00e9 de r\u00e9f\u00e9rences \u00e0 la pop culture et aux arts d\u00e9coratifs, on reconna\u00eet le designer au choix des formes \u00e9pur\u00e9es du rond et du carr\u00e9, l\u2019un symbolisant la vie, l\u2019autre, la perfection. Ces formes, qui se c\u00f4toient et se m\u00ealent parfois, \u00e9voquent l\u2019id\u00e9e de la rencontre.<\/p>\n","protected":false},"excerpt":{"rendered":"<p>Pinton x Chlo\u00e9 N\u00e8gre<br \/>\nTapis tuft\u00e9 main<br \/>\n100% laine<br \/>\nDimensions et couleurs sur-mesure sur demande<br \/>\nAntid\u00e9rapant inclus<\/p>\n<p>255 x 180 cm<\/p>\n<p>Fabriqu\u00e9 \u00e0 la main en France<br \/>\nD\u00e9lais de production : 8 semaines<\/p>\n<p><span style=\"text-decoration: underline;\"><span class=\"s1\"><a href=\"https:\/\/www.theinvisiblecollection.com\/fr\/demande-de-devis\/?product_id=108029\" target=\"_blank\" rel=\"noopener\">Contactez-nous pour toute demande de devis ou de<\/a><\/span><\/span><span class=\"s1\"><a href=\"https:\/\/www.theinvisiblecollection.com\/fr\/demande-de-devis\/?product_id=108034\" target=\"_blank\" rel=\"noopener\"> renseignements<\/a><\/span><\/p>\n","protected":false},"featured_media":4457570,"template":"","meta":{"_acf_changed":false,"content-type":"","_themeisle_gutenberg_block_has_review":false},"product_brand":[],"product_cat":[12540,12541],"product_tag":[14926],"product_designer":[8910,14940],"comfabric":[],"manufacturer":[16856],"reporting_designer":[37878],"samplecomfabric":[],"designer_clubroom":[],"class_list":{"0":"post-4457548","1":"product","2":"type-product","3":"status-publish","4":"has-post-thumbnail","6":"product_cat-tapis-fr","7":"product_cat-tufte-a-la-main","8":"product_tag-hplstfav-fr","9":"pa_color-bleu-fr","10":"pa_color-rose-fr","11":"pa_color-vert-fr","12":"pa_size-dimensions-standards","13":"pa_size-dimensions-sur-mesure-fr","14":"product_designer-pierre-gonalons-fr","15":"product_designer-pinton-fr","16":"manufacturer-pinton-fr","17":"reporting_designer-pierre-gonalons","19":"first","20":"instock","21":"taxable","22":"shipping-taxable","23":"purchasable","24":"product-type-variable"},"acf":[],"_links":{"self":[{"href":"https:\/\/theinvisiblecollection.com\/fr\/wp-json\/wp\/v2\/product\/4457548","targetHints":{"allow":["GET"]}}],"collection":[{"href":"https:\/\/theinvisiblecollection.com\/fr\/wp-json\/wp\/v2\/product"}],"about":[{"href":"https:\/\/theinvisiblecollection.com\/fr\/wp-json\/wp\/v2\/types\/product"}],"wp:featuredmedia":[{"embeddable":true,"href":"https:\/\/theinvisiblecollection.com\/fr\/wp-json\/wp\/v2\/media\/4457570"}],"wp:attachment":[{"href":"https:\/\/theinvisiblecollection.com\/fr\/wp-json\/wp\/v2\/media?parent=4457548"}],"wp:term":[{"taxonomy":"product_brand","embeddable":true,"href":"https:\/\/theinvisiblecollection.com\/fr\/wp-json\/wp\/v2\/product_brand?post=4457548"},{"taxonomy":"product_cat","embeddable":true,"href":"https:\/\/theinvisiblecollection.com\/fr\/wp-json\/wp\/v2\/product_cat?post=4457548"},{"taxonomy":"product_tag","embeddable":true,"href":"https:\/\/theinvisiblecollection.com\/fr\/wp-json\/wp\/v2\/product_tag?post=4457548"},{"taxonomy":"product_designer","embeddable":true,"href":"https:\/\/theinvisiblecollection.com\/fr\/wp-json\/wp\/v2\/product_designer?post=4457548"},{"taxonomy":"comfabric","embeddable":true,"href":"https:\/\/theinvisiblecollection.com\/fr\/wp-json\/wp\/v2\/comfabric?post=4457548"},{"taxonomy":"manufacturer","embeddable":true,"href":"https:\/\/theinvisiblecollection.com\/fr\/wp-json\/wp\/v2\/manufacturer?post=4457548"},{"taxonomy":"reporting_designer","embeddable":true,"href":"https:\/\/theinvisiblecollection.com\/fr\/wp-json\/wp\/v2\/reporting_designer?post=4457548"},{"taxonomy":"samplecomfabric","embeddable":true,"href":"https:\/\/theinvisiblecollection.com\/fr\/wp-json\/wp\/v2\/samplecomfabric?post=4457548"},{"taxonomy":"clubroom_product_designer","embeddable":true,"href":"https:\/\/theinvisiblecollection.com\/fr\/wp-json\/wp\/v2\/designer_clubroom?post=4457548"}],"curies":[{"name":"wp","href":"https:\/\/api.w.org\/{rel}","templated":true}]}}