{"id":45096,"date":"2020-07-10T09:03:44","date_gmt":"2020-07-10T08:03:44","guid":{"rendered":"https:\/\/www.theinvisiblecollection.com\/?post_type=product&#038;p=45096"},"modified":"2026-05-08T04:40:52","modified_gmt":"2026-05-08T04:40:52","slug":"louise-liljencrantz-table-mar","status":"publish","type":"product","link":"https:\/\/theinvisiblecollection.com\/fr\/produit\/louise-liljencrantz-table-mar\/","title":{"rendered":"Table Mar"},"content":{"rendered":"<p style=\"text-align: justify;\">Con\u00e7ue par Louise Liljencrantz, la table MAR &#8211; <em>Mama\u2019s Rollin Table<\/em> &#8211;\u00a0se distingue par une esth\u00e9tique \u00e0 la fois pure et sculpturale, o\u00f9 la simplicit\u00e9 des lignes rencontre une ex\u00e9cution d\u2019une grande pr\u00e9cision. Ses pieds \u00e9pais \u00e0 coupe d\u2019onglet, prolong\u00e9s par des bases tourn\u00e9es \u00e0 la main, soutiennent un plateau minimaliste dont la g\u00e9om\u00e9trie subtile fait \u00e9cho \u00e0 l\u2019ouverture d\u00e9licate des pieds.<\/p>\n","protected":false},"excerpt":{"rendered":"<p>Plateau en acajou massif<br \/>\nBois fini et poli avec avec une laque brillante<\/p>\n<p class=\"p1\">L 300 x l 110 x H 72 cm<\/p>\n<p>Fabriqu\u00e9e \u00e0 la main \u00e0 Stockholm, en Su\u00e8de<br \/>\nD\u00e9lais de fabrication : 12 &#8211; 14 semaines<\/p>\n<p><span style=\"text-decoration: underline;\"><a href=\"https:\/\/www.theinvisiblecollection.com\/fr\/demande-de-devis\/?product_id=45096\">Contactez-nous pour toute demande de devis ou de renseignements<\/a><\/span><\/p>\n","protected":false},"featured_media":3595540,"template":"","meta":{"_acf_changed":false,"content-type":"","_themeisle_gutenberg_block_has_review":false},"product_brand":[],"product_cat":[8977,12503],"product_tag":[10268,11360,31477,35326],"product_designer":[8899],"comfabric":[],"manufacturer":[32679],"reporting_designer":[],"samplecomfabric":[],"designer_clubroom":[],"class_list":{"0":"post-45096","1":"product","2":"type-product","3":"status-publish","4":"has-post-thumbnail","6":"product_cat-tables-salle-a-manger","7":"product_cat-tables-fr","8":"product_tag-louise-liljencrantz-fr-fr","9":"product_tag-en-stock","10":"product_tag-st-curvy-fr","11":"product_tag-st-scandinavian-fr","12":"product_designer-veermakers-par-louise-liljencrantz-fr","13":"manufacturer-louise-liljencrantz-finland-atelier-fr","15":"first","16":"instock","17":"taxable","18":"shipping-taxable","19":"purchasable","20":"product-type-simple"},"acf":[],"_links":{"self":[{"href":"https:\/\/theinvisiblecollection.com\/fr\/wp-json\/wp\/v2\/product\/45096","targetHints":{"allow":["GET"]}}],"collection":[{"href":"https:\/\/theinvisiblecollection.com\/fr\/wp-json\/wp\/v2\/product"}],"about":[{"href":"https:\/\/theinvisiblecollection.com\/fr\/wp-json\/wp\/v2\/types\/product"}],"wp:featuredmedia":[{"embeddable":true,"href":"https:\/\/theinvisiblecollection.com\/fr\/wp-json\/wp\/v2\/media\/3595540"}],"wp:attachment":[{"href":"https:\/\/theinvisiblecollection.com\/fr\/wp-json\/wp\/v2\/media?parent=45096"}],"wp:term":[{"taxonomy":"product_brand","embeddable":true,"href":"https:\/\/theinvisiblecollection.com\/fr\/wp-json\/wp\/v2\/product_brand?post=45096"},{"taxonomy":"product_cat","embeddable":true,"href":"https:\/\/theinvisiblecollection.com\/fr\/wp-json\/wp\/v2\/product_cat?post=45096"},{"taxonomy":"product_tag","embeddable":true,"href":"https:\/\/theinvisiblecollection.com\/fr\/wp-json\/wp\/v2\/product_tag?post=45096"},{"taxonomy":"product_designer","embeddable":true,"href":"https:\/\/theinvisiblecollection.com\/fr\/wp-json\/wp\/v2\/product_designer?post=45096"},{"taxonomy":"comfabric","embeddable":true,"href":"https:\/\/theinvisiblecollection.com\/fr\/wp-json\/wp\/v2\/comfabric?post=45096"},{"taxonomy":"manufacturer","embeddable":true,"href":"https:\/\/theinvisiblecollection.com\/fr\/wp-json\/wp\/v2\/manufacturer?post=45096"},{"taxonomy":"reporting_designer","embeddable":true,"href":"https:\/\/theinvisiblecollection.com\/fr\/wp-json\/wp\/v2\/reporting_designer?post=45096"},{"taxonomy":"samplecomfabric","embeddable":true,"href":"https:\/\/theinvisiblecollection.com\/fr\/wp-json\/wp\/v2\/samplecomfabric?post=45096"},{"taxonomy":"clubroom_product_designer","embeddable":true,"href":"https:\/\/theinvisiblecollection.com\/fr\/wp-json\/wp\/v2\/designer_clubroom?post=45096"}],"curies":[{"name":"wp","href":"https:\/\/api.w.org\/{rel}","templated":true}]}}