{"id":45176,"date":"2020-07-10T10:05:39","date_gmt":"2020-07-10T10:05:39","guid":{"rendered":"https:\/\/www.theinvisiblecollection.com\/?post_type=product&#038;p=45176"},"modified":"2026-05-01T07:39:40","modified_gmt":"2026-05-01T07:39:40","slug":"francesco-balzano-console-giorgio-2-noyer","status":"publish","type":"product","link":"https:\/\/theinvisiblecollection.com\/fr\/produit\/francesco-balzano-console-giorgio-2-noyer\/","title":{"rendered":"Console Giorgio 2 Noyer"},"content":{"rendered":"<p style=\"text-align: justify;\">La collection Giorgio II fait suite \u00e0 une premi\u00e8re s\u00e9rie de mobilier, hommage aux peintures de Giorgio de Chirico. Les codes de l\u2019architecture minimale et classique imagin\u00e9s par le peintre ont inspir\u00e9 cette collection propos\u00e9e en deux finitions, laque ou bois. Pour Giorgio II, Francesco Balzano a cr\u00e9\u00e9 cinq pi\u00e8ces : une table, un banc, un gu\u00e9ridon, une console et une table d\u2019appoint.<\/p>\n","protected":false},"excerpt":{"rendered":"<p>Edition Limit\u00e9e 12 pi\u00e8ces<br \/>\nNoyer<\/p>\n<p>L 180 x l 50 x H 85 cm<\/p>\n<p>Fabriqu\u00e9e \u00e0 la main en France par les Ateliers Saint-Jacques<br \/>\nD\u00e9lais de fabrication : 22 &#8211; 26 semaines<\/p>\n<p><span style=\"text-decoration: underline;\"><a href=\"https:\/\/www.theinvisiblecollection.com\/fr\/demande-de-devis\/?product_id=45176\" target=\"_blank\" rel=\"noopener\">Contactez-nous pour toute demande de devis ou de renseignement<\/a><\/span><\/p>\n","protected":false},"featured_media":112189,"template":"","meta":{"_acf_changed":false,"content-type":"","_themeisle_gutenberg_block_has_review":false},"product_brand":[],"product_cat":[7675,12503],"product_tag":[8952,9522,9670,9964,9995,10001,12465,31477],"product_designer":[9965],"comfabric":[],"manufacturer":[16842],"reporting_designer":[37822],"samplecomfabric":[],"designer_clubroom":[],"class_list":{"0":"post-45176","1":"product","2":"type-product","3":"status-publish","4":"has-post-thumbnail","6":"product_cat-consoles-fr","7":"product_cat-tables-fr","8":"product_tag-bois-fr","9":"product_tag-a-la-main","10":"product_tag-console-fr-fr","11":"product_tag-ateliers-saint-jacques-fr","12":"product_tag-france-fr","13":"product_tag-giorgio-fr","14":"product_tag-walnut-fr","15":"product_tag-st-curvy-fr","16":"product_designer-francesco-balzano-fr","17":"manufacturer-ateliers-saint-jacques-fonderie-de-coubertin-fr","18":"reporting_designer-francesco-balzano","20":"first","21":"instock","22":"taxable","23":"shipping-taxable","24":"purchasable","25":"product-type-simple"},"acf":[],"_links":{"self":[{"href":"https:\/\/theinvisiblecollection.com\/fr\/wp-json\/wp\/v2\/product\/45176","targetHints":{"allow":["GET"]}}],"collection":[{"href":"https:\/\/theinvisiblecollection.com\/fr\/wp-json\/wp\/v2\/product"}],"about":[{"href":"https:\/\/theinvisiblecollection.com\/fr\/wp-json\/wp\/v2\/types\/product"}],"wp:featuredmedia":[{"embeddable":true,"href":"https:\/\/theinvisiblecollection.com\/fr\/wp-json\/wp\/v2\/media\/112189"}],"wp:attachment":[{"href":"https:\/\/theinvisiblecollection.com\/fr\/wp-json\/wp\/v2\/media?parent=45176"}],"wp:term":[{"taxonomy":"product_brand","embeddable":true,"href":"https:\/\/theinvisiblecollection.com\/fr\/wp-json\/wp\/v2\/product_brand?post=45176"},{"taxonomy":"product_cat","embeddable":true,"href":"https:\/\/theinvisiblecollection.com\/fr\/wp-json\/wp\/v2\/product_cat?post=45176"},{"taxonomy":"product_tag","embeddable":true,"href":"https:\/\/theinvisiblecollection.com\/fr\/wp-json\/wp\/v2\/product_tag?post=45176"},{"taxonomy":"product_designer","embeddable":true,"href":"https:\/\/theinvisiblecollection.com\/fr\/wp-json\/wp\/v2\/product_designer?post=45176"},{"taxonomy":"comfabric","embeddable":true,"href":"https:\/\/theinvisiblecollection.com\/fr\/wp-json\/wp\/v2\/comfabric?post=45176"},{"taxonomy":"manufacturer","embeddable":true,"href":"https:\/\/theinvisiblecollection.com\/fr\/wp-json\/wp\/v2\/manufacturer?post=45176"},{"taxonomy":"reporting_designer","embeddable":true,"href":"https:\/\/theinvisiblecollection.com\/fr\/wp-json\/wp\/v2\/reporting_designer?post=45176"},{"taxonomy":"samplecomfabric","embeddable":true,"href":"https:\/\/theinvisiblecollection.com\/fr\/wp-json\/wp\/v2\/samplecomfabric?post=45176"},{"taxonomy":"clubroom_product_designer","embeddable":true,"href":"https:\/\/theinvisiblecollection.com\/fr\/wp-json\/wp\/v2\/designer_clubroom?post=45176"}],"curies":[{"name":"wp","href":"https:\/\/api.w.org\/{rel}","templated":true}]}}