{"id":4543760,"date":"2024-01-17T10:23:47","date_gmt":"2024-01-17T10:23:47","guid":{"rendered":"https:\/\/theinvisiblecollection.com\/?post_type=product&#038;p=4543760"},"modified":"2026-05-01T07:37:46","modified_gmt":"2026-05-01T07:37:46","slug":"biobject-fauteuil-pulse","status":"publish","type":"product","link":"https:\/\/theinvisiblecollection.com\/fr\/produit\/biobject-fauteuil-pulse\/","title":{"rendered":"Fauteuil Pulse"},"content":{"rendered":"<p style=\"text-align: justify;\">Le fauteuil Pulse de Jo\u00eblle Rigal a \u00e9t\u00e9 con\u00e7u comme un objet massif mais souple et l\u00e9ger. Un nuage de confort. Comme un coup de pinceau entoure une aquarelle, le bois entoure et soutient la mousse. Il guide cet objet souple et vibrant en mouvement. La forme en soufflet est une vague ondulante dans laquelle on peut s&#8217;enfoncer. Les lignes de couture structurent le velours \u00e9pais, luxueux et s\u00e9duisant, r\u00e9v\u00e9lant des courbes soulign\u00e9es par un jeu de lumi\u00e8re. Ce fauteuil bas incarne la vision de Mercoeur Edition, r\u00e9alis\u00e9e en partenariat avec la Tapisserie Seigneur. Les traces de la pr\u00e9sence historique des artisans du meuble subsistent dans le 11e arrondissement de Paris. La Tapisserie Seigneur est garante de cette tradition.<\/p>\n","protected":false},"excerpt":{"rendered":"<p>Le fauteuil Pulse de Jo\u00eblle Rigal a \u00e9t\u00e9 con\u00e7u comme un objet massif mais souple et l\u00e9ger. Un nuage de confort. Comme un coup de pinceau entoure une aquarelle, le bois entoure et soutient la mousse. Il guide cet objet souple et vibrant en mouvement. La forme en soufflet est une vague ondulante dans laquelle [&hellip;]<\/p>\n","protected":false},"featured_media":4543745,"template":"","meta":{"_acf_changed":false,"content-type":"","_themeisle_gutenberg_block_has_review":false},"product_brand":[],"product_cat":[12499,8945],"product_tag":[33319,20434],"product_designer":[26734,20441],"comfabric":[],"manufacturer":[26722],"reporting_designer":[37480],"samplecomfabric":[],"designer_clubroom":[],"class_list":{"0":"post-4543760","1":"product","2":"type-product","3":"status-publish","4":"has-post-thumbnail","6":"product_cat-assises","7":"product_cat-fauteuils","8":"product_tag-edition-limitee","9":"product_tag-mobilier-national-fr","10":"product_designer-jolle-rigal-by-mercoeur-edition-fr","11":"product_designer-mobilier-national-fr","12":"manufacturer-mercoeur-edition-fr","13":"reporting_designer-mobilier-national","15":"first","16":"instock","17":"taxable","18":"shipping-taxable","19":"purchasable","20":"product-type-variable"},"acf":[],"_links":{"self":[{"href":"https:\/\/theinvisiblecollection.com\/fr\/wp-json\/wp\/v2\/product\/4543760","targetHints":{"allow":["GET"]}}],"collection":[{"href":"https:\/\/theinvisiblecollection.com\/fr\/wp-json\/wp\/v2\/product"}],"about":[{"href":"https:\/\/theinvisiblecollection.com\/fr\/wp-json\/wp\/v2\/types\/product"}],"wp:featuredmedia":[{"embeddable":true,"href":"https:\/\/theinvisiblecollection.com\/fr\/wp-json\/wp\/v2\/media\/4543745"}],"wp:attachment":[{"href":"https:\/\/theinvisiblecollection.com\/fr\/wp-json\/wp\/v2\/media?parent=4543760"}],"wp:term":[{"taxonomy":"product_brand","embeddable":true,"href":"https:\/\/theinvisiblecollection.com\/fr\/wp-json\/wp\/v2\/product_brand?post=4543760"},{"taxonomy":"product_cat","embeddable":true,"href":"https:\/\/theinvisiblecollection.com\/fr\/wp-json\/wp\/v2\/product_cat?post=4543760"},{"taxonomy":"product_tag","embeddable":true,"href":"https:\/\/theinvisiblecollection.com\/fr\/wp-json\/wp\/v2\/product_tag?post=4543760"},{"taxonomy":"product_designer","embeddable":true,"href":"https:\/\/theinvisiblecollection.com\/fr\/wp-json\/wp\/v2\/product_designer?post=4543760"},{"taxonomy":"comfabric","embeddable":true,"href":"https:\/\/theinvisiblecollection.com\/fr\/wp-json\/wp\/v2\/comfabric?post=4543760"},{"taxonomy":"manufacturer","embeddable":true,"href":"https:\/\/theinvisiblecollection.com\/fr\/wp-json\/wp\/v2\/manufacturer?post=4543760"},{"taxonomy":"reporting_designer","embeddable":true,"href":"https:\/\/theinvisiblecollection.com\/fr\/wp-json\/wp\/v2\/reporting_designer?post=4543760"},{"taxonomy":"samplecomfabric","embeddable":true,"href":"https:\/\/theinvisiblecollection.com\/fr\/wp-json\/wp\/v2\/samplecomfabric?post=4543760"},{"taxonomy":"clubroom_product_designer","embeddable":true,"href":"https:\/\/theinvisiblecollection.com\/fr\/wp-json\/wp\/v2\/designer_clubroom?post=4543760"}],"curies":[{"name":"wp","href":"https:\/\/api.w.org\/{rel}","templated":true}]}}