{"id":4547048,"date":"2024-01-17T10:19:42","date_gmt":"2024-01-17T10:19:42","guid":{"rendered":"https:\/\/theinvisiblecollection.com\/?post_type=product&#038;p=4547048"},"modified":"2026-05-01T07:37:46","modified_gmt":"2026-05-01T07:37:46","slug":"tim-leclabart-chaise-canne","status":"publish","type":"product","link":"https:\/\/theinvisiblecollection.com\/fr\/produit\/tim-leclabart-chaise-canne\/","title":{"rendered":"Chaise Cann\u00e9"},"content":{"rendered":"<p style=\"text-align: justify;\">Si le fauteuil Cann\u00e9 de Tim Leclabart a \u00e9t\u00e9 con\u00e7u pour \u00eatre beau, confortable et r\u00e9parable, il met \u00e9galement en valeur l&#8217;art du cannage. La base du fauteuil est habilement construite en contreplaqu\u00e9 de noyer am\u00e9ricain, un mat\u00e9riau reconnu pour sa stabilit\u00e9, sa r\u00e9silience et son esth\u00e9tisme. Ce choix permet de r\u00e9aliser des g\u00e9om\u00e9tries tr\u00e8s sp\u00e9cifiques, comme la courbe gracieusement bris\u00e9e des pieds avant. Il renforce la verticalit\u00e9 des pi\u00e8ces, cr\u00e9ant une ossature visible qui constitue un v\u00e9ritable \u00e9l\u00e9ment architectural au sein du meuble.<\/p>\n","protected":false},"excerpt":{"rendered":"<p>Si le fauteuil Cann\u00e9 de Tim Leclabart a \u00e9t\u00e9 con\u00e7u pour \u00eatre beau, confortable et r\u00e9parable, il met \u00e9galement en valeur l&#8217;art du cannage. La base du fauteuil est habilement construite en contreplaqu\u00e9 de noyer am\u00e9ricain, un mat\u00e9riau reconnu pour sa stabilit\u00e9, sa r\u00e9silience et son esth\u00e9tisme. Ce choix permet de r\u00e9aliser des g\u00e9om\u00e9tries tr\u00e8s [&hellip;]<\/p>\n","protected":false},"featured_media":4547025,"template":"","meta":{"_acf_changed":false,"content-type":"","_themeisle_gutenberg_block_has_review":false},"product_brand":[],"product_cat":[8945,12499],"product_tag":[33319,35326,20434,31477],"product_designer":[20441,26732],"comfabric":[],"manufacturer":[26714],"reporting_designer":[37776],"samplecomfabric":[],"designer_clubroom":[],"class_list":{"0":"post-4547048","1":"product","2":"type-product","3":"status-publish","4":"has-post-thumbnail","6":"product_cat-fauteuils","7":"product_cat-assises","8":"product_tag-edition-limitee","9":"product_tag-st-scandinavian-fr","10":"product_tag-mobilier-national-fr","11":"product_tag-st-curvy-fr","12":"product_designer-mobilier-national-fr","13":"product_designer-tim-leclabart-fr","14":"manufacturer-tim-leclabart-fr","15":"reporting_designer-tim-leclabart","16":"exhibitions-paris-fr","18":"first","19":"instock","20":"taxable","21":"shipping-taxable","22":"purchasable","23":"product-type-simple"},"acf":[],"_links":{"self":[{"href":"https:\/\/theinvisiblecollection.com\/fr\/wp-json\/wp\/v2\/product\/4547048","targetHints":{"allow":["GET"]}}],"collection":[{"href":"https:\/\/theinvisiblecollection.com\/fr\/wp-json\/wp\/v2\/product"}],"about":[{"href":"https:\/\/theinvisiblecollection.com\/fr\/wp-json\/wp\/v2\/types\/product"}],"wp:featuredmedia":[{"embeddable":true,"href":"https:\/\/theinvisiblecollection.com\/fr\/wp-json\/wp\/v2\/media\/4547025"}],"wp:attachment":[{"href":"https:\/\/theinvisiblecollection.com\/fr\/wp-json\/wp\/v2\/media?parent=4547048"}],"wp:term":[{"taxonomy":"product_brand","embeddable":true,"href":"https:\/\/theinvisiblecollection.com\/fr\/wp-json\/wp\/v2\/product_brand?post=4547048"},{"taxonomy":"product_cat","embeddable":true,"href":"https:\/\/theinvisiblecollection.com\/fr\/wp-json\/wp\/v2\/product_cat?post=4547048"},{"taxonomy":"product_tag","embeddable":true,"href":"https:\/\/theinvisiblecollection.com\/fr\/wp-json\/wp\/v2\/product_tag?post=4547048"},{"taxonomy":"product_designer","embeddable":true,"href":"https:\/\/theinvisiblecollection.com\/fr\/wp-json\/wp\/v2\/product_designer?post=4547048"},{"taxonomy":"comfabric","embeddable":true,"href":"https:\/\/theinvisiblecollection.com\/fr\/wp-json\/wp\/v2\/comfabric?post=4547048"},{"taxonomy":"manufacturer","embeddable":true,"href":"https:\/\/theinvisiblecollection.com\/fr\/wp-json\/wp\/v2\/manufacturer?post=4547048"},{"taxonomy":"reporting_designer","embeddable":true,"href":"https:\/\/theinvisiblecollection.com\/fr\/wp-json\/wp\/v2\/reporting_designer?post=4547048"},{"taxonomy":"samplecomfabric","embeddable":true,"href":"https:\/\/theinvisiblecollection.com\/fr\/wp-json\/wp\/v2\/samplecomfabric?post=4547048"},{"taxonomy":"clubroom_product_designer","embeddable":true,"href":"https:\/\/theinvisiblecollection.com\/fr\/wp-json\/wp\/v2\/designer_clubroom?post=4547048"}],"curies":[{"name":"wp","href":"https:\/\/api.w.org\/{rel}","templated":true}]}}