{"id":4547202,"date":"2024-01-17T10:16:31","date_gmt":"2024-01-17T10:16:31","guid":{"rendered":"https:\/\/theinvisiblecollection.com\/?post_type=product&#038;p=4547202"},"modified":"2026-05-01T07:37:46","modified_gmt":"2026-05-01T07:37:46","slug":"senequier-chaise-riviera","status":"publish","type":"product","link":"https:\/\/theinvisiblecollection.com\/fr\/produit\/senequier-chaise-riviera\/","title":{"rendered":"Chaises Riviera"},"content":{"rendered":"<p style=\"text-align: justify;\">La Chaise Riviera de S\u00e9n\u00e9quier est une r\u00e9interpr\u00e9tation des chaises traditionnelles en paille tress\u00e9e, un classique qui r\u00e9sonne dans notre inconscient collectif. La Chaise Riviera m\u00eale habilement tradition, nouveaux mat\u00e9riaux et m\u00e9thodes pour r\u00e9fl\u00e9chir \u00e0 l&#8217;identit\u00e9 de nos productions et de nos r\u00e9gions. En h\u00eatre frais\u00e9 num\u00e9riquement, son assise est tiss\u00e9e \u00e0 la main avec des amarres, clin d&#8217;\u0153il \u00e0 l&#8217;esprit marin de la M\u00e9diterran\u00e9e dont elle est issue.<\/p>\n","protected":false},"excerpt":{"rendered":"<p>La Chaise Riviera de S\u00e9n\u00e9quier est une r\u00e9interpr\u00e9tation des chaises traditionnelles en paille tress\u00e9e, un classique qui r\u00e9sonne dans notre inconscient collectif. La Chaise Riviera m\u00eale habilement tradition, nouveaux mat\u00e9riaux et m\u00e9thodes pour r\u00e9fl\u00e9chir \u00e0 l&#8217;identit\u00e9 de nos productions et de nos r\u00e9gions. En h\u00eatre frais\u00e9 num\u00e9riquement, son assise est tiss\u00e9e \u00e0 la main avec [&hellip;]<\/p>\n","protected":false},"featured_media":4547175,"template":"","meta":{"_acf_changed":false,"content-type":"","_themeisle_gutenberg_block_has_review":false},"product_brand":[],"product_cat":[8962,12499],"product_tag":[20434,33319],"product_designer":[20441,26748],"comfabric":[],"manufacturer":[26730],"reporting_designer":[37480],"samplecomfabric":[],"designer_clubroom":[],"class_list":{"0":"post-4547202","1":"product","2":"type-product","3":"status-publish","4":"has-post-thumbnail","6":"product_cat-chaises","7":"product_cat-assises","8":"product_tag-mobilier-national-fr","9":"product_tag-edition-limitee","10":"product_designer-mobilier-national-fr","11":"product_designer-senequier-fr","12":"manufacturer-snquier-fr","13":"reporting_designer-mobilier-national","15":"first","16":"instock","17":"taxable","18":"shipping-taxable","19":"purchasable","20":"product-type-simple"},"acf":[],"_links":{"self":[{"href":"https:\/\/theinvisiblecollection.com\/fr\/wp-json\/wp\/v2\/product\/4547202","targetHints":{"allow":["GET"]}}],"collection":[{"href":"https:\/\/theinvisiblecollection.com\/fr\/wp-json\/wp\/v2\/product"}],"about":[{"href":"https:\/\/theinvisiblecollection.com\/fr\/wp-json\/wp\/v2\/types\/product"}],"wp:featuredmedia":[{"embeddable":true,"href":"https:\/\/theinvisiblecollection.com\/fr\/wp-json\/wp\/v2\/media\/4547175"}],"wp:attachment":[{"href":"https:\/\/theinvisiblecollection.com\/fr\/wp-json\/wp\/v2\/media?parent=4547202"}],"wp:term":[{"taxonomy":"product_brand","embeddable":true,"href":"https:\/\/theinvisiblecollection.com\/fr\/wp-json\/wp\/v2\/product_brand?post=4547202"},{"taxonomy":"product_cat","embeddable":true,"href":"https:\/\/theinvisiblecollection.com\/fr\/wp-json\/wp\/v2\/product_cat?post=4547202"},{"taxonomy":"product_tag","embeddable":true,"href":"https:\/\/theinvisiblecollection.com\/fr\/wp-json\/wp\/v2\/product_tag?post=4547202"},{"taxonomy":"product_designer","embeddable":true,"href":"https:\/\/theinvisiblecollection.com\/fr\/wp-json\/wp\/v2\/product_designer?post=4547202"},{"taxonomy":"comfabric","embeddable":true,"href":"https:\/\/theinvisiblecollection.com\/fr\/wp-json\/wp\/v2\/comfabric?post=4547202"},{"taxonomy":"manufacturer","embeddable":true,"href":"https:\/\/theinvisiblecollection.com\/fr\/wp-json\/wp\/v2\/manufacturer?post=4547202"},{"taxonomy":"reporting_designer","embeddable":true,"href":"https:\/\/theinvisiblecollection.com\/fr\/wp-json\/wp\/v2\/reporting_designer?post=4547202"},{"taxonomy":"samplecomfabric","embeddable":true,"href":"https:\/\/theinvisiblecollection.com\/fr\/wp-json\/wp\/v2\/samplecomfabric?post=4547202"},{"taxonomy":"clubroom_product_designer","embeddable":true,"href":"https:\/\/theinvisiblecollection.com\/fr\/wp-json\/wp\/v2\/designer_clubroom?post=4547202"}],"curies":[{"name":"wp","href":"https:\/\/api.w.org\/{rel}","templated":true}]}}