{"id":4547782,"date":"2024-01-17T10:12:32","date_gmt":"2024-01-17T10:12:32","guid":{"rendered":"https:\/\/theinvisiblecollection.com\/?post_type=product&#038;p=4547782"},"modified":"2026-05-01T07:37:46","modified_gmt":"2026-05-01T07:37:46","slug":"alexandre-labruyere-gueridon-petiole","status":"publish","type":"product","link":"https:\/\/theinvisiblecollection.com\/fr\/produit\/alexandre-labruyere-gueridon-petiole\/","title":{"rendered":"Gu\u00e9ridon P\u00e9tiole"},"content":{"rendered":"<p style=\"text-align: justify;\">La table d&#8217;appoint Petiole, con\u00e7ue par Alexandre Labruy\u00e8re, tire son nom et sa forme du p\u00e9tiole &#8211; la tige qui relie la feuille \u00e0 la branche &#8211; qui les r\u00e9unit en une unit\u00e9 homog\u00e8ne. Cet objet incarne la douceur et la fluidit\u00e9, la base \u00e9tant l&#8217;\u00e9l\u00e9ment fondateur qui soutient l&#8217;ensemble de la pi\u00e8ce. Fabriqu\u00e9 selon la technique du cintrage \u00e0 la vapeur, le bois est pouss\u00e9 jusqu&#8217;aux limites de son \u00e9lasticit\u00e9.&#8221;<\/p>\n","protected":false},"excerpt":{"rendered":"<p>La table d&#8217;appoint Petiole, con\u00e7ue par Alexandre Labruy\u00e8re, tire son nom et sa forme du p\u00e9tiole &#8211; la tige qui relie la feuille \u00e0 la branche &#8211; qui les r\u00e9unit en une unit\u00e9 homog\u00e8ne. Cet objet incarne la douceur et la fluidit\u00e9, la base \u00e9tant l&#8217;\u00e9l\u00e9ment fondateur qui soutient l&#8217;ensemble de la pi\u00e8ce. Fabriqu\u00e9 selon [&hellip;]<\/p>\n","protected":false},"featured_media":4547759,"template":"","meta":{"_acf_changed":false,"content-type":"","_themeisle_gutenberg_block_has_review":false},"product_brand":[],"product_cat":[12332,12503],"product_tag":[33319,20434,22790,31477],"product_designer":[19922,20441],"comfabric":[],"manufacturer":[19920],"reporting_designer":[37636],"samplecomfabric":[],"designer_clubroom":[],"class_list":{"0":"post-4547782","1":"product","2":"type-product","3":"status-publish","4":"has-post-thumbnail","6":"product_cat-tables-dappoint","7":"product_cat-tables-fr","8":"product_tag-edition-limitee","9":"product_tag-mobilier-national-fr","10":"product_tag-disponible-immediatement","11":"product_tag-st-curvy-fr","12":"product_designer-alexandre-labruyere-fr","13":"product_designer-mobilier-national-fr","14":"manufacturer-alexandre-labruyre-atelier-la-cofabrik-fr","15":"reporting_designer-alexandre-labruyere","16":"exhibitions-paris-fr","18":"first","19":"instock","20":"taxable","21":"shipping-taxable","22":"purchasable","23":"product-type-simple"},"acf":[],"_links":{"self":[{"href":"https:\/\/theinvisiblecollection.com\/fr\/wp-json\/wp\/v2\/product\/4547782","targetHints":{"allow":["GET"]}}],"collection":[{"href":"https:\/\/theinvisiblecollection.com\/fr\/wp-json\/wp\/v2\/product"}],"about":[{"href":"https:\/\/theinvisiblecollection.com\/fr\/wp-json\/wp\/v2\/types\/product"}],"wp:featuredmedia":[{"embeddable":true,"href":"https:\/\/theinvisiblecollection.com\/fr\/wp-json\/wp\/v2\/media\/4547759"}],"wp:attachment":[{"href":"https:\/\/theinvisiblecollection.com\/fr\/wp-json\/wp\/v2\/media?parent=4547782"}],"wp:term":[{"taxonomy":"product_brand","embeddable":true,"href":"https:\/\/theinvisiblecollection.com\/fr\/wp-json\/wp\/v2\/product_brand?post=4547782"},{"taxonomy":"product_cat","embeddable":true,"href":"https:\/\/theinvisiblecollection.com\/fr\/wp-json\/wp\/v2\/product_cat?post=4547782"},{"taxonomy":"product_tag","embeddable":true,"href":"https:\/\/theinvisiblecollection.com\/fr\/wp-json\/wp\/v2\/product_tag?post=4547782"},{"taxonomy":"product_designer","embeddable":true,"href":"https:\/\/theinvisiblecollection.com\/fr\/wp-json\/wp\/v2\/product_designer?post=4547782"},{"taxonomy":"comfabric","embeddable":true,"href":"https:\/\/theinvisiblecollection.com\/fr\/wp-json\/wp\/v2\/comfabric?post=4547782"},{"taxonomy":"manufacturer","embeddable":true,"href":"https:\/\/theinvisiblecollection.com\/fr\/wp-json\/wp\/v2\/manufacturer?post=4547782"},{"taxonomy":"reporting_designer","embeddable":true,"href":"https:\/\/theinvisiblecollection.com\/fr\/wp-json\/wp\/v2\/reporting_designer?post=4547782"},{"taxonomy":"samplecomfabric","embeddable":true,"href":"https:\/\/theinvisiblecollection.com\/fr\/wp-json\/wp\/v2\/samplecomfabric?post=4547782"},{"taxonomy":"clubroom_product_designer","embeddable":true,"href":"https:\/\/theinvisiblecollection.com\/fr\/wp-json\/wp\/v2\/designer_clubroom?post=4547782"}],"curies":[{"name":"wp","href":"https:\/\/api.w.org\/{rel}","templated":true}]}}