{"id":45500,"date":"2021-04-18T09:00:32","date_gmt":"2021-04-18T08:00:32","guid":{"rendered":"https:\/\/www.theinvisiblecollection.com\/?post_type=product&#038;p=45500"},"modified":"2026-05-08T04:40:52","modified_gmt":"2026-05-08T04:40:52","slug":"francesco-balzano-table-apollo-resine","status":"publish","type":"product","link":"https:\/\/theinvisiblecollection.com\/fr\/produit\/francesco-balzano-table-apollo-resine\/","title":{"rendered":"Table Apollo R\u00e9sine"},"content":{"rendered":"<p style=\"text-align: justify;\">La collection Apollo est un hommage au peintre Cy Twombly. Elle puise son inspiration dans sa maison romaine qu\u2019il a plusieurs fois photographi\u00e9e. La collection comprend une table, une table basse, deux tables plus petites et une colonne, les formes des pi\u00e8ces rendent hommage \u00e0 la simplicit\u00e9 et la puret\u00e9 de son travail. Les mat\u00e9riaux \u2013 r\u00e9sine et marbre Estremoz \u2013 sont doux comme le trait de ses peintures, et les couleurs sont l\u2019\u00e9cho de son travail de photographe. La collection porte le nom d\u2019une de ses oeuvres.<\/p>\n","protected":false},"excerpt":{"rendered":"<p>Table en r\u00e9sine rose clair<br \/>\n<a href=\"https:\/\/www.theinvisiblecollection.com\/wp-content\/uploads\/2020\/07\/TIC_FrancescoBalzano_ResinSamples.pdf\" target=\"_blank\" rel=\"noopener\"><span style=\"text-decoration: underline;\">D\u00e9couvrez la s\u00e9lection de r\u00e9sines ici<\/span><\/a><\/p>\n<p>\u00d8 180 x H 74 cm<\/p>\n<div>Fabriqu\u00e9e \u00e0 la main en France<\/div>\n<div>D\u00e9lais de fabrication : 14 &#8211; 16 semaines<\/div>\n<div>\n<p><span style=\"text-decoration: underline;\"><a href=\"https:\/\/www.theinvisiblecollection.com\/fr\/contact-produit\/?product_id=82109\" target=\"_blank\" rel=\"noopener\">Contactez-nous pour toute demande de devis ou de renseignements<\/a><\/span><\/p>\n<\/div>\n","protected":false},"featured_media":112175,"template":"","meta":{"_acf_changed":false,"content-type":"","_themeisle_gutenberg_block_has_review":false},"product_brand":[],"product_cat":[8977,12503],"product_tag":[8855,8955,9195,9959,10070,31477],"product_designer":[9965],"comfabric":[],"manufacturer":[16882],"reporting_designer":[37822],"samplecomfabric":[],"designer_clubroom":[],"class_list":{"0":"post-45500","1":"product","2":"type-product","3":"status-publish","4":"has-post-thumbnail","6":"product_cat-tables-salle-a-manger","7":"product_cat-tables-fr","8":"product_tag-table-fr-3","9":"product_tag-table","10":"product_tag-resine","11":"product_tag-francesco-balzano-fr","12":"product_tag-balzano-fr","13":"product_tag-st-curvy-fr","14":"product_designer-francesco-balzano-fr","15":"manufacturer-s-t-r-s-fr","16":"reporting_designer-francesco-balzano","18":"first","19":"instock","20":"featured","21":"taxable","22":"shipping-taxable","23":"purchasable","24":"product-type-simple"},"acf":[],"_links":{"self":[{"href":"https:\/\/theinvisiblecollection.com\/fr\/wp-json\/wp\/v2\/product\/45500","targetHints":{"allow":["GET"]}}],"collection":[{"href":"https:\/\/theinvisiblecollection.com\/fr\/wp-json\/wp\/v2\/product"}],"about":[{"href":"https:\/\/theinvisiblecollection.com\/fr\/wp-json\/wp\/v2\/types\/product"}],"wp:featuredmedia":[{"embeddable":true,"href":"https:\/\/theinvisiblecollection.com\/fr\/wp-json\/wp\/v2\/media\/112175"}],"wp:attachment":[{"href":"https:\/\/theinvisiblecollection.com\/fr\/wp-json\/wp\/v2\/media?parent=45500"}],"wp:term":[{"taxonomy":"product_brand","embeddable":true,"href":"https:\/\/theinvisiblecollection.com\/fr\/wp-json\/wp\/v2\/product_brand?post=45500"},{"taxonomy":"product_cat","embeddable":true,"href":"https:\/\/theinvisiblecollection.com\/fr\/wp-json\/wp\/v2\/product_cat?post=45500"},{"taxonomy":"product_tag","embeddable":true,"href":"https:\/\/theinvisiblecollection.com\/fr\/wp-json\/wp\/v2\/product_tag?post=45500"},{"taxonomy":"product_designer","embeddable":true,"href":"https:\/\/theinvisiblecollection.com\/fr\/wp-json\/wp\/v2\/product_designer?post=45500"},{"taxonomy":"comfabric","embeddable":true,"href":"https:\/\/theinvisiblecollection.com\/fr\/wp-json\/wp\/v2\/comfabric?post=45500"},{"taxonomy":"manufacturer","embeddable":true,"href":"https:\/\/theinvisiblecollection.com\/fr\/wp-json\/wp\/v2\/manufacturer?post=45500"},{"taxonomy":"reporting_designer","embeddable":true,"href":"https:\/\/theinvisiblecollection.com\/fr\/wp-json\/wp\/v2\/reporting_designer?post=45500"},{"taxonomy":"samplecomfabric","embeddable":true,"href":"https:\/\/theinvisiblecollection.com\/fr\/wp-json\/wp\/v2\/samplecomfabric?post=45500"},{"taxonomy":"clubroom_product_designer","embeddable":true,"href":"https:\/\/theinvisiblecollection.com\/fr\/wp-json\/wp\/v2\/designer_clubroom?post=45500"}],"curies":[{"name":"wp","href":"https:\/\/api.w.org\/{rel}","templated":true}]}}