{"id":45535,"date":"2021-03-10T10:29:07","date_gmt":"2021-03-10T09:29:07","guid":{"rendered":"https:\/\/www.theinvisiblecollection.com\/?post_type=product&#038;p=45535"},"modified":"2026-05-01T07:39:40","modified_gmt":"2026-05-01T07:39:40","slug":"emmanuelle-simon-bibliotheque-jonathan","status":"publish","type":"product","link":"https:\/\/theinvisiblecollection.com\/fr\/produit\/emmanuelle-simon-bibliotheque-jonathan\/","title":{"rendered":"Biblioth\u00e8que Jonathan"},"content":{"rendered":"<p style=\"text-align: justify;\"><em>Photos de Damien de Medeiros<\/em><\/p>\n<p style=\"text-align: justify;\"><span class=\"TextRun SCXW138829324 BCX0\" lang=\"FR-FR\" xml:lang=\"FR-FR\" data-contrast=\"auto\"><span class=\"NormalTextRun SCXW138829324 BCX0\">La collection <\/span><span class=\"NormalTextRun SCXW138829324 BCX0\">J<\/span><span class=\"NormalTextRun SCXW138829324 BCX0\">onathan<\/span> <span class=\"NormalTextRun SpellingErrorV2Themed SCXW138829324 BCX0\">me\u0302le<\/span> <span class=\"NormalTextRun SpellingErrorV2Themed SCXW138829324 BCX0\">fonctionnalite<\/span><span class=\"NormalTextRun SCXW138829324 BCX0\">\u0301 et <\/span><span class=\"NormalTextRun SpellingErrorV2Themed SCXW138829324 BCX0\">esthe\u0301tisme<\/span><span class=\"NormalTextRun SCXW138829324 BCX0\">. Le <\/span><span class=\"NormalTextRun SpellingErrorV2Themed SCXW138829324 BCX0\">syste\u0300me<\/span><span class=\"NormalTextRun SCXW138829324 BCX0\"> modulable et <\/span><span class=\"NormalTextRun SCXW138829324 BCX0\">personnalisable<\/span><span class=\"NormalTextRun SCXW138829324 BCX0\"> de la <\/span><span class=\"NormalTextRun SpellingErrorV2Themed SCXW138829324 BCX0\">bibliothe\u0300que<\/span><span class=\"NormalTextRun SCXW138829324 BCX0\"> assure <\/span><span class=\"NormalTextRun SCXW138829324 BCX0\">une<\/span> <span class=\"NormalTextRun SpellingErrorV2Themed SCXW138829324 BCX0\">liberte<\/span><span class=\"NormalTextRun SCXW138829324 BCX0\">\u0301 de composition et <\/span><span class=\"NormalTextRun SCXW138829324 BCX0\">une<\/span> <span class=\"NormalTextRun SCXW138829324 BCX0\">l\u00e9g\u00e8ret\u00e9 <\/span><span class=\"NormalTextRun SCXW138829324 BCX0\">dans <\/span><span class=\"NormalTextRun SCXW138829324 BCX0\">l\u2019espace<\/span><span class=\"NormalTextRun SCXW138829324 BCX0\">. <\/span><span class=\"NormalTextRun SCXW138829324 BCX0\">L\u2019assemblage<\/span><span class=\"NormalTextRun SCXW138829324 BCX0\"> de <\/span><span class=\"NormalTextRun SCXW138829324 BCX0\">mat\u00e9riaux<\/span><span class=\"NormalTextRun SCXW138829324 BCX0\"> nobles<\/span><span class=\"NormalTextRun SCXW138829324 BCX0\">,<\/span> <span class=\"NormalTextRun SCXW138829324 BCX0\">tels<\/span><span class=\"NormalTextRun SCXW138829324 BCX0\"> que le raku, le <\/span><span class=\"NormalTextRun SCXW138829324 BCX0\">bois<\/span><span class=\"NormalTextRun SCXW138829324 BCX0\"> et <\/span><span class=\"NormalTextRun SCXW138829324 BCX0\">le<\/span> <span class=\"NormalTextRun SpellingErrorV2Themed SCXW138829324 BCX0\">me\u0301tal<\/span> <span class=\"NormalTextRun SCXW138829324 BCX0\">noirci<\/span><span class=\"NormalTextRun SCXW138829324 BCX0\">,<\/span> <span class=\"NormalTextRun SCXW138829324 BCX0\">lui<\/span> <span class=\"NormalTextRun SCXW138829324 BCX0\">donne<\/span> <span class=\"NormalTextRun SCXW138829324 BCX0\">une<\/span><span class=\"NormalTextRun SCXW138829324 BCX0\"> dimension a\u0300 la <\/span><span class=\"NormalTextRun SCXW138829324 BCX0\">fois<\/span> <span class=\"NormalTextRun SCXW138829324 BCX0\">fonctionnelle<\/span><span class=\"NormalTextRun SCXW138829324 BCX0\"> et <\/span><span class=\"NormalTextRun SCXW138829324 BCX0\">extr\u00eamement<\/span> <span class=\"NormalTextRun SpellingErrorV2Themed SpellingErrorHighlight SCXW138829324 BCX0\">raffine\u0301e<\/span><span class=\"NormalTextRun SCXW138829324 BCX0\">.\u00a0<\/span><\/span><span class=\"EOP SCXW138829324 BCX0\" data-ccp-props=\"{&quot;201341983&quot;:0,&quot;335559740&quot;:259}\">\u00a0<\/span><\/p>\n","protected":false},"excerpt":{"rendered":"<p>Biblioth\u00e8que en assamela et m\u00e9tal patin\u00e9 noir<br \/>\nD\u00e9tail des \u00e9tag\u00e8res en Raku, technique de c\u00e9ramique japonaise<\/p>\n<p>L 268 x l 30 x H 172 cm<\/p>\n<p>Fabriqu\u00e9e \u00e0 la main en France<br \/>\nD\u00e9lais de production : 18 &#8211; 20 semaines<\/p>\n<p class=\"p1\"><span style=\"text-decoration: underline;\"><span class=\"s1\"><a href=\"https:\/\/www.theinvisiblecollection.com\/fr\/demande-de-devis\/?product_id=45535\">Contactez-nous pour toute demande de devis ou de renseignements<\/a><\/span><\/span><\/p>\n","protected":false},"featured_media":83969,"template":"","meta":{"_acf_changed":false,"content-type":"","_themeisle_gutenberg_block_has_review":false},"product_brand":[],"product_cat":[8956,12505,13076],"product_tag":[9204,10260,10262,11667,31474],"product_designer":[8897],"comfabric":[],"manufacturer":[28580],"reporting_designer":[37272],"samplecomfabric":[],"designer_clubroom":[],"class_list":{"0":"post-45535","1":"product","2":"type-product","3":"status-publish","4":"has-post-thumbnail","6":"product_cat-bibliotheques","7":"product_cat-rangements","8":"product_cat-bureau-a-la-maison","9":"product_tag-noir-et-blanc","10":"product_tag-emmanuelle-simon-fr-2","11":"product_tag-bibliotheque-fr-2","12":"product_tag-raku-fr","13":"product_tag-co-white-fr","14":"product_designer-emmanuelle-simon-fr","15":"manufacturer-laval-pick-up-emmanuelle-simon-fr","16":"reporting_designer-emmanuelle-simon","18":"first","19":"instock","20":"taxable","21":"shipping-taxable","22":"purchasable","23":"product-type-simple"},"acf":[],"_links":{"self":[{"href":"https:\/\/theinvisiblecollection.com\/fr\/wp-json\/wp\/v2\/product\/45535","targetHints":{"allow":["GET"]}}],"collection":[{"href":"https:\/\/theinvisiblecollection.com\/fr\/wp-json\/wp\/v2\/product"}],"about":[{"href":"https:\/\/theinvisiblecollection.com\/fr\/wp-json\/wp\/v2\/types\/product"}],"wp:featuredmedia":[{"embeddable":true,"href":"https:\/\/theinvisiblecollection.com\/fr\/wp-json\/wp\/v2\/media\/83969"}],"wp:attachment":[{"href":"https:\/\/theinvisiblecollection.com\/fr\/wp-json\/wp\/v2\/media?parent=45535"}],"wp:term":[{"taxonomy":"product_brand","embeddable":true,"href":"https:\/\/theinvisiblecollection.com\/fr\/wp-json\/wp\/v2\/product_brand?post=45535"},{"taxonomy":"product_cat","embeddable":true,"href":"https:\/\/theinvisiblecollection.com\/fr\/wp-json\/wp\/v2\/product_cat?post=45535"},{"taxonomy":"product_tag","embeddable":true,"href":"https:\/\/theinvisiblecollection.com\/fr\/wp-json\/wp\/v2\/product_tag?post=45535"},{"taxonomy":"product_designer","embeddable":true,"href":"https:\/\/theinvisiblecollection.com\/fr\/wp-json\/wp\/v2\/product_designer?post=45535"},{"taxonomy":"comfabric","embeddable":true,"href":"https:\/\/theinvisiblecollection.com\/fr\/wp-json\/wp\/v2\/comfabric?post=45535"},{"taxonomy":"manufacturer","embeddable":true,"href":"https:\/\/theinvisiblecollection.com\/fr\/wp-json\/wp\/v2\/manufacturer?post=45535"},{"taxonomy":"reporting_designer","embeddable":true,"href":"https:\/\/theinvisiblecollection.com\/fr\/wp-json\/wp\/v2\/reporting_designer?post=45535"},{"taxonomy":"samplecomfabric","embeddable":true,"href":"https:\/\/theinvisiblecollection.com\/fr\/wp-json\/wp\/v2\/samplecomfabric?post=45535"},{"taxonomy":"clubroom_product_designer","embeddable":true,"href":"https:\/\/theinvisiblecollection.com\/fr\/wp-json\/wp\/v2\/designer_clubroom?post=45535"}],"curies":[{"name":"wp","href":"https:\/\/api.w.org\/{rel}","templated":true}]}}