{"id":45551,"date":"2021-04-01T09:00:06","date_gmt":"2021-04-01T08:00:06","guid":{"rendered":"https:\/\/www.theinvisiblecollection.com\/?post_type=product&#038;p=45551"},"modified":"2026-05-01T07:39:40","modified_gmt":"2026-05-01T07:39:40","slug":"eileen-gray-transat-1927","status":"publish","type":"product","link":"https:\/\/theinvisiblecollection.com\/fr\/produit\/eileen-gray-transat-1927\/","title":{"rendered":"Transat 1927"},"content":{"rendered":"","protected":false},"excerpt":{"rendered":"<p>Cr\u00e9\u00e9 pour la villa E-1027<br \/>\nEileen Gray r\u00e9\u00e9dit\u00e9 par Ecart International<br \/>\nStructure en h\u00eatre naturel ou en laqu\u00e9 noir<br \/>\nCouleur de laque sp\u00e9ciale sur demande<br \/>\nDossier inclinable et serrurerie en laiton chrom\u00e9<br \/>\nCanap\u00e9 recouvert de tissu Ecart, cuir Ecart, cuir de vache, poulain, ou en blanc sans tissu ou cuir<br \/>\n<a href=\"https:\/\/theinvisiblecollection.com\/wp-content\/uploads\/2022\/02\/TheInvisibleCollection_EcartInternational_FabricSelection_compressed.pdf\" target=\"_blank\" rel=\"noopener\">D\u00e9couvrez la s\u00e9lection de tissus Ecart ici<\/a><br \/>\n<a href=\"https:\/\/www.theinvisiblecollection.com\/wp-content\/uploads\/2020\/06\/TIC_Ecart_Samples_Leather_compressed.pdf\" target=\"_blank\" rel=\"noopener\">D\u00e9couvrez la s\u00e9lection de cuirs Ecart ici<\/a><\/p>\n<p>L 55 x l 106 x H 79 cm<br \/>\nTissu requis : 2.5 m<br \/>\nCuir requis : 3.5 m<\/p>\n<p>Indisponible aux Etats-Unis<br \/>\nFabriqu\u00e9 \u00e0 la main en France<br \/>\nD\u00e9lais de production : 12 &#8211; 14 semaines<\/p>\n<p><a href=\"https:\/\/www.theinvisiblecollection.com\/fr\/contact-produit\/?product_id=43140\">Contactez-nous pour toute demande de devis ou de renseignements<\/a><\/p>\n","protected":false},"featured_media":1297425,"template":"","meta":{"_acf_changed":false,"content-type":"","_themeisle_gutenberg_block_has_review":false},"product_brand":[],"product_cat":[8945,12499,13076],"product_tag":[11097,11098,11099,11100,11101,11102,11103,11104,11105,11106,11235,31474,31476,8942,35206,8993,9017],"product_designer":[10101,10638],"comfabric":[29238],"manufacturer":[16874],"reporting_designer":[37612],"samplecomfabric":[29926],"designer_clubroom":[],"class_list":{"0":"post-45551","1":"product","2":"type-product","3":"status-publish","4":"has-post-thumbnail","6":"product_cat-fauteuils","7":"product_cat-assises","8":"product_cat-bureau-a-la-maison","9":"product_tag-ecart-fr","10":"product_tag-ecart-international-fr","11":"product_tag-tissu-ecart","12":"product_tag-cuir-ecart","13":"product_tag-eileen-gray-fr","14":"product_tag-villa-e-1027-fr","15":"product_tag-transat","16":"product_tag-hetre-naturel","17":"product_tag-cuir-de-vache","18":"product_tag-poulain","19":"product_tag-reedition-fr-fr","20":"product_tag-co-white-fr","21":"product_tag-st-collectible-fr","22":"product_tag-assise","23":"product_tag-exclusive-fr","24":"product_tag-salon","25":"product_tag-chaise","26":"product_designer-eileen-gray-fr","27":"product_designer-ecart-international-fr","28":"comfabric-ecart-international-atelier-fr","29":"manufacturer-ecart-international-argentat","30":"reporting_designer-ecart-international","31":"samplecomfabric-ecart-international-atelier-fr","33":"first","34":"instock","35":"taxable","36":"shipping-taxable","37":"purchasable","38":"product-type-variable"},"acf":[],"_links":{"self":[{"href":"https:\/\/theinvisiblecollection.com\/fr\/wp-json\/wp\/v2\/product\/45551","targetHints":{"allow":["GET"]}}],"collection":[{"href":"https:\/\/theinvisiblecollection.com\/fr\/wp-json\/wp\/v2\/product"}],"about":[{"href":"https:\/\/theinvisiblecollection.com\/fr\/wp-json\/wp\/v2\/types\/product"}],"wp:featuredmedia":[{"embeddable":true,"href":"https:\/\/theinvisiblecollection.com\/fr\/wp-json\/wp\/v2\/media\/1297425"}],"wp:attachment":[{"href":"https:\/\/theinvisiblecollection.com\/fr\/wp-json\/wp\/v2\/media?parent=45551"}],"wp:term":[{"taxonomy":"product_brand","embeddable":true,"href":"https:\/\/theinvisiblecollection.com\/fr\/wp-json\/wp\/v2\/product_brand?post=45551"},{"taxonomy":"product_cat","embeddable":true,"href":"https:\/\/theinvisiblecollection.com\/fr\/wp-json\/wp\/v2\/product_cat?post=45551"},{"taxonomy":"product_tag","embeddable":true,"href":"https:\/\/theinvisiblecollection.com\/fr\/wp-json\/wp\/v2\/product_tag?post=45551"},{"taxonomy":"product_designer","embeddable":true,"href":"https:\/\/theinvisiblecollection.com\/fr\/wp-json\/wp\/v2\/product_designer?post=45551"},{"taxonomy":"comfabric","embeddable":true,"href":"https:\/\/theinvisiblecollection.com\/fr\/wp-json\/wp\/v2\/comfabric?post=45551"},{"taxonomy":"manufacturer","embeddable":true,"href":"https:\/\/theinvisiblecollection.com\/fr\/wp-json\/wp\/v2\/manufacturer?post=45551"},{"taxonomy":"reporting_designer","embeddable":true,"href":"https:\/\/theinvisiblecollection.com\/fr\/wp-json\/wp\/v2\/reporting_designer?post=45551"},{"taxonomy":"samplecomfabric","embeddable":true,"href":"https:\/\/theinvisiblecollection.com\/fr\/wp-json\/wp\/v2\/samplecomfabric?post=45551"},{"taxonomy":"clubroom_product_designer","embeddable":true,"href":"https:\/\/theinvisiblecollection.com\/fr\/wp-json\/wp\/v2\/designer_clubroom?post=45551"}],"curies":[{"name":"wp","href":"https:\/\/api.w.org\/{rel}","templated":true}]}}