{"id":4558169,"date":"2024-01-17T10:31:43","date_gmt":"2024-01-17T10:31:43","guid":{"rendered":"https:\/\/theinvisiblecollection.com\/?post_type=product&#038;p=4558169"},"modified":"2026-05-01T07:37:46","modified_gmt":"2026-05-01T07:37:46","slug":"lampe-lagos","status":"publish","type":"product","link":"https:\/\/theinvisiblecollection.com\/fr\/produit\/lampe-lagos\/","title":{"rendered":"Lampe Lagos"},"content":{"rendered":"<p style=\"text-align: justify;\">La lampe Lagos de Bertrand et Jean-Baptiste Wartel est un clin d&#8217;\u0153il moderniste et brut aux spectaculaires falaises de l&#8217;Algarve. Chaque mat\u00e9riau ainsi que son travail sont ax\u00e9s sur la relation du designer avec le min\u00e9ral, sa projection sensorielle et un d\u00e9sir d&#8217;essentiel.<\/p>\n","protected":false},"excerpt":{"rendered":"<p>La lampe Lagos de Bertrand et Jean-Baptiste Wartel est un clin d&#8217;\u0153il moderniste et brut aux spectaculaires falaises de l&#8217;Algarve. Chaque mat\u00e9riau ainsi que son travail sont ax\u00e9s sur la relation du designer avec le min\u00e9ral, sa projection sensorielle et un d\u00e9sir d&#8217;essentiel.<\/p>\n","protected":false},"featured_media":4558104,"template":"","meta":{"_acf_changed":false,"content-type":"","_themeisle_gutenberg_block_has_review":false},"product_brand":[],"product_cat":[8966,12507],"product_tag":[20434,33319],"product_designer":[20441,26742],"comfabric":[],"manufacturer":[26726],"reporting_designer":[37490],"samplecomfabric":[],"designer_clubroom":[],"class_list":{"0":"post-4558169","1":"product","2":"type-product","3":"status-publish","4":"has-post-thumbnail","6":"product_cat-lampes-sur-pied","7":"product_cat-luminaires","8":"product_tag-mobilier-national-fr","9":"product_tag-edition-limitee","10":"product_designer-mobilier-national-fr","11":"product_designer-wartel-fr","12":"manufacturer-wartel-design-fr","13":"reporting_designer-wartel","15":"first","16":"instock","17":"taxable","18":"shipping-taxable","19":"purchasable","20":"product-type-variable"},"acf":[],"_links":{"self":[{"href":"https:\/\/theinvisiblecollection.com\/fr\/wp-json\/wp\/v2\/product\/4558169","targetHints":{"allow":["GET"]}}],"collection":[{"href":"https:\/\/theinvisiblecollection.com\/fr\/wp-json\/wp\/v2\/product"}],"about":[{"href":"https:\/\/theinvisiblecollection.com\/fr\/wp-json\/wp\/v2\/types\/product"}],"wp:featuredmedia":[{"embeddable":true,"href":"https:\/\/theinvisiblecollection.com\/fr\/wp-json\/wp\/v2\/media\/4558104"}],"wp:attachment":[{"href":"https:\/\/theinvisiblecollection.com\/fr\/wp-json\/wp\/v2\/media?parent=4558169"}],"wp:term":[{"taxonomy":"product_brand","embeddable":true,"href":"https:\/\/theinvisiblecollection.com\/fr\/wp-json\/wp\/v2\/product_brand?post=4558169"},{"taxonomy":"product_cat","embeddable":true,"href":"https:\/\/theinvisiblecollection.com\/fr\/wp-json\/wp\/v2\/product_cat?post=4558169"},{"taxonomy":"product_tag","embeddable":true,"href":"https:\/\/theinvisiblecollection.com\/fr\/wp-json\/wp\/v2\/product_tag?post=4558169"},{"taxonomy":"product_designer","embeddable":true,"href":"https:\/\/theinvisiblecollection.com\/fr\/wp-json\/wp\/v2\/product_designer?post=4558169"},{"taxonomy":"comfabric","embeddable":true,"href":"https:\/\/theinvisiblecollection.com\/fr\/wp-json\/wp\/v2\/comfabric?post=4558169"},{"taxonomy":"manufacturer","embeddable":true,"href":"https:\/\/theinvisiblecollection.com\/fr\/wp-json\/wp\/v2\/manufacturer?post=4558169"},{"taxonomy":"reporting_designer","embeddable":true,"href":"https:\/\/theinvisiblecollection.com\/fr\/wp-json\/wp\/v2\/reporting_designer?post=4558169"},{"taxonomy":"samplecomfabric","embeddable":true,"href":"https:\/\/theinvisiblecollection.com\/fr\/wp-json\/wp\/v2\/samplecomfabric?post=4558169"},{"taxonomy":"clubroom_product_designer","embeddable":true,"href":"https:\/\/theinvisiblecollection.com\/fr\/wp-json\/wp\/v2\/designer_clubroom?post=4558169"}],"curies":[{"name":"wp","href":"https:\/\/api.w.org\/{rel}","templated":true}]}}