{"id":45620,"date":"2021-12-03T10:00:41","date_gmt":"2021-12-03T09:00:41","guid":{"rendered":"https:\/\/www.theinvisiblecollection.com\/?post_type=product&#038;p=45620"},"modified":"2026-05-01T07:39:40","modified_gmt":"2026-05-01T07:39:40","slug":"eileen-gray-miroir-satellite-1927","status":"publish","type":"product","link":"https:\/\/theinvisiblecollection.com\/fr\/produit\/eileen-gray-miroir-satellite-1927\/","title":{"rendered":"Miroir Satellite 1927"},"content":{"rendered":"<p style=\"text-align: justify;\">Photo d\u2019un projet d\u2019int\u00e9rieur \u00e0 Londres par Caroline Sarkozy<\/p>\n","protected":false},"excerpt":{"rendered":"<p>Cr\u00e9\u00e9 pour la villa E-1027<br \/>\nEileen Gray r\u00e9\u00e9dit\u00e9 par Ecart International<br \/>\nStructure en laiton nickel\u00e9<br \/>\nVerre bomb\u00e9 d\u00e9poli pour le cache ampoule (ampoule \u00e0 vis 2*15 W)<\/p>\n<p>\u00d8 90 x l 17 x H 73 cm<\/p>\n<p>Indisponible aux Etats-Unis<br \/>\nFabriqu\u00e9 \u00e0 la main en France<br \/>\nD\u00e9lais de production : 12 \u2013 14 semaines<\/p>\n<p><span style=\"text-decoration: underline;\"><a href=\"https:\/\/www.theinvisiblecollection.com\/fr\/contact-produit\/?product_id=45620\" target=\"_blank\" rel=\"noopener\">Contactez-nous pour toute demande de devis ou de renseignements<\/a><\/span><\/p>\n","protected":false},"featured_media":5840017,"template":"","meta":{"_acf_changed":false,"content-type":"","_themeisle_gutenberg_block_has_review":false},"product_brand":[],"product_cat":[7517,8225],"product_tag":[9089,9096,10910,11097,11098,11101,11102,11235,14925,31474,35206,8954,8993],"product_designer":[10101,10638],"comfabric":[29238],"manufacturer":[16874],"reporting_designer":[37612],"samplecomfabric":[29926],"designer_clubroom":[],"class_list":{"0":"post-45620","1":"product","2":"type-product","3":"status-publish","4":"has-post-thumbnail","6":"product_cat-deco-fr","7":"product_cat-miroirs-fr","8":"product_tag-miroir-fr-3","9":"product_tag-nickel-fr","10":"product_tag-salle-de-bain","11":"product_tag-ecart-fr","12":"product_tag-ecart-international-fr","13":"product_tag-eileen-gray-fr","14":"product_tag-villa-e-1027-fr","15":"product_tag-reedition-fr-fr","16":"product_tag-hpfav-fr","17":"product_tag-co-white-fr","18":"product_tag-exclusive-fr","19":"product_tag-laiton-fr-2","20":"product_tag-salon","21":"product_designer-eileen-gray-fr","22":"product_designer-ecart-international-fr","23":"comfabric-ecart-international-atelier-fr","24":"manufacturer-ecart-international-argentat","25":"reporting_designer-ecart-international","26":"samplecomfabric-ecart-international-atelier-fr","28":"first","29":"instock","30":"taxable","31":"shipping-taxable","32":"purchasable","33":"product-type-simple"},"acf":[],"_links":{"self":[{"href":"https:\/\/theinvisiblecollection.com\/fr\/wp-json\/wp\/v2\/product\/45620","targetHints":{"allow":["GET"]}}],"collection":[{"href":"https:\/\/theinvisiblecollection.com\/fr\/wp-json\/wp\/v2\/product"}],"about":[{"href":"https:\/\/theinvisiblecollection.com\/fr\/wp-json\/wp\/v2\/types\/product"}],"wp:featuredmedia":[{"embeddable":true,"href":"https:\/\/theinvisiblecollection.com\/fr\/wp-json\/wp\/v2\/media\/5840017"}],"wp:attachment":[{"href":"https:\/\/theinvisiblecollection.com\/fr\/wp-json\/wp\/v2\/media?parent=45620"}],"wp:term":[{"taxonomy":"product_brand","embeddable":true,"href":"https:\/\/theinvisiblecollection.com\/fr\/wp-json\/wp\/v2\/product_brand?post=45620"},{"taxonomy":"product_cat","embeddable":true,"href":"https:\/\/theinvisiblecollection.com\/fr\/wp-json\/wp\/v2\/product_cat?post=45620"},{"taxonomy":"product_tag","embeddable":true,"href":"https:\/\/theinvisiblecollection.com\/fr\/wp-json\/wp\/v2\/product_tag?post=45620"},{"taxonomy":"product_designer","embeddable":true,"href":"https:\/\/theinvisiblecollection.com\/fr\/wp-json\/wp\/v2\/product_designer?post=45620"},{"taxonomy":"comfabric","embeddable":true,"href":"https:\/\/theinvisiblecollection.com\/fr\/wp-json\/wp\/v2\/comfabric?post=45620"},{"taxonomy":"manufacturer","embeddable":true,"href":"https:\/\/theinvisiblecollection.com\/fr\/wp-json\/wp\/v2\/manufacturer?post=45620"},{"taxonomy":"reporting_designer","embeddable":true,"href":"https:\/\/theinvisiblecollection.com\/fr\/wp-json\/wp\/v2\/reporting_designer?post=45620"},{"taxonomy":"samplecomfabric","embeddable":true,"href":"https:\/\/theinvisiblecollection.com\/fr\/wp-json\/wp\/v2\/samplecomfabric?post=45620"},{"taxonomy":"clubroom_product_designer","embeddable":true,"href":"https:\/\/theinvisiblecollection.com\/fr\/wp-json\/wp\/v2\/designer_clubroom?post=45620"}],"curies":[{"name":"wp","href":"https:\/\/api.w.org\/{rel}","templated":true}]}}