{"id":4569099,"date":"2024-01-17T10:30:35","date_gmt":"2024-01-17T10:30:35","guid":{"rendered":"https:\/\/theinvisiblecollection.com\/?post_type=product&#038;p=4569099"},"modified":"2026-05-01T07:37:46","modified_gmt":"2026-05-01T07:37:46","slug":"agnes-bitton-lampe-rase-motte","status":"publish","type":"product","link":"https:\/\/theinvisiblecollection.com\/fr\/produit\/agnes-bitton-lampe-rase-motte\/","title":{"rendered":"Lampe Rase-Motte"},"content":{"rendered":"<p style=\"text-align: justify;\">La lampe Rase-motte d&#8217;Agn\u00e8s Bitton tire son nom d&#8217;un terme d&#8217;aviation exprimant un type de vol \u00e0 tr\u00e8s basse altitude pour \u00e9viter d&#8217;\u00eatre rep\u00e9r\u00e9. La lampe s&#8217;articule \u00e0 volont\u00e9, acquiesce, se contredit, s&#8217;affiche et joue la discr\u00e9tion. La nuit, son dessous en or fonc\u00e9 trace un rayon de lumi\u00e8re comme une lame, ou projette des halos insolites sur le mur. La lampe Rase-motte fait partie de la collection permanente du Mobilier national.<\/p>\n","protected":false},"excerpt":{"rendered":"<p>La lampe Rase-motte d&#8217;Agn\u00e8s Bitton tire son nom d&#8217;un terme d&#8217;aviation exprimant un type de vol \u00e0 tr\u00e8s basse altitude pour \u00e9viter d&#8217;\u00eatre rep\u00e9r\u00e9. La lampe s&#8217;articule \u00e0 volont\u00e9, acquiesce, se contredit, s&#8217;affiche et joue la discr\u00e9tion. La nuit, son dessous en or fonc\u00e9 trace un rayon de lumi\u00e8re comme une lame, ou projette des [&hellip;]<\/p>\n","protected":false},"featured_media":4569084,"template":"","meta":{"_acf_changed":false,"content-type":"","_themeisle_gutenberg_block_has_review":false},"product_brand":[],"product_cat":[8974,12507],"product_tag":[20434,22790,33319],"product_designer":[20441,26682],"comfabric":[],"manufacturer":[26678],"reporting_designer":[37808],"samplecomfabric":[],"designer_clubroom":[],"class_list":{"0":"post-4569099","1":"product","2":"type-product","3":"status-publish","4":"has-post-thumbnail","6":"product_cat-lampes-de-table","7":"product_cat-luminaires","8":"product_tag-mobilier-national-fr","9":"product_tag-disponible-immediatement","10":"product_tag-edition-limitee","11":"product_designer-mobilier-national-fr","12":"product_designer-agnes-bitton-fr","13":"manufacturer-agnes-bitton-pick-up-fr","14":"reporting_designer-agnes-bitton","15":"exhibitions-paris-fr","17":"first","18":"instock","19":"taxable","20":"shipping-taxable","21":"purchasable","22":"product-type-variable"},"acf":[],"_links":{"self":[{"href":"https:\/\/theinvisiblecollection.com\/fr\/wp-json\/wp\/v2\/product\/4569099","targetHints":{"allow":["GET"]}}],"collection":[{"href":"https:\/\/theinvisiblecollection.com\/fr\/wp-json\/wp\/v2\/product"}],"about":[{"href":"https:\/\/theinvisiblecollection.com\/fr\/wp-json\/wp\/v2\/types\/product"}],"wp:featuredmedia":[{"embeddable":true,"href":"https:\/\/theinvisiblecollection.com\/fr\/wp-json\/wp\/v2\/media\/4569084"}],"wp:attachment":[{"href":"https:\/\/theinvisiblecollection.com\/fr\/wp-json\/wp\/v2\/media?parent=4569099"}],"wp:term":[{"taxonomy":"product_brand","embeddable":true,"href":"https:\/\/theinvisiblecollection.com\/fr\/wp-json\/wp\/v2\/product_brand?post=4569099"},{"taxonomy":"product_cat","embeddable":true,"href":"https:\/\/theinvisiblecollection.com\/fr\/wp-json\/wp\/v2\/product_cat?post=4569099"},{"taxonomy":"product_tag","embeddable":true,"href":"https:\/\/theinvisiblecollection.com\/fr\/wp-json\/wp\/v2\/product_tag?post=4569099"},{"taxonomy":"product_designer","embeddable":true,"href":"https:\/\/theinvisiblecollection.com\/fr\/wp-json\/wp\/v2\/product_designer?post=4569099"},{"taxonomy":"comfabric","embeddable":true,"href":"https:\/\/theinvisiblecollection.com\/fr\/wp-json\/wp\/v2\/comfabric?post=4569099"},{"taxonomy":"manufacturer","embeddable":true,"href":"https:\/\/theinvisiblecollection.com\/fr\/wp-json\/wp\/v2\/manufacturer?post=4569099"},{"taxonomy":"reporting_designer","embeddable":true,"href":"https:\/\/theinvisiblecollection.com\/fr\/wp-json\/wp\/v2\/reporting_designer?post=4569099"},{"taxonomy":"samplecomfabric","embeddable":true,"href":"https:\/\/theinvisiblecollection.com\/fr\/wp-json\/wp\/v2\/samplecomfabric?post=4569099"},{"taxonomy":"clubroom_product_designer","embeddable":true,"href":"https:\/\/theinvisiblecollection.com\/fr\/wp-json\/wp\/v2\/designer_clubroom?post=4569099"}],"curies":[{"name":"wp","href":"https:\/\/api.w.org\/{rel}","templated":true}]}}