{"id":4569241,"date":"2024-01-17T10:15:18","date_gmt":"2024-01-17T10:15:18","guid":{"rendered":"https:\/\/theinvisiblecollection.com\/?post_type=product&#038;p=4569241"},"modified":"2026-05-01T07:37:46","modified_gmt":"2026-05-01T07:37:46","slug":"pierre-louis-gerlier-table-moucharabieh","status":"publish","type":"product","link":"https:\/\/theinvisiblecollection.com\/fr\/produit\/pierre-louis-gerlier-table-moucharabieh\/","title":{"rendered":"Table Moucharabieh"},"content":{"rendered":"<p style=\"text-align: justify;\">La table Moucharabieh de Pierre-Louis Gerlier est un dessin fascinant sur la perception et le jeu. Ce que les adultes dessinent \u00e0 leur \u00e9chelle, les enfants le transforment \u00e0 leur \u00e9chelle. Ce qui peut servir d&#8217;objet ordinaire pour un adulte, peut devenir un espace d&#8217;imagination et d&#8217;observation pour un enfant. Sous la table est l&#8217;endroit id\u00e9al pour observer le monde des adultes qui s&#8217;y retrouvent pour parler et prendre des d\u00e9cisions : Moucharabieh est un poste d&#8217;observation o\u00f9 l&#8217;enfant peut regarder et \u00e9couter le monde des adultes sans \u00eatre vu. Les pieds de la table se d\u00e9plient pour cr\u00e9er un cocon o\u00f9 seul l&#8217;enfant peut se r\u00e9fugier, se cacher et observer. Le plateau en mdf stratifi\u00e9 repose sur deux pieds fixes en arc de cercle. Trois panneaux fins sont fix\u00e9s \u00e0 chaque pied et peuvent s&#8217;ouvrir pour cr\u00e9er des espaces. Tous les pieds et panneaux sont en m\u00e9tal avec un remplissage en t\u00f4le perfor\u00e9e. La superposition des t\u00f4les perfor\u00e9es et le jeu des couleurs cr\u00e9ent un effet visuel cin\u00e9tique, quel que soit leur emplacement.<\/p>\n","protected":false},"excerpt":{"rendered":"<p>La table Moucharabieh de Pierre-Louis Gerlier est un dessin fascinant sur la perception et le jeu. Ce que les adultes dessinent \u00e0 leur \u00e9chelle, les enfants le transforment \u00e0 leur \u00e9chelle. Ce qui peut servir d&#8217;objet ordinaire pour un adulte, peut devenir un espace d&#8217;imagination et d&#8217;observation pour un enfant. Sous la table est l&#8217;endroit [&hellip;]<\/p>\n","protected":false},"featured_media":4569222,"template":"","meta":{"_acf_changed":false,"content-type":"","_themeisle_gutenberg_block_has_review":false},"product_brand":[],"product_cat":[8977,12503],"product_tag":[20434,31477,33319],"product_designer":[20441,26740],"comfabric":[],"manufacturer":[26720],"reporting_designer":[37862],"samplecomfabric":[],"designer_clubroom":[],"class_list":{"0":"post-4569241","1":"product","2":"type-product","3":"status-publish","4":"has-post-thumbnail","6":"product_cat-tables-salle-a-manger","7":"product_cat-tables-fr","8":"product_tag-mobilier-national-fr","9":"product_tag-st-curvy-fr","10":"product_tag-edition-limitee","11":"product_designer-mobilier-national-fr","12":"product_designer-pierre-louis-gerlier-fr","13":"manufacturer-pierre-louis-gerlier-fr","14":"reporting_designer-pierre-louis-gerlier","16":"first","17":"instock","18":"taxable","19":"shipping-taxable","20":"purchasable","21":"product-type-simple"},"acf":[],"_links":{"self":[{"href":"https:\/\/theinvisiblecollection.com\/fr\/wp-json\/wp\/v2\/product\/4569241","targetHints":{"allow":["GET"]}}],"collection":[{"href":"https:\/\/theinvisiblecollection.com\/fr\/wp-json\/wp\/v2\/product"}],"about":[{"href":"https:\/\/theinvisiblecollection.com\/fr\/wp-json\/wp\/v2\/types\/product"}],"wp:featuredmedia":[{"embeddable":true,"href":"https:\/\/theinvisiblecollection.com\/fr\/wp-json\/wp\/v2\/media\/4569222"}],"wp:attachment":[{"href":"https:\/\/theinvisiblecollection.com\/fr\/wp-json\/wp\/v2\/media?parent=4569241"}],"wp:term":[{"taxonomy":"product_brand","embeddable":true,"href":"https:\/\/theinvisiblecollection.com\/fr\/wp-json\/wp\/v2\/product_brand?post=4569241"},{"taxonomy":"product_cat","embeddable":true,"href":"https:\/\/theinvisiblecollection.com\/fr\/wp-json\/wp\/v2\/product_cat?post=4569241"},{"taxonomy":"product_tag","embeddable":true,"href":"https:\/\/theinvisiblecollection.com\/fr\/wp-json\/wp\/v2\/product_tag?post=4569241"},{"taxonomy":"product_designer","embeddable":true,"href":"https:\/\/theinvisiblecollection.com\/fr\/wp-json\/wp\/v2\/product_designer?post=4569241"},{"taxonomy":"comfabric","embeddable":true,"href":"https:\/\/theinvisiblecollection.com\/fr\/wp-json\/wp\/v2\/comfabric?post=4569241"},{"taxonomy":"manufacturer","embeddable":true,"href":"https:\/\/theinvisiblecollection.com\/fr\/wp-json\/wp\/v2\/manufacturer?post=4569241"},{"taxonomy":"reporting_designer","embeddable":true,"href":"https:\/\/theinvisiblecollection.com\/fr\/wp-json\/wp\/v2\/reporting_designer?post=4569241"},{"taxonomy":"samplecomfabric","embeddable":true,"href":"https:\/\/theinvisiblecollection.com\/fr\/wp-json\/wp\/v2\/samplecomfabric?post=4569241"},{"taxonomy":"clubroom_product_designer","embeddable":true,"href":"https:\/\/theinvisiblecollection.com\/fr\/wp-json\/wp\/v2\/designer_clubroom?post=4569241"}],"curies":[{"name":"wp","href":"https:\/\/api.w.org\/{rel}","templated":true}]}}