{"id":4569290,"date":"2024-01-17T11:00:18","date_gmt":"2024-01-17T11:00:18","guid":{"rendered":"https:\/\/theinvisiblecollection.com\/?post_type=product&#038;p=4569290"},"modified":"2026-05-01T07:37:46","modified_gmt":"2026-05-01T07:37:46","slug":"ludovic-roth-suspension-cosse","status":"publish","type":"product","link":"https:\/\/theinvisiblecollection.com\/fr\/produit\/ludovic-roth-suspension-cosse\/","title":{"rendered":"Suspension Cosse"},"content":{"rendered":"<p style=\"text-align: justify;\">La suspension Cosse de Ludovic Roth est enti\u00e8rement fabriqu\u00e9 en France par les meilleurs artisans. Le savoir-faire ancestral de la tapisserie d&#8217;ameublement est associ\u00e9 \u00e0 une technologie d&#8217;avenir, particuli\u00e8rement respectueuse de l&#8217;environnement. &#8220;Cosse est n\u00e9e de l&#8217;envie de confronter un mat\u00e9riau classique \u00e0 une technologie moderne, dans une d\u00e9marche honn\u00eate et transparente &#8211; car la sinc\u00e9rit\u00e9 engag\u00e9e se transmet \u00e0 l&#8217;objet&#8221;, explique le designer. Son choix s&#8217;est port\u00e9 sur une mati\u00e8re noble, le cuir, et sur une technologie contemporaine, l&#8217;OLED. D\u00e9velopp\u00e9e dans les ann\u00e9es 1950, elle est l&#8217;une des sources lumineuses les plus respectueuses de l&#8217;environnement, puisqu&#8217;elle est directement recyclable. A la recherche de la forme id\u00e9ale, Ludovic Roth a eu l&#8217;id\u00e9e d&#8217;un noyau m\u00e9tallique \u00e0 quatre faces, une structure a\u00e9rienne gain\u00e9e de cuir avec un travail de sellerie minutieux et de pointe. Avec Cosse, le savoir-faire ancestral de la sellerie rencontre ainsi une technologie de demain. Salu\u00e9 comme un &#8220;reflet de son \u00e9poque et des enjeux contemporains&#8221;, Cosse a r\u00e9cemment int\u00e9gr\u00e9e la prestigieuse collection du Mobilier national.<\/p>\n","protected":false},"excerpt":{"rendered":"<p>La suspension Cosse de Ludovic Roth est enti\u00e8rement fabriqu\u00e9 en France par les meilleurs artisans. Le savoir-faire ancestral de la tapisserie d&#8217;ameublement est associ\u00e9 \u00e0 une technologie d&#8217;avenir, particuli\u00e8rement respectueuse de l&#8217;environnement. &#8220;Cosse est n\u00e9e de l&#8217;envie de confronter un mat\u00e9riau classique \u00e0 une technologie moderne, dans une d\u00e9marche honn\u00eate et transparente &#8211; car la [&hellip;]<\/p>\n","protected":false},"featured_media":4569262,"template":"","meta":{"_acf_changed":false,"content-type":"","_themeisle_gutenberg_block_has_review":false},"product_brand":[],"product_cat":[8961,12507],"product_tag":[20434,31477,33319],"product_designer":[20441,26738],"comfabric":[],"manufacturer":[26716],"reporting_designer":[37670],"samplecomfabric":[],"designer_clubroom":[],"class_list":{"0":"post-4569290","1":"product","2":"type-product","3":"status-publish","4":"has-post-thumbnail","6":"product_cat-suspensions","7":"product_cat-luminaires","8":"product_tag-mobilier-national-fr","9":"product_tag-st-curvy-fr","10":"product_tag-edition-limitee","11":"product_designer-mobilier-national-fr","12":"product_designer-ludovic-roth-fr","13":"manufacturer-alienor-france-fr","14":"reporting_designer-ludovic-roth","16":"first","17":"instock","18":"taxable","19":"shipping-taxable","20":"purchasable","21":"product-type-simple"},"acf":[],"_links":{"self":[{"href":"https:\/\/theinvisiblecollection.com\/fr\/wp-json\/wp\/v2\/product\/4569290","targetHints":{"allow":["GET"]}}],"collection":[{"href":"https:\/\/theinvisiblecollection.com\/fr\/wp-json\/wp\/v2\/product"}],"about":[{"href":"https:\/\/theinvisiblecollection.com\/fr\/wp-json\/wp\/v2\/types\/product"}],"wp:featuredmedia":[{"embeddable":true,"href":"https:\/\/theinvisiblecollection.com\/fr\/wp-json\/wp\/v2\/media\/4569262"}],"wp:attachment":[{"href":"https:\/\/theinvisiblecollection.com\/fr\/wp-json\/wp\/v2\/media?parent=4569290"}],"wp:term":[{"taxonomy":"product_brand","embeddable":true,"href":"https:\/\/theinvisiblecollection.com\/fr\/wp-json\/wp\/v2\/product_brand?post=4569290"},{"taxonomy":"product_cat","embeddable":true,"href":"https:\/\/theinvisiblecollection.com\/fr\/wp-json\/wp\/v2\/product_cat?post=4569290"},{"taxonomy":"product_tag","embeddable":true,"href":"https:\/\/theinvisiblecollection.com\/fr\/wp-json\/wp\/v2\/product_tag?post=4569290"},{"taxonomy":"product_designer","embeddable":true,"href":"https:\/\/theinvisiblecollection.com\/fr\/wp-json\/wp\/v2\/product_designer?post=4569290"},{"taxonomy":"comfabric","embeddable":true,"href":"https:\/\/theinvisiblecollection.com\/fr\/wp-json\/wp\/v2\/comfabric?post=4569290"},{"taxonomy":"manufacturer","embeddable":true,"href":"https:\/\/theinvisiblecollection.com\/fr\/wp-json\/wp\/v2\/manufacturer?post=4569290"},{"taxonomy":"reporting_designer","embeddable":true,"href":"https:\/\/theinvisiblecollection.com\/fr\/wp-json\/wp\/v2\/reporting_designer?post=4569290"},{"taxonomy":"samplecomfabric","embeddable":true,"href":"https:\/\/theinvisiblecollection.com\/fr\/wp-json\/wp\/v2\/samplecomfabric?post=4569290"},{"taxonomy":"clubroom_product_designer","embeddable":true,"href":"https:\/\/theinvisiblecollection.com\/fr\/wp-json\/wp\/v2\/designer_clubroom?post=4569290"}],"curies":[{"name":"wp","href":"https:\/\/api.w.org\/{rel}","templated":true}]}}