{"id":45821,"date":"2020-07-10T15:41:19","date_gmt":"2020-07-10T14:41:19","guid":{"rendered":"https:\/\/www.theinvisiblecollection.com\/?post_type=product&#038;p=45821"},"modified":"2026-05-01T07:39:40","modified_gmt":"2026-05-01T07:39:40","slug":"emmanuelle-simon-canape-split","status":"publish","type":"product","link":"https:\/\/theinvisiblecollection.com\/fr\/produit\/emmanuelle-simon-canape-split\/","title":{"rendered":"Canap\u00e9 Split"},"content":{"rendered":"<p style=\"text-align: justify;\"><span class=\"TextRun SCXW44987534 BCX0\" lang=\"FR-FR\" xml:lang=\"FR-FR\" data-contrast=\"auto\"><span class=\"NormalTextRun SCXW44987534 BCX0\">La collection <\/span><span class=\"NormalTextRun SCXW44987534 BCX0\">S<\/span><span class=\"NormalTextRun SCXW44987534 BCX0\">plit <\/span><span class=\"NormalTextRun SCXW44987534 BCX0\">d\u2019Emmanuelle Simon <\/span><span class=\"NormalTextRun SCXW44987534 BCX0\">r\u00e9v\u00e8le<\/span><span class=\"NormalTextRun SCXW44987534 BCX0\"> tout en <\/span><span class=\"NormalTextRun SCXW44987534 BCX0\">\u00e9l\u00e9gance<\/span><span class=\"NormalTextRun SCXW44987534 BCX0\"> ses courbes <\/span><span class=\"NormalTextRun SCXW44987534 BCX0\">g\u00e9n\u00e9reuses<\/span><span class=\"NormalTextRun SCXW44987534 BCX0\"> et voluptueuses. Le canape\u0301 et le fauteuil <\/span><span class=\"NormalTextRun SCXW44987534 BCX0\">S<\/span><span class=\"NormalTextRun SCXW44987534 BCX0\">plit semblent envelopper <\/span><span class=\"NormalTextRun SCXW44987534 BCX0\">les<\/span> <span class=\"NormalTextRun SCXW44987534 BCX0\">h\u00f4tes<\/span><span class=\"NormalTextRun SCXW44987534 BCX0\"> dans leurs bras, en proposant une <\/span><span class=\"NormalTextRun SCXW44987534 BCX0\">exp\u00e9rience<\/span><span class=\"NormalTextRun SCXW44987534 BCX0\"> intime et apaisante. On aime poser ces meubles au centre de l\u2019espace, comme une invitatio<\/span><span class=\"NormalTextRun SCXW44987534 BCX0\">n \u00e0 <\/span><span class=\"NormalTextRun SCXW44987534 BCX0\">les admirer<\/span><span class=\"NormalTextRun SCXW44987534 BCX0\"> avant de s\u2019y <\/span><span class=\"NormalTextRun SCXW44987534 BCX0\">pr\u00e9lasser<\/span><span class=\"NormalTextRun SCXW44987534 BCX0\">.\u00a0<\/span><\/span><span class=\"EOP SCXW44987534 BCX0\" data-ccp-props=\"{&quot;201341983&quot;:0,&quot;335559740&quot;:259}\">\u00a0<\/span><\/p>\n","protected":false},"excerpt":{"rendered":"<p>Canap\u00e9 avec base en ch\u00eane massif bross\u00e9,<br \/>\nTapiss\u00e9 ici en tissu Chapas Textiles<br \/>\n<span style=\"text-decoration: underline;\"><a href=\"https:\/\/theinvisiblecollection.com\/wp-content\/uploads\/2022\/11\/TheInvisibleCollection_EmmanuelleSimon_Fabric_Selection1.pdf\" target=\"_blank\" rel=\"noopener\">D\u00e9couvrez la s\u00e9lection de tissus ici<\/a><\/span><\/p>\n<p>L 260 x l 134 x H 82 cm<br \/>\nHauteur d\u2019assise : 42 cm<\/p>\n<p>Fabriqu\u00e9 \u00e0 la main en France<br \/>\nD\u00e9lais de production : 18 &#8211; 20 semaines<\/p>\n<p class=\"p1\"><span style=\"text-decoration: underline;\"><span class=\"s1\"><a href=\"https:\/\/www.theinvisiblecollection.com\/fr\/demande-de-devis\/?product_id=45821\">Contactez-nous pour toute demande de devis ou de renseignements<\/a><\/span><\/span><\/p>\n","protected":false},"featured_media":83950,"template":"","meta":{"_acf_changed":false,"content-type":"","_themeisle_gutenberg_block_has_review":false},"product_brand":[],"product_cat":[8976,12499],"product_tag":[8942,8944,10260,11545],"product_designer":[8897],"comfabric":[28790],"manufacturer":[28580],"reporting_designer":[37272],"samplecomfabric":[30306],"designer_clubroom":[],"class_list":{"0":"post-45821","1":"product","2":"type-product","3":"status-publish","4":"has-post-thumbnail","6":"product_cat-canapes","7":"product_cat-assises","8":"product_tag-assise","9":"product_tag-canape","10":"product_tag-emmanuelle-simon-fr-2","11":"product_tag-canapes-arrondis","12":"pa_material-tissu-client-fr","13":"product_designer-emmanuelle-simon-fr","14":"comfabric-laval-pick-up-emmanuelle-simon-fr","15":"manufacturer-laval-pick-up-emmanuelle-simon-fr","16":"reporting_designer-emmanuelle-simon","17":"samplecomfabric-laval-pick-up-emmanuelle-simon-fr","19":"first","20":"instock","21":"taxable","22":"shipping-taxable","23":"purchasable","24":"product-type-variable"},"acf":[],"_links":{"self":[{"href":"https:\/\/theinvisiblecollection.com\/fr\/wp-json\/wp\/v2\/product\/45821","targetHints":{"allow":["GET"]}}],"collection":[{"href":"https:\/\/theinvisiblecollection.com\/fr\/wp-json\/wp\/v2\/product"}],"about":[{"href":"https:\/\/theinvisiblecollection.com\/fr\/wp-json\/wp\/v2\/types\/product"}],"wp:featuredmedia":[{"embeddable":true,"href":"https:\/\/theinvisiblecollection.com\/fr\/wp-json\/wp\/v2\/media\/83950"}],"wp:attachment":[{"href":"https:\/\/theinvisiblecollection.com\/fr\/wp-json\/wp\/v2\/media?parent=45821"}],"wp:term":[{"taxonomy":"product_brand","embeddable":true,"href":"https:\/\/theinvisiblecollection.com\/fr\/wp-json\/wp\/v2\/product_brand?post=45821"},{"taxonomy":"product_cat","embeddable":true,"href":"https:\/\/theinvisiblecollection.com\/fr\/wp-json\/wp\/v2\/product_cat?post=45821"},{"taxonomy":"product_tag","embeddable":true,"href":"https:\/\/theinvisiblecollection.com\/fr\/wp-json\/wp\/v2\/product_tag?post=45821"},{"taxonomy":"product_designer","embeddable":true,"href":"https:\/\/theinvisiblecollection.com\/fr\/wp-json\/wp\/v2\/product_designer?post=45821"},{"taxonomy":"comfabric","embeddable":true,"href":"https:\/\/theinvisiblecollection.com\/fr\/wp-json\/wp\/v2\/comfabric?post=45821"},{"taxonomy":"manufacturer","embeddable":true,"href":"https:\/\/theinvisiblecollection.com\/fr\/wp-json\/wp\/v2\/manufacturer?post=45821"},{"taxonomy":"reporting_designer","embeddable":true,"href":"https:\/\/theinvisiblecollection.com\/fr\/wp-json\/wp\/v2\/reporting_designer?post=45821"},{"taxonomy":"samplecomfabric","embeddable":true,"href":"https:\/\/theinvisiblecollection.com\/fr\/wp-json\/wp\/v2\/samplecomfabric?post=45821"},{"taxonomy":"clubroom_product_designer","embeddable":true,"href":"https:\/\/theinvisiblecollection.com\/fr\/wp-json\/wp\/v2\/designer_clubroom?post=45821"}],"curies":[{"name":"wp","href":"https:\/\/api.w.org\/{rel}","templated":true}]}}