{"id":45894,"date":"2020-07-10T16:33:19","date_gmt":"2020-07-10T15:33:19","guid":{"rendered":"https:\/\/www.theinvisiblecollection.com\/?post_type=product&#038;p=45894"},"modified":"2026-05-01T07:39:40","modified_gmt":"2026-05-01T07:39:40","slug":"jacques-henri-lartigue-table-1918","status":"publish","type":"product","link":"https:\/\/theinvisiblecollection.com\/fr\/produit\/jacques-henri-lartigue-table-1918\/","title":{"rendered":"Table 1918"},"content":{"rendered":"<p>Photos d\u2019un projet d\u2019int\u00e9rieur \u00e0 Londres par Caroline Sarkozy<\/p>\n","protected":false},"excerpt":{"rendered":"<p>Jacques-Henri Lartigue r\u00e9\u00e9dit\u00e9e par Ecart International<br \/>\nS\u00e9rie limit\u00e9e de 100 pi\u00e8ces num\u00e9rot\u00e9es et sign\u00e9es<br \/>\nTable ovale<br \/>\nSph\u00e8re en r\u00e9sine synth\u00e9tique<br \/>\nSocle et plateau de table en bois laqu\u00e9 noir et blanc<\/p>\n<p>Disponible en deux versions :<br \/>\nL 170 x l 107 x H 74 cm<br \/>\nL 198 x l 121 x H 74 cm<\/p>\n<p>Indisponible aux Etats-Unis<br \/>\nFabriqu\u00e9e \u00e0 la main en France<br \/>\nD\u00e9lais de production : 12 &#8211; 14 semaines<\/p>\n<p><a href=\"https:\/\/www.theinvisiblecollection.com\/fr\/contact-produit\/?product_id=45894\">Contactez-nous pour toute demande de devis ou de renseignements<\/a><\/p>\n","protected":false},"featured_media":1310790,"template":"","meta":{"_acf_changed":false,"content-type":"","_themeisle_gutenberg_block_has_review":false},"product_brand":[],"product_cat":[8977,12503],"product_tag":[8955,9175,9229,11097,11098,11235,31477,33319,35206],"product_designer":[10225,10638],"comfabric":[29238],"manufacturer":[16874],"reporting_designer":[37612],"samplecomfabric":[29926],"designer_clubroom":[],"class_list":{"0":"post-45894","1":"product","2":"type-product","3":"status-publish","4":"has-post-thumbnail","6":"product_cat-tables-salle-a-manger","7":"product_cat-tables-fr","8":"product_tag-table","9":"product_tag-spere","10":"product_tag-noir-fr-2","11":"product_tag-ecart-fr","12":"product_tag-ecart-international-fr","13":"product_tag-reedition-fr-fr","14":"product_tag-st-curvy-fr","15":"product_tag-edition-limitee","16":"product_tag-exclusive-fr","17":"pa_size-grand-fr","18":"pa_size-petit-fr","19":"product_designer-jacques-henri-lartigue-fr","20":"product_designer-ecart-international-fr","21":"comfabric-ecart-international-atelier-fr","22":"manufacturer-ecart-international-argentat","23":"reporting_designer-ecart-international","24":"samplecomfabric-ecart-international-atelier-fr","26":"first","27":"instock","28":"taxable","29":"shipping-taxable","30":"purchasable","31":"product-type-variable"},"acf":[],"_links":{"self":[{"href":"https:\/\/theinvisiblecollection.com\/fr\/wp-json\/wp\/v2\/product\/45894","targetHints":{"allow":["GET"]}}],"collection":[{"href":"https:\/\/theinvisiblecollection.com\/fr\/wp-json\/wp\/v2\/product"}],"about":[{"href":"https:\/\/theinvisiblecollection.com\/fr\/wp-json\/wp\/v2\/types\/product"}],"wp:featuredmedia":[{"embeddable":true,"href":"https:\/\/theinvisiblecollection.com\/fr\/wp-json\/wp\/v2\/media\/1310790"}],"wp:attachment":[{"href":"https:\/\/theinvisiblecollection.com\/fr\/wp-json\/wp\/v2\/media?parent=45894"}],"wp:term":[{"taxonomy":"product_brand","embeddable":true,"href":"https:\/\/theinvisiblecollection.com\/fr\/wp-json\/wp\/v2\/product_brand?post=45894"},{"taxonomy":"product_cat","embeddable":true,"href":"https:\/\/theinvisiblecollection.com\/fr\/wp-json\/wp\/v2\/product_cat?post=45894"},{"taxonomy":"product_tag","embeddable":true,"href":"https:\/\/theinvisiblecollection.com\/fr\/wp-json\/wp\/v2\/product_tag?post=45894"},{"taxonomy":"product_designer","embeddable":true,"href":"https:\/\/theinvisiblecollection.com\/fr\/wp-json\/wp\/v2\/product_designer?post=45894"},{"taxonomy":"comfabric","embeddable":true,"href":"https:\/\/theinvisiblecollection.com\/fr\/wp-json\/wp\/v2\/comfabric?post=45894"},{"taxonomy":"manufacturer","embeddable":true,"href":"https:\/\/theinvisiblecollection.com\/fr\/wp-json\/wp\/v2\/manufacturer?post=45894"},{"taxonomy":"reporting_designer","embeddable":true,"href":"https:\/\/theinvisiblecollection.com\/fr\/wp-json\/wp\/v2\/reporting_designer?post=45894"},{"taxonomy":"samplecomfabric","embeddable":true,"href":"https:\/\/theinvisiblecollection.com\/fr\/wp-json\/wp\/v2\/samplecomfabric?post=45894"},{"taxonomy":"clubroom_product_designer","embeddable":true,"href":"https:\/\/theinvisiblecollection.com\/fr\/wp-json\/wp\/v2\/designer_clubroom?post=45894"}],"curies":[{"name":"wp","href":"https:\/\/api.w.org\/{rel}","templated":true}]}}