{"id":46144,"date":"2021-11-20T02:00:48","date_gmt":"2021-11-20T01:00:48","guid":{"rendered":"https:\/\/www.theinvisiblecollection.com\/?post_type=product&#038;p=46144"},"modified":"2026-05-01T07:39:40","modified_gmt":"2026-05-01T07:39:40","slug":"jean-michel-frank-table-basse-soleil-1930","status":"publish","type":"product","link":"https:\/\/theinvisiblecollection.com\/fr\/produit\/jean-michel-frank-table-basse-soleil-1930\/","title":{"rendered":"Table Basse Soleil 1930"},"content":{"rendered":"","protected":false},"excerpt":{"rendered":"<p>Jean-Michel Frank r\u00e9\u00e9dit\u00e9e par Ecart International<br \/>\nPlateau et pi\u00e9tement en marqueterie de paille r\u00e9alis\u00e9e par Lison de Caunes ou en ch\u00eane<br \/>\nTeintes disponibles : naturel, marron, wenge et noir<br \/>\n<span style=\"text-decoration: underline;\"><a href=\"https:\/\/theinvisiblecollection.com\/wp-content\/uploads\/2022\/02\/Wood-selection-Soleil-Coffee-Table.pdf\" target=\"_blank\" rel=\"noopener\">D\u00e9couvrez la s\u00e9lection de bois Ecart ici<\/a><\/span><br \/>\nPhotographi\u00e9e ici en marqueterie de paille<\/p>\n<p>\u00d8 85 x H 35 cm<\/p>\n<p class=\"p1\">Indisponible aux Etats-Unis<br \/>\nFabriqu\u00e9e \u00e0 la main en France<br \/>\nD\u00e9lais de production : 12 &#8211; 14 semaines<\/p>\n<p><span style=\"text-decoration: underline;\"><a href=\"https:\/\/www.theinvisiblecollection.com\/request-a-quote\/?product_id=46144\" target=\"_blank\" rel=\"noopener\">Contactez-nous pour toute demande de devis ou de renseignements\u00a0<\/a><\/span><\/p>\n","protected":false},"featured_media":5839058,"template":"","meta":{"_acf_changed":false,"content-type":"","_themeisle_gutenberg_block_has_review":false},"product_brand":[],"product_cat":[7509,12503],"product_tag":[9066,9256,11097,11098,11225,11235,11544,14925,35206],"product_designer":[10154,10638],"comfabric":[29238],"manufacturer":[16874],"reporting_designer":[37612],"samplecomfabric":[29926],"designer_clubroom":[],"class_list":{"0":"post-46144","1":"product","2":"type-product","3":"status-publish","4":"has-post-thumbnail","6":"product_cat-tables-basses-dappoint","7":"product_cat-tables-fr","8":"product_tag-table-basse","9":"product_tag-marqueterie-de-paille","10":"product_tag-ecart-fr","11":"product_tag-ecart-international-fr","12":"product_tag-reissue-issue-fr","13":"product_tag-reedition-fr-fr","14":"product_tag-tables-irresistibles","15":"product_tag-hpfav-fr","16":"product_tag-exclusive-fr","17":"product_designer-jean-michel-frank-fr","18":"product_designer-ecart-international-fr","19":"comfabric-ecart-international-atelier-fr","20":"manufacturer-ecart-international-argentat","21":"reporting_designer-ecart-international","22":"samplecomfabric-ecart-international-atelier-fr","24":"first","25":"instock","26":"featured","27":"taxable","28":"shipping-taxable","29":"purchasable","30":"product-type-variable"},"acf":[],"_links":{"self":[{"href":"https:\/\/theinvisiblecollection.com\/fr\/wp-json\/wp\/v2\/product\/46144","targetHints":{"allow":["GET"]}}],"collection":[{"href":"https:\/\/theinvisiblecollection.com\/fr\/wp-json\/wp\/v2\/product"}],"about":[{"href":"https:\/\/theinvisiblecollection.com\/fr\/wp-json\/wp\/v2\/types\/product"}],"wp:featuredmedia":[{"embeddable":true,"href":"https:\/\/theinvisiblecollection.com\/fr\/wp-json\/wp\/v2\/media\/5839058"}],"wp:attachment":[{"href":"https:\/\/theinvisiblecollection.com\/fr\/wp-json\/wp\/v2\/media?parent=46144"}],"wp:term":[{"taxonomy":"product_brand","embeddable":true,"href":"https:\/\/theinvisiblecollection.com\/fr\/wp-json\/wp\/v2\/product_brand?post=46144"},{"taxonomy":"product_cat","embeddable":true,"href":"https:\/\/theinvisiblecollection.com\/fr\/wp-json\/wp\/v2\/product_cat?post=46144"},{"taxonomy":"product_tag","embeddable":true,"href":"https:\/\/theinvisiblecollection.com\/fr\/wp-json\/wp\/v2\/product_tag?post=46144"},{"taxonomy":"product_designer","embeddable":true,"href":"https:\/\/theinvisiblecollection.com\/fr\/wp-json\/wp\/v2\/product_designer?post=46144"},{"taxonomy":"comfabric","embeddable":true,"href":"https:\/\/theinvisiblecollection.com\/fr\/wp-json\/wp\/v2\/comfabric?post=46144"},{"taxonomy":"manufacturer","embeddable":true,"href":"https:\/\/theinvisiblecollection.com\/fr\/wp-json\/wp\/v2\/manufacturer?post=46144"},{"taxonomy":"reporting_designer","embeddable":true,"href":"https:\/\/theinvisiblecollection.com\/fr\/wp-json\/wp\/v2\/reporting_designer?post=46144"},{"taxonomy":"samplecomfabric","embeddable":true,"href":"https:\/\/theinvisiblecollection.com\/fr\/wp-json\/wp\/v2\/samplecomfabric?post=46144"},{"taxonomy":"clubroom_product_designer","embeddable":true,"href":"https:\/\/theinvisiblecollection.com\/fr\/wp-json\/wp\/v2\/designer_clubroom?post=46144"}],"curies":[{"name":"wp","href":"https:\/\/api.w.org\/{rel}","templated":true}]}}