{"id":46182,"date":"2020-07-10T17:04:20","date_gmt":"2020-07-10T17:04:20","guid":{"rendered":"https:\/\/www.theinvisiblecollection.com\/?post_type=product&#038;p=46182"},"modified":"2026-05-01T07:39:40","modified_gmt":"2026-05-01T07:39:40","slug":"noma-editions-laime-chauffeuse","status":"publish","type":"product","link":"https:\/\/theinvisiblecollection.com\/fr\/produit\/noma-editions-laime-chauffeuse\/","title":{"rendered":"Chauffeuse Laime"},"content":{"rendered":"<p style=\"text-align: justify;\">Laime est une collection de chauffeuses et fauteuils. C\u2019est une structure en tube d\u2019acier recycl\u00e9. Les assises et dossiers sont tapiss\u00e9s d\u2019un tissu en laine fran\u00e7aise non teint\u00e9e. Laime existe avec ou sans accoudoirs.<\/p>\n<p style=\"text-align: justify;\">\u00ab\u00a0Travaill\u00e9 autour du coussin d\u2019assise, le fauteuil Laime est compos\u00e9 d\u2019une structure en acier tubulaire sur lequel le dossier vient se poser. L\u2019assise d\u00e9borde de la structure et semble glisser entre les tubes de m\u00e9tal. Un effet pinc\u00e9 donne une g\u00e9n\u00e9rosit\u00e9 \u00e0 l\u2019ensemble.\u00a0\u00bb Charlotte Juillard<\/p>\n","protected":false},"excerpt":{"rendered":"<p><span class=\"s1\">Design par Charlotte Juillard<\/span><br \/>\nTube d\u2019acier, mousse, laine fran\u00e7aise 100% naturelle et cuir<br \/>\nLaime est constitu\u00e9e \u00e0 42% de mat\u00e9riaux recycl\u00e9s<br \/>\nChauffeuse photographi\u00e9e ici en tissu en laine naturelle Arpin, Drap de Bonneval Lavine \u00e9cru et structure Terre de Sienne 5003<br \/>\n\u00c9galement disponible en tissu Drap de Bonneval Amirat<br \/>\n<a href=\"https:\/\/www.theinvisiblecollection.com\/wp-content\/uploads\/2020\/07\/TIC_NomaEditions_LaimeCollection_Fabrics-fr.pdf\"><span style=\"text-decoration: underline;\">D\u00e9couvrez la s\u00e9lection de tissus ici<\/span><\/a><br \/>\nStructure \u00e9galement disponible en Bleu Sapphire 5003 ou Noir Satin 9005<br \/>\nColoris et tissus sur-mesure sur demande<\/p>\n<div><\/div>\n<p>&nbsp;<\/p>\n<p>L 76,5 x l 74 x H 82 cm<br \/>\nHauteur d\u2019assise :\u00a043,5 cm<\/p>\n<p>Fabriqu\u00e9e \u00e0 la main en France<br \/>\nD\u00e9lais de production :\u00a010 semaines<\/p>\n<p class=\"p2\"><span class=\"s1\"><a href=\"https:\/\/www.theinvisiblecollection.com\/fr\/demande-de-devis\/?product_id=46182\">Contactez-nous pour toute demande de devis ou de renseignements<\/a><\/span><\/p>\n","protected":false},"featured_media":82302,"template":"","meta":{"_acf_changed":false,"content-type":"","_themeisle_gutenberg_block_has_review":false},"product_brand":[],"product_cat":[8945,12499],"product_tag":[8942,8993,9017,10159,11334,11335,11337],"product_designer":[10118],"comfabric":[],"manufacturer":[20315,20335],"reporting_designer":[37572],"samplecomfabric":[],"designer_clubroom":[],"class_list":{"0":"post-46182","1":"product","2":"type-product","3":"status-publish","4":"has-post-thumbnail","6":"product_cat-fauteuils","7":"product_cat-assises","8":"product_tag-assise","9":"product_tag-salon","10":"product_tag-chaise","11":"product_tag-noma-editions-fr","12":"product_tag-eco-friendly-fr","13":"product_tag-eco-design","14":"product_tag-durable","15":"product_designer-noma-editions-fr","16":"manufacturer-noma-atelier-armenio-fr","17":"manufacturer-noma-atelier-maam-fr","18":"reporting_designer-noma-editions","20":"first","21":"instock","22":"taxable","23":"shipping-taxable","24":"purchasable","25":"product-type-variable"},"acf":[],"_links":{"self":[{"href":"https:\/\/theinvisiblecollection.com\/fr\/wp-json\/wp\/v2\/product\/46182","targetHints":{"allow":["GET"]}}],"collection":[{"href":"https:\/\/theinvisiblecollection.com\/fr\/wp-json\/wp\/v2\/product"}],"about":[{"href":"https:\/\/theinvisiblecollection.com\/fr\/wp-json\/wp\/v2\/types\/product"}],"wp:featuredmedia":[{"embeddable":true,"href":"https:\/\/theinvisiblecollection.com\/fr\/wp-json\/wp\/v2\/media\/82302"}],"wp:attachment":[{"href":"https:\/\/theinvisiblecollection.com\/fr\/wp-json\/wp\/v2\/media?parent=46182"}],"wp:term":[{"taxonomy":"product_brand","embeddable":true,"href":"https:\/\/theinvisiblecollection.com\/fr\/wp-json\/wp\/v2\/product_brand?post=46182"},{"taxonomy":"product_cat","embeddable":true,"href":"https:\/\/theinvisiblecollection.com\/fr\/wp-json\/wp\/v2\/product_cat?post=46182"},{"taxonomy":"product_tag","embeddable":true,"href":"https:\/\/theinvisiblecollection.com\/fr\/wp-json\/wp\/v2\/product_tag?post=46182"},{"taxonomy":"product_designer","embeddable":true,"href":"https:\/\/theinvisiblecollection.com\/fr\/wp-json\/wp\/v2\/product_designer?post=46182"},{"taxonomy":"comfabric","embeddable":true,"href":"https:\/\/theinvisiblecollection.com\/fr\/wp-json\/wp\/v2\/comfabric?post=46182"},{"taxonomy":"manufacturer","embeddable":true,"href":"https:\/\/theinvisiblecollection.com\/fr\/wp-json\/wp\/v2\/manufacturer?post=46182"},{"taxonomy":"reporting_designer","embeddable":true,"href":"https:\/\/theinvisiblecollection.com\/fr\/wp-json\/wp\/v2\/reporting_designer?post=46182"},{"taxonomy":"samplecomfabric","embeddable":true,"href":"https:\/\/theinvisiblecollection.com\/fr\/wp-json\/wp\/v2\/samplecomfabric?post=46182"},{"taxonomy":"clubroom_product_designer","embeddable":true,"href":"https:\/\/theinvisiblecollection.com\/fr\/wp-json\/wp\/v2\/designer_clubroom?post=46182"}],"curies":[{"name":"wp","href":"https:\/\/api.w.org\/{rel}","templated":true}]}}