{"id":46186,"date":"2020-07-10T17:04:23","date_gmt":"2020-07-10T16:04:23","guid":{"rendered":"https:\/\/www.theinvisiblecollection.com\/?post_type=product&#038;p=46186"},"modified":"2026-05-01T07:39:40","modified_gmt":"2026-05-01T07:39:40","slug":"noma-editions-console-arca","status":"publish","type":"product","link":"https:\/\/theinvisiblecollection.com\/fr\/produit\/noma-editions-console-arca\/","title":{"rendered":"Console Arca"},"content":{"rendered":"<p style=\"text-align: justify;\">Dessin\u00e9e par RDAI, la console Arca est un simple plateau pos\u00e9 sur pi\u00e8tement ; un geste \u00e9conome et sobre, un dessin qui joue avec des arch\u00e9types architecturaux tels que l\u2019arcade ou l\u2019architrave, et une dose de surprise. La console est faite d\u2019un unique mat\u00e9riau : des r\u00e9sidus de pierre de travertin. Le mince plateau et le pi\u00e9tement en pierre cintr\u00e9e de la console Arca posent un regard original sur l\u2019utilisation de la pierre dans le mobilier.<\/p>\n","protected":false},"excerpt":{"rendered":"<p><p data-pm-slice=\"1 1 []\">Console ARCA design <span class=\"s1\"><span style=\"text-decoration: underline;\"><a href=\"https:\/\/theinvisiblecollection.com\/fr\/produits-categorie\/designer\/rdai-fr\/\" target=\"_blank\" rel=\"noopener\">RDAI<\/a><\/span><\/span> pour NOMA Editions<br \/>\nConsole en marbre travertin naturel<br \/>\nArca est compos\u00e9e \u00e0 88.1% de mati\u00e8res recycl\u00e9es<br \/>\nPierre sur-mesure sur demande<\/p>\n<\/p>\n<p>Disponible en trois versions :<br \/>\nPetit : L 50 x l 40 x H 110 cm<br \/>\nMoyen : L 120 x l 40 x H 90 cm<br \/>\nGrand : L 150 x l 40 x H 90 cm<\/p>\n<p>Fabriqu\u00e9e \u00e0 la main en Italie<br \/>\nD\u00e9lais de production :\u00a014 semaines<\/p>\n<p class=\"p2\"><span style=\"text-decoration: underline;\"><span class=\"s1\"><a href=\"https:\/\/www.theinvisiblecollection.com\/fr\/demande-de-devis\/?product_id=46186\">Contactez-nous pour toute demande de devis ou de renseignements<\/a><\/span><\/span><\/p><\/p>\n","protected":false},"featured_media":82286,"template":"","meta":{"_acf_changed":false,"content-type":"","_themeisle_gutenberg_block_has_review":false},"product_brand":[],"product_cat":[7675,12503,13076],"product_tag":[8855,9670,11334,11335,22790,31477],"product_designer":[10118,12026,12542],"comfabric":[],"manufacturer":[16824],"reporting_designer":[37828],"samplecomfabric":[],"designer_clubroom":[],"class_list":{"0":"post-46186","1":"product","2":"type-product","3":"status-publish","4":"has-post-thumbnail","6":"product_cat-consoles-fr","7":"product_cat-tables-fr","8":"product_cat-bureau-a-la-maison","9":"product_tag-table-fr-3","10":"product_tag-console-fr-fr","11":"product_tag-eco-friendly-fr","12":"product_tag-eco-design","13":"product_tag-disponible-immediatement","14":"product_tag-st-curvy-fr","15":"pa_size-l-280-x-l-100-x-h-80-fr","16":"pa_size-moyen-fr","17":"pa_size-petit-fr","18":"product_designer-noma-editions-fr","19":"product_designer-rdai-fr","20":"product_designer-rena-dumas-par-rdai","21":"manufacturer-ateliers-romeo-srl-fr","22":"reporting_designer-rdai","24":"first","25":"instock","26":"taxable","27":"shipping-taxable","28":"purchasable","29":"product-type-variable"},"acf":[],"_links":{"self":[{"href":"https:\/\/theinvisiblecollection.com\/fr\/wp-json\/wp\/v2\/product\/46186","targetHints":{"allow":["GET"]}}],"collection":[{"href":"https:\/\/theinvisiblecollection.com\/fr\/wp-json\/wp\/v2\/product"}],"about":[{"href":"https:\/\/theinvisiblecollection.com\/fr\/wp-json\/wp\/v2\/types\/product"}],"wp:featuredmedia":[{"embeddable":true,"href":"https:\/\/theinvisiblecollection.com\/fr\/wp-json\/wp\/v2\/media\/82286"}],"wp:attachment":[{"href":"https:\/\/theinvisiblecollection.com\/fr\/wp-json\/wp\/v2\/media?parent=46186"}],"wp:term":[{"taxonomy":"product_brand","embeddable":true,"href":"https:\/\/theinvisiblecollection.com\/fr\/wp-json\/wp\/v2\/product_brand?post=46186"},{"taxonomy":"product_cat","embeddable":true,"href":"https:\/\/theinvisiblecollection.com\/fr\/wp-json\/wp\/v2\/product_cat?post=46186"},{"taxonomy":"product_tag","embeddable":true,"href":"https:\/\/theinvisiblecollection.com\/fr\/wp-json\/wp\/v2\/product_tag?post=46186"},{"taxonomy":"product_designer","embeddable":true,"href":"https:\/\/theinvisiblecollection.com\/fr\/wp-json\/wp\/v2\/product_designer?post=46186"},{"taxonomy":"comfabric","embeddable":true,"href":"https:\/\/theinvisiblecollection.com\/fr\/wp-json\/wp\/v2\/comfabric?post=46186"},{"taxonomy":"manufacturer","embeddable":true,"href":"https:\/\/theinvisiblecollection.com\/fr\/wp-json\/wp\/v2\/manufacturer?post=46186"},{"taxonomy":"reporting_designer","embeddable":true,"href":"https:\/\/theinvisiblecollection.com\/fr\/wp-json\/wp\/v2\/reporting_designer?post=46186"},{"taxonomy":"samplecomfabric","embeddable":true,"href":"https:\/\/theinvisiblecollection.com\/fr\/wp-json\/wp\/v2\/samplecomfabric?post=46186"},{"taxonomy":"clubroom_product_designer","embeddable":true,"href":"https:\/\/theinvisiblecollection.com\/fr\/wp-json\/wp\/v2\/designer_clubroom?post=46186"}],"curies":[{"name":"wp","href":"https:\/\/api.w.org\/{rel}","templated":true}]}}