{"id":4620355,"date":"2024-03-04T09:52:24","date_gmt":"2024-03-04T09:52:24","guid":{"rendered":"https:\/\/theinvisiblecollection.com\/?post_type=product&#038;p=4620355"},"modified":"2026-05-01T07:37:46","modified_gmt":"2026-05-01T07:37:46","slug":"fleur-delesalle-canape-hug","status":"publish","type":"product","link":"https:\/\/theinvisiblecollection.com\/fr\/produit\/fleur-delesalle-canape-hug\/","title":{"rendered":"Canap\u00e9 Hug"},"content":{"rendered":"<p style=\"text-align: justify;\">Le sofa Hug par Fleur Delesalle est accueilli comme une embrassade. Quand vous le regardez de profil, l&#8217;assise et le dossier s&#8217;emboitent comme deux bras entrelac\u00e9s.<\/p>\n<p>Tout en rondeur et en confort, il se caract\u00e9rise par un savant embo\u00eetement entre l&#8217;assise et le dossier, qui s&#8217;enlace et ne se rel\u00e2che jamais&#8230; Une sophistication chaleureuse.<\/p>\n","protected":false},"excerpt":{"rendered":"<p>Table basse avec plateau en laque<br \/>\n\u00c9galement disponible en <a href=\"https:\/\/theinvisiblecollection.com\/fr\/produit\/fleur-delesalle-table-basse-poppy-carrara\/\" target=\"_blank\" rel=\"noopener\"><span style=\"text-decoration: underline;\">marbre carrara<\/span><\/a> et en <a href=\"https:\/\/theinvisiblecollection.com\/fr\/produit\/fleur-delesalle-table-basse-poppy-onyx\/\" target=\"_blank\" rel=\"noopener\"><span style=\"text-decoration: underline;\">onyx<\/span><\/a><br \/>\nBase en ch\u00eane<\/p>\n<p>L 100 x l 130 x H 38 cm<\/p>\n<p>Fabriqu\u00e9e \u00e0 la main en Italie<br \/>\nD\u00e9lais de fabrication : 8 semaines<\/p>\n<p class=\"p1\"><span style=\"text-decoration: underline;\"><span class=\"s1\"><a href=\"https:\/\/www.theinvisiblecollection.com\/fr\/demande-de-devis\/?product_id=1736922\">Contactez-nous pour toute demande de devis ou de renseignements<\/a><\/span><\/span><\/p>\n","protected":false},"featured_media":4630886,"template":"","meta":{"_acf_changed":false,"content-type":"","_themeisle_gutenberg_block_has_review":false},"product_brand":[],"product_cat":[8976,12499],"product_tag":[14925],"product_designer":[21318],"comfabric":[],"manufacturer":[26712],"reporting_designer":[37482],"samplecomfabric":[],"designer_clubroom":[],"class_list":{"0":"post-4620355","1":"product","2":"type-product","3":"status-publish","4":"has-post-thumbnail","6":"product_cat-canapes","7":"product_cat-assises","8":"product_tag-hpfav-fr","9":"pa_size-moyen-fr","10":"pa_size-petit-fr","11":"product_designer-fleur-delesalle-fr","12":"manufacturer-laurent-transport-fr","13":"reporting_designer-fleur-delesalle","15":"first","16":"instock","17":"taxable","18":"shipping-taxable","19":"purchasable","20":"product-type-variable"},"acf":[],"_links":{"self":[{"href":"https:\/\/theinvisiblecollection.com\/fr\/wp-json\/wp\/v2\/product\/4620355","targetHints":{"allow":["GET"]}}],"collection":[{"href":"https:\/\/theinvisiblecollection.com\/fr\/wp-json\/wp\/v2\/product"}],"about":[{"href":"https:\/\/theinvisiblecollection.com\/fr\/wp-json\/wp\/v2\/types\/product"}],"wp:featuredmedia":[{"embeddable":true,"href":"https:\/\/theinvisiblecollection.com\/fr\/wp-json\/wp\/v2\/media\/4630886"}],"wp:attachment":[{"href":"https:\/\/theinvisiblecollection.com\/fr\/wp-json\/wp\/v2\/media?parent=4620355"}],"wp:term":[{"taxonomy":"product_brand","embeddable":true,"href":"https:\/\/theinvisiblecollection.com\/fr\/wp-json\/wp\/v2\/product_brand?post=4620355"},{"taxonomy":"product_cat","embeddable":true,"href":"https:\/\/theinvisiblecollection.com\/fr\/wp-json\/wp\/v2\/product_cat?post=4620355"},{"taxonomy":"product_tag","embeddable":true,"href":"https:\/\/theinvisiblecollection.com\/fr\/wp-json\/wp\/v2\/product_tag?post=4620355"},{"taxonomy":"product_designer","embeddable":true,"href":"https:\/\/theinvisiblecollection.com\/fr\/wp-json\/wp\/v2\/product_designer?post=4620355"},{"taxonomy":"comfabric","embeddable":true,"href":"https:\/\/theinvisiblecollection.com\/fr\/wp-json\/wp\/v2\/comfabric?post=4620355"},{"taxonomy":"manufacturer","embeddable":true,"href":"https:\/\/theinvisiblecollection.com\/fr\/wp-json\/wp\/v2\/manufacturer?post=4620355"},{"taxonomy":"reporting_designer","embeddable":true,"href":"https:\/\/theinvisiblecollection.com\/fr\/wp-json\/wp\/v2\/reporting_designer?post=4620355"},{"taxonomy":"samplecomfabric","embeddable":true,"href":"https:\/\/theinvisiblecollection.com\/fr\/wp-json\/wp\/v2\/samplecomfabric?post=4620355"},{"taxonomy":"clubroom_product_designer","embeddable":true,"href":"https:\/\/theinvisiblecollection.com\/fr\/wp-json\/wp\/v2\/designer_clubroom?post=4620355"}],"curies":[{"name":"wp","href":"https:\/\/api.w.org\/{rel}","templated":true}]}}