{"id":4621031,"date":"2024-01-12T15:44:08","date_gmt":"2024-01-12T15:44:08","guid":{"rendered":"https:\/\/theinvisiblecollection.com\/?post_type=product&#038;p=4621031"},"modified":"2026-05-01T07:37:46","modified_gmt":"2026-05-01T07:37:46","slug":"hamrei-tabouret-bolo","status":"publish","type":"product","link":"https:\/\/theinvisiblecollection.com\/fr\/produit\/hamrei-tabouret-bolo\/","title":{"rendered":"Tabouret Bolo"},"content":{"rendered":"<p style=\"text-align: justify;\"><span class=\"TextRun SCXW138148409 BCX8\" lang=\"FR\" xml:lang=\"FR\" data-contrast=\"auto\"><span class=\"NormalTextRun SCXW138148409 BCX8\">Le tabouret Bolo de Hamrei est un rappel ludique du plaisir innocent et enfantin de d\u00e9guster de d\u00e9licieux g\u00e2teaux. Bolo est le mot portugais pour &#8220;g\u00e2teau&#8221; &#8211; les couches douces, invitantes et somptueuses vous rappellent ce moment o\u00f9 vous tranchez un gros g\u00e2teau d&#8217;apparence lourde pour r\u00e9v\u00e9ler les couches d\u00e9lectables qu&#8217;il contient. Les si\u00e8ges Bolo inversent la tentation sucr\u00e9e vers l&#8217;ext\u00e9rieur, invitant les gens \u00e0 s&#8217;asseoir, \u00e0 toucher, \u00e0 savourer. <\/span><\/span><span class=\"EOP SCXW138148409 BCX8\" data-ccp-props=\"{&quot;134233117&quot;:false,&quot;134233118&quot;:false,&quot;335551550&quot;:6,&quot;335551620&quot;:6,&quot;335559738&quot;:0,&quot;335559739&quot;:0}\">\u00a0<\/span><\/p>\n","protected":false},"excerpt":{"rendered":"<p>Tabouret photographi\u00e9 ici en tissu Brecon de Tibor, couleur \u00e9cru<br \/>\n<span style=\"text-decoration: underline;\"><a href=\"https:\/\/theinvisiblecollection.com\/wp-content\/uploads\/2022\/02\/TheInvisibleCollection_Fabric_Selection_Tibor_compressed.pdf\" target=\"_blank\" rel=\"noopener\">D\u00e9couvrez la s\u00e9lection de tissus ici<\/a><\/span><br \/>\n\u00c9galement disponible dans le tissu de votre choix sur demande<br \/>\nStructure en acier noirci textur\u00e9<\/p>\n<p>\u00d8 38 x H 44 cm<br \/>\nTissu requis : 1 m<\/p>\n<p class=\"p1\">Fabriqu\u00e9 \u00e0 la main au Portugal \/ Royaume-Uni<br \/>\nD\u00e9lais de fabrication : 12 semaines<\/p>\n<p class=\"p2\"><span class=\"s1\"><a href=\"https:\/\/www.theinvisiblecollection.com\/fr\/demande-de-devis\/?product_id=603506\" target=\"_blank\" rel=\"noopener\">Contactez-nous pour toute demande de devis ou de renseignements<\/a><\/span><\/p>\n","protected":false},"featured_media":4621132,"template":"","meta":{"_acf_changed":false,"content-type":"","_themeisle_gutenberg_block_has_review":false},"product_brand":[],"product_cat":[8969,12499],"product_tag":[],"product_designer":[15640],"comfabric":[28924],"manufacturer":[26775],"reporting_designer":[37794],"samplecomfabric":[30792],"designer_clubroom":[],"class_list":{"0":"post-4621031","1":"product","2":"type-product","3":"status-publish","4":"has-post-thumbnail","6":"product_cat-ottomans-tabourets","7":"product_cat-assises","8":"pa_size-grand-fr","9":"pa_size-petit","10":"product_designer-hamrei-fr","11":"comfabric-hamrei-atelier-lisbon-matinha-fr","12":"manufacturer-hamrei-atelier-lisbon-matinha-fr","13":"reporting_designer-hamrei","14":"samplecomfabric-hamrei-atelier-lisbon-matinha-fr","16":"first","17":"instock","18":"taxable","19":"shipping-taxable","20":"purchasable","21":"product-type-variable"},"acf":[],"_links":{"self":[{"href":"https:\/\/theinvisiblecollection.com\/fr\/wp-json\/wp\/v2\/product\/4621031","targetHints":{"allow":["GET"]}}],"collection":[{"href":"https:\/\/theinvisiblecollection.com\/fr\/wp-json\/wp\/v2\/product"}],"about":[{"href":"https:\/\/theinvisiblecollection.com\/fr\/wp-json\/wp\/v2\/types\/product"}],"wp:featuredmedia":[{"embeddable":true,"href":"https:\/\/theinvisiblecollection.com\/fr\/wp-json\/wp\/v2\/media\/4621132"}],"wp:attachment":[{"href":"https:\/\/theinvisiblecollection.com\/fr\/wp-json\/wp\/v2\/media?parent=4621031"}],"wp:term":[{"taxonomy":"product_brand","embeddable":true,"href":"https:\/\/theinvisiblecollection.com\/fr\/wp-json\/wp\/v2\/product_brand?post=4621031"},{"taxonomy":"product_cat","embeddable":true,"href":"https:\/\/theinvisiblecollection.com\/fr\/wp-json\/wp\/v2\/product_cat?post=4621031"},{"taxonomy":"product_tag","embeddable":true,"href":"https:\/\/theinvisiblecollection.com\/fr\/wp-json\/wp\/v2\/product_tag?post=4621031"},{"taxonomy":"product_designer","embeddable":true,"href":"https:\/\/theinvisiblecollection.com\/fr\/wp-json\/wp\/v2\/product_designer?post=4621031"},{"taxonomy":"comfabric","embeddable":true,"href":"https:\/\/theinvisiblecollection.com\/fr\/wp-json\/wp\/v2\/comfabric?post=4621031"},{"taxonomy":"manufacturer","embeddable":true,"href":"https:\/\/theinvisiblecollection.com\/fr\/wp-json\/wp\/v2\/manufacturer?post=4621031"},{"taxonomy":"reporting_designer","embeddable":true,"href":"https:\/\/theinvisiblecollection.com\/fr\/wp-json\/wp\/v2\/reporting_designer?post=4621031"},{"taxonomy":"samplecomfabric","embeddable":true,"href":"https:\/\/theinvisiblecollection.com\/fr\/wp-json\/wp\/v2\/samplecomfabric?post=4621031"},{"taxonomy":"clubroom_product_designer","embeddable":true,"href":"https:\/\/theinvisiblecollection.com\/fr\/wp-json\/wp\/v2\/designer_clubroom?post=4621031"}],"curies":[{"name":"wp","href":"https:\/\/api.w.org\/{rel}","templated":true}]}}