{"id":4621271,"date":"2024-02-12T09:52:38","date_gmt":"2024-02-12T09:52:38","guid":{"rendered":"https:\/\/theinvisiblecollection.com\/?post_type=product&#038;p=4621271"},"modified":"2026-05-01T07:37:46","modified_gmt":"2026-05-01T07:37:46","slug":"hamrei-canape-umbo","status":"publish","type":"product","link":"https:\/\/theinvisiblecollection.com\/fr\/produit\/hamrei-canape-umbo\/","title":{"rendered":"Canap\u00e9 Umbo"},"content":{"rendered":"<p style=\"text-align: justify;\"><span class=\"TextRun SCXW232369966 BCX8\" lang=\"FR\" xml:lang=\"FR\" data-contrast=\"auto\"><span class=\"NormalTextRun SCXW232369966 BCX8\">Le canap\u00e9 Umbo de Hamrei doit son nom \u00e0 l&#8217;une des premi\u00e8res parties qui se forme dans l&#8217;hu\u00eetre en formation. Il se caract\u00e9rise par des courbes sexy et voluptueuses, mises en valeur par les mains habiles du ma\u00eetre artisan gr\u00e2ce \u00e0 un rembourrage sans couture frontale. La douceur de la forme va de pair avec le confort du rembourrage et est subtilement rehauss\u00e9e par l&#8217;ajout final de perles ou de points de croix cousus dans le dossier.<\/span><\/span><span class=\"EOP SCXW232369966 BCX8\" data-ccp-props=\"{&quot;134233117&quot;:false,&quot;134233118&quot;:false,&quot;335551550&quot;:6,&quot;335551620&quot;:6,&quot;335559738&quot;:0,&quot;335559739&quot;:0}\">\u00a0<\/span><\/p>\n","protected":false},"excerpt":{"rendered":"<p>Le canap\u00e9 Umbo de Hamrei doit son nom \u00e0 l&#8217;une des premi\u00e8res parties qui se forme dans l&#8217;hu\u00eetre en formation. Il se caract\u00e9rise par des courbes sexy et voluptueuses, mises en valeur par les mains habiles du ma\u00eetre artisan gr\u00e2ce \u00e0 un rembourrage sans couture frontale. La douceur de la forme va de pair avec [&hellip;]<\/p>\n","protected":false},"featured_media":4621260,"template":"","meta":{"_acf_changed":false,"content-type":"","_themeisle_gutenberg_block_has_review":false},"product_brand":[],"product_cat":[8976,12499],"product_tag":[7435,14925,35206],"product_designer":[15640],"comfabric":[28924],"manufacturer":[26773],"reporting_designer":[37794],"samplecomfabric":[30792],"designer_clubroom":[],"class_list":{"0":"post-4621271","1":"product","2":"type-product","3":"status-publish","4":"has-post-thumbnail","6":"product_cat-canapes","7":"product_cat-assises","8":"product_tag-new-in-fr","9":"product_tag-hpfav-fr","10":"product_tag-exclusive-fr","11":"pa_size-grand-fr","12":"pa_size-mini","13":"pa_size-moyen-fr","14":"pa_size-petit","15":"product_designer-hamrei-fr","16":"comfabric-hamrei-atelier-lisbon-matinha-fr","17":"manufacturer-hamrei-atelier-lisbon-flix-correia-fr","18":"reporting_designer-hamrei","19":"samplecomfabric-hamrei-atelier-lisbon-matinha-fr","21":"first","22":"instock","23":"taxable","24":"shipping-taxable","25":"purchasable","26":"product-type-variable"},"acf":[],"_links":{"self":[{"href":"https:\/\/theinvisiblecollection.com\/fr\/wp-json\/wp\/v2\/product\/4621271","targetHints":{"allow":["GET"]}}],"collection":[{"href":"https:\/\/theinvisiblecollection.com\/fr\/wp-json\/wp\/v2\/product"}],"about":[{"href":"https:\/\/theinvisiblecollection.com\/fr\/wp-json\/wp\/v2\/types\/product"}],"wp:featuredmedia":[{"embeddable":true,"href":"https:\/\/theinvisiblecollection.com\/fr\/wp-json\/wp\/v2\/media\/4621260"}],"wp:attachment":[{"href":"https:\/\/theinvisiblecollection.com\/fr\/wp-json\/wp\/v2\/media?parent=4621271"}],"wp:term":[{"taxonomy":"product_brand","embeddable":true,"href":"https:\/\/theinvisiblecollection.com\/fr\/wp-json\/wp\/v2\/product_brand?post=4621271"},{"taxonomy":"product_cat","embeddable":true,"href":"https:\/\/theinvisiblecollection.com\/fr\/wp-json\/wp\/v2\/product_cat?post=4621271"},{"taxonomy":"product_tag","embeddable":true,"href":"https:\/\/theinvisiblecollection.com\/fr\/wp-json\/wp\/v2\/product_tag?post=4621271"},{"taxonomy":"product_designer","embeddable":true,"href":"https:\/\/theinvisiblecollection.com\/fr\/wp-json\/wp\/v2\/product_designer?post=4621271"},{"taxonomy":"comfabric","embeddable":true,"href":"https:\/\/theinvisiblecollection.com\/fr\/wp-json\/wp\/v2\/comfabric?post=4621271"},{"taxonomy":"manufacturer","embeddable":true,"href":"https:\/\/theinvisiblecollection.com\/fr\/wp-json\/wp\/v2\/manufacturer?post=4621271"},{"taxonomy":"reporting_designer","embeddable":true,"href":"https:\/\/theinvisiblecollection.com\/fr\/wp-json\/wp\/v2\/reporting_designer?post=4621271"},{"taxonomy":"samplecomfabric","embeddable":true,"href":"https:\/\/theinvisiblecollection.com\/fr\/wp-json\/wp\/v2\/samplecomfabric?post=4621271"},{"taxonomy":"clubroom_product_designer","embeddable":true,"href":"https:\/\/theinvisiblecollection.com\/fr\/wp-json\/wp\/v2\/designer_clubroom?post=4621271"}],"curies":[{"name":"wp","href":"https:\/\/api.w.org\/{rel}","templated":true}]}}