{"id":4621282,"date":"2024-01-12T16:06:22","date_gmt":"2024-01-12T16:06:22","guid":{"rendered":"https:\/\/theinvisiblecollection.com\/?post_type=product&#038;p=4621282"},"modified":"2026-05-01T07:37:46","modified_gmt":"2026-05-01T07:37:46","slug":"hamrei-fauteuil-chill","status":"publish","type":"product","link":"https:\/\/theinvisiblecollection.com\/fr\/produit\/hamrei-fauteuil-chill\/","title":{"rendered":"Fauteuil Chill"},"content":{"rendered":"<p style=\"text-align: justify;\"><span data-contrast=\"auto\">Le fauteuil Chill de Hamrei est un hommage au sculpteur basque Eduardo Chillida. Il fait r\u00e9f\u00e9rence \u00e0 ses formes g\u00e9n\u00e9reuses, audacieuses, presque brutales, \u00e9quilibr\u00e9es par des lignes po\u00e9tiques et un rythme de forme. Il s&#8217;agit d&#8217;abord d&#8217;une sculpture dans la conception, avec la fonctionnalit\u00e9 suppl\u00e9mentaire de son objectif de conception. <\/span><span data-contrast=\"auto\">Des heures de dur labeur manuel avec des mat\u00e9riaux solides comme le ch\u00eane fran\u00e7ais massif, le verre de Murano moul\u00e9 et la douceur du somptueux rembourrage en alpaga. Cette pi\u00e8ce est le fruit du travail de plusieurs mains expertes et de leur patience.<\/span><span data-ccp-props=\"{&quot;134233117&quot;:false,&quot;134233118&quot;:false,&quot;335551550&quot;:6,&quot;335551620&quot;:6,&quot;335559738&quot;:0,&quot;335559739&quot;:0}\">\u00a0<\/span><\/p>\n","protected":false},"excerpt":{"rendered":"<p>Le fauteuil Chill de Hamrei est un hommage au sculpteur basque Eduardo Chillida. Il fait r\u00e9f\u00e9rence \u00e0 ses formes g\u00e9n\u00e9reuses, audacieuses, presque brutales, \u00e9quilibr\u00e9es par des lignes po\u00e9tiques et un rythme de forme. Il s&#8217;agit d&#8217;abord d&#8217;une sculpture dans la conception, avec la fonctionnalit\u00e9 suppl\u00e9mentaire de son objectif de conception. Des heures de dur labeur [&hellip;]<\/p>\n","protected":false},"featured_media":4641186,"template":"","meta":{"_acf_changed":false,"content-type":"","_themeisle_gutenberg_block_has_review":false},"product_brand":[],"product_cat":[8945,12499],"product_tag":[],"product_designer":[15640],"comfabric":[28924],"manufacturer":[26775],"reporting_designer":[37794],"samplecomfabric":[30792],"designer_clubroom":[],"class_list":{"0":"post-4621282","1":"product","2":"type-product","3":"status-publish","4":"has-post-thumbnail","6":"product_cat-fauteuils","7":"product_cat-assises","8":"product_designer-hamrei-fr","9":"comfabric-hamrei-atelier-lisbon-matinha-fr","10":"manufacturer-hamrei-atelier-lisbon-matinha-fr","11":"reporting_designer-hamrei","12":"samplecomfabric-hamrei-atelier-lisbon-matinha-fr","13":"exhibitions-new-york-fr","15":"first","16":"instock","17":"taxable","18":"shipping-taxable","19":"purchasable","20":"product-type-variable"},"acf":[],"_links":{"self":[{"href":"https:\/\/theinvisiblecollection.com\/fr\/wp-json\/wp\/v2\/product\/4621282","targetHints":{"allow":["GET"]}}],"collection":[{"href":"https:\/\/theinvisiblecollection.com\/fr\/wp-json\/wp\/v2\/product"}],"about":[{"href":"https:\/\/theinvisiblecollection.com\/fr\/wp-json\/wp\/v2\/types\/product"}],"wp:featuredmedia":[{"embeddable":true,"href":"https:\/\/theinvisiblecollection.com\/fr\/wp-json\/wp\/v2\/media\/4641186"}],"wp:attachment":[{"href":"https:\/\/theinvisiblecollection.com\/fr\/wp-json\/wp\/v2\/media?parent=4621282"}],"wp:term":[{"taxonomy":"product_brand","embeddable":true,"href":"https:\/\/theinvisiblecollection.com\/fr\/wp-json\/wp\/v2\/product_brand?post=4621282"},{"taxonomy":"product_cat","embeddable":true,"href":"https:\/\/theinvisiblecollection.com\/fr\/wp-json\/wp\/v2\/product_cat?post=4621282"},{"taxonomy":"product_tag","embeddable":true,"href":"https:\/\/theinvisiblecollection.com\/fr\/wp-json\/wp\/v2\/product_tag?post=4621282"},{"taxonomy":"product_designer","embeddable":true,"href":"https:\/\/theinvisiblecollection.com\/fr\/wp-json\/wp\/v2\/product_designer?post=4621282"},{"taxonomy":"comfabric","embeddable":true,"href":"https:\/\/theinvisiblecollection.com\/fr\/wp-json\/wp\/v2\/comfabric?post=4621282"},{"taxonomy":"manufacturer","embeddable":true,"href":"https:\/\/theinvisiblecollection.com\/fr\/wp-json\/wp\/v2\/manufacturer?post=4621282"},{"taxonomy":"reporting_designer","embeddable":true,"href":"https:\/\/theinvisiblecollection.com\/fr\/wp-json\/wp\/v2\/reporting_designer?post=4621282"},{"taxonomy":"samplecomfabric","embeddable":true,"href":"https:\/\/theinvisiblecollection.com\/fr\/wp-json\/wp\/v2\/samplecomfabric?post=4621282"},{"taxonomy":"clubroom_product_designer","embeddable":true,"href":"https:\/\/theinvisiblecollection.com\/fr\/wp-json\/wp\/v2\/designer_clubroom?post=4621282"}],"curies":[{"name":"wp","href":"https:\/\/api.w.org\/{rel}","templated":true}]}}