{"id":46248,"date":"2020-07-13T09:56:15","date_gmt":"2020-07-13T08:56:15","guid":{"rendered":"https:\/\/www.theinvisiblecollection.com\/?post_type=product&#038;p=46248"},"modified":"2026-05-08T04:40:52","modified_gmt":"2026-05-08T04:40:52","slug":"noma-editions-fauteuil-art","status":"publish","type":"product","link":"https:\/\/theinvisiblecollection.com\/fr\/produit\/noma-editions-fauteuil-art\/","title":{"rendered":"Fauteuil Art"},"content":{"rendered":"<p style=\"text-align: justify;\">\u00ab\u00a0Le fauteuil Art cherche \u00e0 valoriser une mati\u00e8re artisanale m\u00e9connue cr\u00e9\u00e9e \u00e0 partir du recyclage de plastiques provenant de diff\u00e9rentes industries : emballage, agro-alimentaire. L\u2019\u00e9paisse assise est une invitation \u00e0 s\u2019asseoir et on se laisse envelopper par cette \u00e9tonnante carapace. \u0152uvre d\u2019art pour les uns, elle est discr\u00e8te et \u00e9l\u00e9gante pour les autres. Cette mati\u00e8re interroge et ne laisse pas tout \u00e0 fait indiff\u00e9rent, comme ce fauteuil.\u00a0\u00bb<\/p>\n<p style=\"text-align: justify;\">Art est un (petit) fauteuil confortable. Il est compos\u00e9 d\u2019une coque en plastique recycl\u00e9 cintr\u00e9, fix\u00e9 sur une structure en acier. Il est tapiss\u00e9 d\u2019un tissu en polyester recycl\u00e9. La mousse qui le compose est \u00e0 33% recycl\u00e9e.<\/p>\n","protected":false},"excerpt":{"rendered":"<p>Design par Charlotte Juillard<br \/>\nStructure en m\u00e9tal, dossier externe en plastique recycl\u00e9, mousse (en partie recycl\u00e9e), structure interne en bois<br \/>\nTissu con\u00e7u \u00e0 partir de fils recycl\u00e9s<br \/>\nArt est compos\u00e9 \u00e0 77,5% de mati\u00e8res recycl\u00e9es<\/p>\n<p>Mat\u00e9riaux disponibles:<br \/>\nAlba : dossier en plastique recycl\u00e9 blanc, structure en m\u00e9tal blanc, tissu gris clair Kvadrat Messenger 5<br \/>\nKaleido : dossier en plastique recycl\u00e9 multicolor, structure blanche, tissu blanc Kvadrat Messenger 5<br \/>\n<span style=\"text-decoration: underline;\"><a href=\"https:\/\/www.theinvisiblecollection.com\/wp-content\/uploads\/2020\/05\/TIC_NomaEditions_Messenger5_Samples-1.pdf\" target=\"_blank\" rel=\"noopener\">D\u00e9couvrez la s\u00e9lection de tissus ici<\/a><\/span><br \/>\nMat\u00e9riaux sur mesure, sur demande<\/p>\n<p>L 70 x l 65 x H 72 cm<br \/>\nHauteur d\u2019assise :\u00a045 cm<\/p>\n<p>&nbsp;<\/p>\n<p>Fabriqu\u00e9 \u00e0 la main en France<br \/>\nD\u00e9lais de production :\u00a010 semaines<\/p>\n<p class=\"p1\"><span class=\"s1\"><a href=\"https:\/\/www.theinvisiblecollection.com\/fr\/demande-de-devis\/?product_id=46248\">Contactez-nous pour toute demande de devis ou de renseignements<\/a><\/span><\/p><\/p>\n","protected":false},"featured_media":82290,"template":"","meta":{"_acf_changed":false,"content-type":"","_themeisle_gutenberg_block_has_review":false},"product_brand":[],"product_cat":[12499,8945],"product_tag":[8993,9017,9150,10159,10172,11334,11335,11337,8942],"product_designer":[10118],"comfabric":[],"manufacturer":[20335],"reporting_designer":[37572],"samplecomfabric":[],"designer_clubroom":[],"class_list":{"0":"post-46248","1":"product","2":"type-product","3":"status-publish","4":"has-post-thumbnail","6":"product_cat-assises","7":"product_cat-fauteuils","8":"product_tag-salon","9":"product_tag-chaise","10":"product_tag-fauteuil-fr-2","11":"product_tag-noma-editions-fr","12":"product_tag-salon-fr-3","13":"product_tag-eco-friendly-fr","14":"product_tag-eco-design","15":"product_tag-durable","16":"product_tag-assise","17":"product_designer-noma-editions-fr","18":"manufacturer-noma-atelier-maam-fr","19":"reporting_designer-noma-editions","21":"first","22":"instock","23":"taxable","24":"shipping-taxable","25":"purchasable","26":"product-type-variable"},"acf":[],"_links":{"self":[{"href":"https:\/\/theinvisiblecollection.com\/fr\/wp-json\/wp\/v2\/product\/46248","targetHints":{"allow":["GET"]}}],"collection":[{"href":"https:\/\/theinvisiblecollection.com\/fr\/wp-json\/wp\/v2\/product"}],"about":[{"href":"https:\/\/theinvisiblecollection.com\/fr\/wp-json\/wp\/v2\/types\/product"}],"wp:featuredmedia":[{"embeddable":true,"href":"https:\/\/theinvisiblecollection.com\/fr\/wp-json\/wp\/v2\/media\/82290"}],"wp:attachment":[{"href":"https:\/\/theinvisiblecollection.com\/fr\/wp-json\/wp\/v2\/media?parent=46248"}],"wp:term":[{"taxonomy":"product_brand","embeddable":true,"href":"https:\/\/theinvisiblecollection.com\/fr\/wp-json\/wp\/v2\/product_brand?post=46248"},{"taxonomy":"product_cat","embeddable":true,"href":"https:\/\/theinvisiblecollection.com\/fr\/wp-json\/wp\/v2\/product_cat?post=46248"},{"taxonomy":"product_tag","embeddable":true,"href":"https:\/\/theinvisiblecollection.com\/fr\/wp-json\/wp\/v2\/product_tag?post=46248"},{"taxonomy":"product_designer","embeddable":true,"href":"https:\/\/theinvisiblecollection.com\/fr\/wp-json\/wp\/v2\/product_designer?post=46248"},{"taxonomy":"comfabric","embeddable":true,"href":"https:\/\/theinvisiblecollection.com\/fr\/wp-json\/wp\/v2\/comfabric?post=46248"},{"taxonomy":"manufacturer","embeddable":true,"href":"https:\/\/theinvisiblecollection.com\/fr\/wp-json\/wp\/v2\/manufacturer?post=46248"},{"taxonomy":"reporting_designer","embeddable":true,"href":"https:\/\/theinvisiblecollection.com\/fr\/wp-json\/wp\/v2\/reporting_designer?post=46248"},{"taxonomy":"samplecomfabric","embeddable":true,"href":"https:\/\/theinvisiblecollection.com\/fr\/wp-json\/wp\/v2\/samplecomfabric?post=46248"},{"taxonomy":"clubroom_product_designer","embeddable":true,"href":"https:\/\/theinvisiblecollection.com\/fr\/wp-json\/wp\/v2\/designer_clubroom?post=46248"}],"curies":[{"name":"wp","href":"https:\/\/api.w.org\/{rel}","templated":true}]}}